{"id":434625,"date":"2024-10-09T09:15:32","date_gmt":"2024-10-09T07:15:32","guid":{"rendered":"https:\/\/transfercasepartshop.com\/nem-kategorizalt\/kugeln-atc35l-atc350-atc45l-atc450\/"},"modified":"2026-03-01T21:48:25","modified_gmt":"2026-03-01T20:48:25","slug":"kugeln-atc35l-atc350-atc45l-atc450","status":"publish","type":"product","link":"https:\/\/transfercasepartshop.com\/de\/bmw-de\/kugeln-atc35l-atc350-atc45l-atc450\/","title":{"rendered":"Kugeln (ATC35L, ATC350, ATC45L, ATC450)"},"content":{"rendered":"<p>Ein unverzichtbares Bestandteil der Kupplungskonstruktion. Das Anpressen der Federn aneinander unterst\u00fctzt wesentlich das ordnungsgem\u00e4\u00dfe Schlie\u00dfen der Kupplung.<\/p>","protected":false},"excerpt":{"rendered":"<p>Kugel<\/p>","protected":false},"featured_media":435305,"comment_status":"closed","ping_status":"closed","template":"","meta":{"_acf_changed":false},"product_brand":[],"product_cat":[126,136,131,141,132],"product_tag":[249,392],"class_list":{"0":"post-434625","1":"product","2":"type-product","3":"status-publish","4":"has-post-thumbnail","6":"product_cat-bmw-de","7":"product_cat-atc350-de","8":"product_cat-atc35l-de","9":"product_cat-atc450-de","10":"product_cat-atc45l-de","11":"product_tag-kupplung-ersatzteile","12":"product_tag-magna-powertrain-de","13":"infinite-scroll-item","14":"no-featured-image-padding","15":"resize-featured-image","16":"sales-flash-overlay","17":"woocommerce-text-align-center","18":"woocommerce-image-align-center","19":"wc-has-gallery","21":"first","22":"instock","23":"taxable","24":"shipping-taxable","25":"purchasable","26":"product-type-simple"},"acf":{"s-tec_number":"SP01666","oem-ref":"","tartalom":"Die Packung enth\u00e4lt 5 Kugeln","lamella-alert":"","transfer_case_application_v2":["BMW ATC350 2008-2015 7 series F01, F02","BMW ATC350 2009-2015 X1 E84","BMW ATC350 2010-2016 5 series F07 GT, F10, F11","BMW ATC35L 2008-2015 7 series F01, F01 LCI, F02 LCI","BMW ATC35L 2009-2015 X1 E84","BMW ATC35L 2010-2016 5 series F10, F10 LCI, F11, F11 LCI, F07 GT, F07 GT LCI","BMW ATC35L 2011-2017 6 series F06, F06 LCI, F12, F12 LCI, F13 F13 LCI","BMW ATC35L 2011-2019 1 series F20, F20 LCI, F21, F21 LCI","BMW ATC35L 2012-2018 3 series F30, F30 LCI, F31, F31 LCI, F34 GT, F34 GT LCI","BMW ATC35L 2013- 4 series F32, F32 LCI, F33, F33 LCI","BMW ATC35L 2014- 2 series F22","BMW ATC450 2006-2013 X5 E70, E70 LCI","BMW ATC450 2010-2017 X3 F25","BMW ATC45L 2006-2013 X5 E70, E70 LCI","BMW ATC45L 2008-2014 X6 E71, E72 hybrid","BMW ATC45L 2010-2017 X3 F25","BMW ATC45L 2013-2018 X5 F15","BMW ATC45L 2014- X6 M F86","BMW ATC45L 2014-2018 X4 F26","BMW ATC45L 2014-2018 X6 F16"],"transfer_case_application":"","kulso_raktar":30,"google_ads_kep":434404,"gtin":9009381074427},"_links":{"self":[{"href":"https:\/\/transfercasepartshop.com\/de\/wp-json\/wp\/v2\/product\/434625","targetHints":{"allow":["GET"]}}],"collection":[{"href":"https:\/\/transfercasepartshop.com\/de\/wp-json\/wp\/v2\/product"}],"about":[{"href":"https:\/\/transfercasepartshop.com\/de\/wp-json\/wp\/v2\/types\/product"}],"replies":[{"embeddable":true,"href":"https:\/\/transfercasepartshop.com\/de\/wp-json\/wp\/v2\/comments?post=434625"}],"wp:featuredmedia":[{"embeddable":true,"href":"https:\/\/transfercasepartshop.com\/de\/wp-json\/wp\/v2\/media\/435305"}],"wp:attachment":[{"href":"https:\/\/transfercasepartshop.com\/de\/wp-json\/wp\/v2\/media?parent=434625"}],"wp:term":[{"taxonomy":"product_brand","embeddable":true,"href":"https:\/\/transfercasepartshop.com\/de\/wp-json\/wp\/v2\/product_brand?post=434625"},{"taxonomy":"product_cat","embeddable":true,"href":"https:\/\/transfercasepartshop.com\/de\/wp-json\/wp\/v2\/product_cat?post=434625"},{"taxonomy":"product_tag","embeddable":true,"href":"https:\/\/transfercasepartshop.com\/de\/wp-json\/wp\/v2\/product_tag?post=434625"}],"curies":[{"name":"wp","href":"https:\/\/api.w.org\/{rel}","templated":true}]}}