{"id":433656,"date":"2024-09-18T09:41:15","date_gmt":"2024-09-18T07:41:15","guid":{"rendered":"https:\/\/transfercasepartshop.com\/?post_type=product&#038;p=433656"},"modified":"2024-11-24T12:40:49","modified_gmt":"2024-11-24T11:40:49","slug":"aktuatorring-maserati-atc-2","status":"publish","type":"product","link":"https:\/\/transfercasepartshop.com\/de\/maserati-atc-de\/aktuatorring-maserati-atc-2\/","title":{"rendered":"Aktuatorring (Maserati ATC)"},"content":{"rendered":"<p>Diese im Verteilergetriebe befindlichen Lager gew\u00e4hrleisten die Abst\u00fctzung der Achsen und die Ausgewogenheit der Kraft\u00fcbertragung des geeigneten Drehmoments.<\/p>","protected":false},"excerpt":{"rendered":"<p>Diese im Verteilergetriebe befindlichen Lager gew\u00e4hrleisten die Abst\u00fctzung der Achsen und die Ausgewogenheit der Kraft\u00fcbertragung des geeigneten Drehmoments.<\/p>","protected":false},"featured_media":407448,"comment_status":"open","ping_status":"closed","template":"","meta":{"_acf_changed":false},"product_brand":[],"product_cat":[173],"product_tag":[249,392],"class_list":{"0":"post-433656","1":"product","2":"type-product","3":"status-publish","4":"has-post-thumbnail","6":"product_cat-maserati-atc-de","7":"product_tag-kupplung-ersatzteile","8":"product_tag-magna-powertrain-de","9":"infinite-scroll-item","10":"no-featured-image-padding","11":"resize-featured-image","12":"sales-flash-overlay","13":"woocommerce-text-align-center","14":"woocommerce-image-align-center","15":"wc-has-gallery","17":"first","18":"instock","19":"taxable","20":"shipping-taxable","21":"purchasable","22":"product-type-simple"},"acf":{"s-tec_number":"SP01661","oem-ref":"","tartalom":"","lamella-alert":"","transfer_case_application_v2":["Maserati ATC 2013- Ghibli","Maserati ATC 2013- Quattroporte","Maserati ATC 2016- Levante"],"transfer_case_application":"","kulso_raktar":1,"google_ads_kep":430433,"gtin":9009381074373},"_links":{"self":[{"href":"https:\/\/transfercasepartshop.com\/de\/wp-json\/wp\/v2\/product\/433656","targetHints":{"allow":["GET"]}}],"collection":[{"href":"https:\/\/transfercasepartshop.com\/de\/wp-json\/wp\/v2\/product"}],"about":[{"href":"https:\/\/transfercasepartshop.com\/de\/wp-json\/wp\/v2\/types\/product"}],"replies":[{"embeddable":true,"href":"https:\/\/transfercasepartshop.com\/de\/wp-json\/wp\/v2\/comments?post=433656"}],"wp:featuredmedia":[{"embeddable":true,"href":"https:\/\/transfercasepartshop.com\/de\/wp-json\/wp\/v2\/media\/407448"}],"wp:attachment":[{"href":"https:\/\/transfercasepartshop.com\/de\/wp-json\/wp\/v2\/media?parent=433656"}],"wp:term":[{"taxonomy":"product_brand","embeddable":true,"href":"https:\/\/transfercasepartshop.com\/de\/wp-json\/wp\/v2\/product_brand?post=433656"},{"taxonomy":"product_cat","embeddable":true,"href":"https:\/\/transfercasepartshop.com\/de\/wp-json\/wp\/v2\/product_cat?post=433656"},{"taxonomy":"product_tag","embeddable":true,"href":"https:\/\/transfercasepartshop.com\/de\/wp-json\/wp\/v2\/product_tag?post=433656"}],"curies":[{"name":"wp","href":"https:\/\/api.w.org\/{rel}","templated":true}]}}