{"id":431339,"date":"2021-11-17T15:04:13","date_gmt":"2024-03-06T11:47:07","guid":{"rendered":"https:\/\/transfercasepartshop.com\/unkategorisiert\/schaftverlaengerung-atc400\/"},"modified":"2026-03-23T09:56:59","modified_gmt":"2026-03-23T08:56:59","slug":"flansch-kit-hinten-atc400-3","status":"publish","type":"product","link":"https:\/\/transfercasepartshop.com\/de\/bmw-de\/atc400-de\/flansch-kit-hinten-atc400-3\/","title":{"rendered":"Flansch Kit Hinten (ATC400)"},"content":{"rendered":"<p>Diese Ausgangseinheit ist verbunden mit der Kardanwelle und unterst\u00fctzt damit die korrekte und einheitliche Kraft\u00fcbertragung zwischen der Vorder- und Hinterachse.<\/p>\n<div class=\"faq-section\">\n<details>\n<summary>Mein BMW X3 vibriert beim Beschleunigen. K\u00f6nnte es am Flansch des ATC400 liegen?<\/summary>\n<p>Ja, ein verschlissener oder besch\u00e4digter hinterer Flansch am ATC400 Verteilergetriebe kann Unwuchten erzeugen. Dies f\u00fchrt oft zu Vibrationen, die sich \u00fcber die Kardanwelle auf das gesamte Fahrzeug \u00fcbertragen.<\/p>\n<\/details>\n<details>\n<summary>Was genau ist die Aufgabe des ATC400 Flansch Kits?<\/summary>\n<p>Diese Ausgangseinheit dient als direkte Verbindung zwischen dem Verteilergetriebe und der hinteren Kardanwelle. Sie ist essenziell f\u00fcr eine korrekte und einheitliche Kraft\u00fcbertragung zwischen Vorder- und Hinterachse.<\/p>\n<\/details>\n<details>\n<summary>Passt dieses Teil sicher in meinen BMW X3 E83?<\/summary>\n<p>Das ATC400 Verteilergetriebe wurde speziell in der BMW X3 E83 Baureihe verwendet. Wenn Ihr Fahrzeug mit diesem Getriebetyp ausgestattet ist, ist das Flansch Kit die passende Reparaturl\u00f6sung f\u00fcr den hinteren Ausgang.<\/p>\n<\/details>\n<details>\n<summary>Welche Symptome deuten auf einen Defekt am hinteren Flansch hin?<\/summary>\n<p>Typische Anzeichen sind metallische Schlagger\u00e4usche beim Lastwechsel, sichtbares Spiel am Anschluss der Kardanwelle oder Undichtigkeiten am Wellendichtring im Bereich des Flansches.<\/p>\n<\/details>\n<details>\n<summary>Muss ich beim Austausch des Flansches das gesamte Getriebe ausbauen?<\/summary>\n<p>In der Regel kann der Flansch im eingebauten Zustand des Verteilergetriebes gewechselt werden, nachdem die Kardanwelle gel\u00f6st wurde. Dies spart im Vergleich zu einer kompletten Getriebe\u00fcberholung erheblich Zeit und Kosten.<\/p>\n<\/details>\n<\/div>\n<p><script type=\"application\/ld+json\">\n{\n  \"@context\": \"https:\/\/schema.org\",\n  \"@type\": \"FAQPage\",\n  \"mainEntity\": [\n    {\n      \"@type\": \"Question\",\n      \"name\": \"Mein BMW X3 vibriert beim Beschleunigen. Ku00f6nnte es am Flansch des ATC400 liegen?\",\n      \"acceptedAnswer\": {\n        \"@type\": \"Answer\",\n        \"text\": \"Ja, ein verschlissener oder beschu00e4digter hinterer Flansch am ATC400 Verteilergetriebe kann Unwuchten erzeugen. Dies fu00fchrt oft zu Vibrationen, die sich u00fcber die Kardanwelle auf das gesamte Fahrzeug u00fcbertragen.\"\n      }\n    },\n    {\n      \"@type\": \"Question\",\n      \"name\": \"Was genau ist die Aufgabe des ATC400 Flansch Kits?\",\n      \"acceptedAnswer\": {\n        \"@type\": \"Answer\",\n        \"text\": \"Diese Ausgangseinheit dient als direkte Verbindung zwischen dem Verteilergetriebe und der hinteren Kardanwelle. Sie ist essenziell fu00fcr eine korrekte und einheitliche Kraftu00fcbertragung zwischen Vorder- und Hinterachse.\"\n      }\n    },\n    {\n      \"@type\": \"Question\",\n      \"name\": \"Passt dieses Teil sicher in meinen BMW X3 E83?\",\n      \"acceptedAnswer\": {\n        \"@type\": \"Answer\",\n        \"text\": \"Das ATC400 Verteilergetriebe wurde speziell in der BMW X3 E83 Baureihe verwendet. Wenn Ihr Fahrzeug mit diesem Getriebetyp ausgestattet ist, ist das Flansch Kit die passende Reparaturlu00f6sung fu00fcr den hinteren Ausgang.\"\n      }\n    },\n    {\n      \"@type\": \"Question\",\n      \"name\": \"Welche Symptome deuten auf einen Defekt am hinteren Flansch hin?\",\n      \"acceptedAnswer\": {\n        \"@type\": \"Answer\",\n        \"text\": \"Typische Anzeichen sind metallische Schlaggeru00e4usche beim Lastwechsel, sichtbares Spiel am Anschluss der Kardanwelle oder Undichtigkeiten am Wellendichtring im Bereich des Flansches.\"\n      }\n    },\n    {\n      \"@type\": \"Question\",\n      \"name\": \"Muss ich beim Austausch des Flansches das gesamte Getriebe ausbauen?\",\n      \"acceptedAnswer\": {\n        \"@type\": \"Answer\",\n        \"text\": \"In der Regel kann der Flansch im eingebauten Zustand des Verteilergetriebes gewechselt werden, nachdem die Kardanwelle gelu00f6st wurde. Dies spart im Vergleich zu einer kompletten Getriebeu00fcberholung erheblich Zeit und Kosten.\"\n      }\n    }\n  ]\n}\n<\/script><\/p>","protected":false},"excerpt":{"rendered":"<p>Diese Ausgangseinheit ist verbunden mit der Kardanwelle und unterst\u00fctzt damit die korrekte und einheitliche Kraft\u00fcbertragung zwischen der Vorder- und Hinterachse. Mein BMW X3 vibriert beim &#8230; <\/p>\n<p class=\"read-more-container\"><a title=\"Flansch Kit Hinten (ATC400)\" class=\"read-more button\" href=\"https:\/\/transfercasepartshop.com\/de\/bmw-de\/atc400-de\/flansch-kit-hinten-atc400-3\/#more-431339\" aria-label=\"Mehr Informationen \u00fcber Flansch Kit Hinten (ATC400)\">Weiter Lesen<\/a><\/p>","protected":false},"featured_media":431341,"comment_status":"open","ping_status":"closed","template":"","meta":{"_acf_changed":false},"product_brand":[],"product_cat":[126,138],"product_tag":[392,257],"class_list":{"0":"post-431339","1":"product","2":"type-product","3":"status-publish","4":"has-post-thumbnail","6":"product_cat-bmw-de","7":"product_cat-atc400-de","8":"product_tag-magna-powertrain-de","9":"product_tag-wellen-zahnraeder","10":"infinite-scroll-item","11":"no-featured-image-padding","12":"resize-featured-image","13":"sales-flash-overlay","14":"woocommerce-text-align-center","15":"woocommerce-image-align-center","16":"wc-has-gallery","18":"first","19":"instock","20":"taxable","21":"shipping-taxable","22":"purchasable","23":"product-type-simple"},"acf":{"s-tec_number":"SP00107","oem-ref":"27107565930","tartalom":"","lamella-alert":"","transfer_case_application_v2":["BMW ATC400 2003-2010 X3 E83"],"transfer_case_application":"","kulso_raktar":1,"google_ads_kep":431476,"gtin":9009381000822},"_links":{"self":[{"href":"https:\/\/transfercasepartshop.com\/de\/wp-json\/wp\/v2\/product\/431339","targetHints":{"allow":["GET"]}}],"collection":[{"href":"https:\/\/transfercasepartshop.com\/de\/wp-json\/wp\/v2\/product"}],"about":[{"href":"https:\/\/transfercasepartshop.com\/de\/wp-json\/wp\/v2\/types\/product"}],"replies":[{"embeddable":true,"href":"https:\/\/transfercasepartshop.com\/de\/wp-json\/wp\/v2\/comments?post=431339"}],"wp:featuredmedia":[{"embeddable":true,"href":"https:\/\/transfercasepartshop.com\/de\/wp-json\/wp\/v2\/media\/431341"}],"wp:attachment":[{"href":"https:\/\/transfercasepartshop.com\/de\/wp-json\/wp\/v2\/media?parent=431339"}],"wp:term":[{"taxonomy":"product_brand","embeddable":true,"href":"https:\/\/transfercasepartshop.com\/de\/wp-json\/wp\/v2\/product_brand?post=431339"},{"taxonomy":"product_cat","embeddable":true,"href":"https:\/\/transfercasepartshop.com\/de\/wp-json\/wp\/v2\/product_cat?post=431339"},{"taxonomy":"product_tag","embeddable":true,"href":"https:\/\/transfercasepartshop.com\/de\/wp-json\/wp\/v2\/product_tag?post=431339"}],"curies":[{"name":"wp","href":"https:\/\/api.w.org\/{rel}","templated":true}]}}