{"id":430481,"date":"2021-11-17T15:04:41","date_gmt":"2024-03-06T11:22:23","guid":{"rendered":"https:\/\/transfercasepartshop.com\/unkategorisiert\/lenkachsschalthebel-atc350-95b\/"},"modified":"2024-11-24T12:39:39","modified_gmt":"2024-11-24T11:39:39","slug":"aktuatorring-atc350-95b","status":"publish","type":"product","link":"https:\/\/transfercasepartshop.com\/de\/porsche-de\/95b-de\/aktuatorring-atc350-95b\/","title":{"rendered":"Aktuatorring (ATC350, 95B, AUDI ATC)"},"content":{"rendered":"<p>Diese im Verteilergetriebe befindlichen Lager gew\u00e4hrleisten die Abst\u00fctzung der Achsen und die Ausgewogenheit der Kraft\u00fcbertragung des geeigneten Drehmoments.<\/p>","protected":false},"excerpt":{"rendered":"<p>Diese im Verteilergetriebe befindlichen Lager gew\u00e4hrleisten die Abst\u00fctzung der Achsen und die Ausgewogenheit der Kraft\u00fcbertragung des geeigneten Drehmoments.<\/p>","protected":false},"featured_media":402375,"comment_status":"open","ping_status":"closed","template":"","meta":{"_acf_changed":false},"product_brand":[],"product_cat":[121,369,126,136,185,187],"product_tag":[249,392],"class_list":{"0":"post-430481","1":"product","2":"type-product","3":"status-publish","4":"has-post-thumbnail","6":"product_cat-audi-de","7":"product_cat-audi-atc-de","8":"product_cat-bmw-de","9":"product_cat-atc350-de","10":"product_cat-porsche-de","11":"product_cat-95b-de","12":"product_tag-kupplung-ersatzteile","13":"product_tag-magna-powertrain-de","14":"infinite-scroll-item","15":"no-featured-image-padding","16":"resize-featured-image","17":"sales-flash-overlay","18":"woocommerce-text-align-center","19":"woocommerce-image-align-center","20":"wc-has-gallery","22":"first","23":"instock","24":"taxable","25":"shipping-taxable","26":"purchasable","27":"product-type-simple"},"acf":{"s-tec_number":"SP01102","oem-ref":"","tartalom":"","lamella-alert":"","transfer_case_application_v2":["Audi ATC 2018- Q5","Audi ATC 2018- A5","Audi ATC 2018- A6","BMW ATC350 2008-2015 7 series F01, F02","BMW ATC350 2009-2015 X1 E84","BMW ATC350 2010-2016 5 series F07 GT, F10, F11","Porsche 95B 2008- Macan"],"transfer_case_application":"","kulso_raktar":2,"google_ads_kep":430483,"gtin":9009381052579},"_links":{"self":[{"href":"https:\/\/transfercasepartshop.com\/de\/wp-json\/wp\/v2\/product\/430481","targetHints":{"allow":["GET"]}}],"collection":[{"href":"https:\/\/transfercasepartshop.com\/de\/wp-json\/wp\/v2\/product"}],"about":[{"href":"https:\/\/transfercasepartshop.com\/de\/wp-json\/wp\/v2\/types\/product"}],"replies":[{"embeddable":true,"href":"https:\/\/transfercasepartshop.com\/de\/wp-json\/wp\/v2\/comments?post=430481"}],"wp:featuredmedia":[{"embeddable":true,"href":"https:\/\/transfercasepartshop.com\/de\/wp-json\/wp\/v2\/media\/402375"}],"wp:attachment":[{"href":"https:\/\/transfercasepartshop.com\/de\/wp-json\/wp\/v2\/media?parent=430481"}],"wp:term":[{"taxonomy":"product_brand","embeddable":true,"href":"https:\/\/transfercasepartshop.com\/de\/wp-json\/wp\/v2\/product_brand?post=430481"},{"taxonomy":"product_cat","embeddable":true,"href":"https:\/\/transfercasepartshop.com\/de\/wp-json\/wp\/v2\/product_cat?post=430481"},{"taxonomy":"product_tag","embeddable":true,"href":"https:\/\/transfercasepartshop.com\/de\/wp-json\/wp\/v2\/product_tag?post=430481"}],"curies":[{"name":"wp","href":"https:\/\/api.w.org\/{rel}","templated":true}]}}