{"id":430450,"date":"2021-11-17T15:04:51","date_gmt":"2024-03-06T11:18:02","guid":{"rendered":"https:\/\/transfercasepartshop.com\/unkategorisiert\/zwischengetriebe-atc35l-hyundai-atc-maserati-atc\/"},"modified":"2024-11-26T11:41:36","modified_gmt":"2024-11-26T10:41:36","slug":"zwischengetriebe-atc35l-hyundai-atc-maserati-atc","status":"publish","type":"product","link":"https:\/\/transfercasepartshop.com\/de\/bmw-de\/atc35l-de\/zwischengetriebe-atc35l-hyundai-atc-maserati-atc\/","title":{"rendered":"Zwischengetriebe (ATC35L, Hyundai ATC)"},"content":{"rendered":"<p>Ein aus extrem geh\u00e4rtetem Material pr\u00e4zise gefertigtes Bauteil, das auch extremen Bedingungen standh\u00e4lt. Ein unverzichtbares Element f\u00fcr die kontinuierliche Kraft\u00fcbertragung in einem Verteilergetriebe.<\/p>","protected":false},"excerpt":{"rendered":"<p>Ein aus extrem geh\u00e4rtetem Material pr\u00e4zise gefertigtes Bauteil, das auch extremen Bedingungen standh\u00e4lt. Ein unverzichtbares Element f\u00fcr die kontinuierliche Kraft\u00fcbertragung in einem Verteilergetriebe.<\/p>","protected":false},"featured_media":406486,"comment_status":"open","ping_status":"closed","template":"","meta":{"_acf_changed":false},"product_brand":[],"product_cat":[126,131,161],"product_tag":[392,257],"class_list":{"0":"post-430450","1":"product","2":"type-product","3":"status-publish","4":"has-post-thumbnail","6":"product_cat-bmw-de","7":"product_cat-atc35l-de","8":"product_cat-hyundai-atc-de","9":"product_tag-magna-powertrain-de","10":"product_tag-wellen-zahnraeder","11":"infinite-scroll-item","12":"no-featured-image-padding","13":"resize-featured-image","14":"sales-flash-overlay","15":"woocommerce-text-align-center","16":"woocommerce-image-align-center","17":"wc-has-gallery","19":"first","20":"instock","21":"taxable","22":"shipping-taxable","23":"purchasable","24":"product-type-simple"},"acf":{"s-tec_number":"","oem-ref":"","tartalom":"","lamella-alert":"","transfer_case_application_v2":["BMW ATC35L 2008-2015 7 series F01, F01 LCI, F02 LCI","BMW ATC35L 2009-2015 X1 E84","BMW ATC35L 2010-2016 5 series F10, F10 LCI, F11, F11 LCI, F07 GT, F07 GT LCI","BMW ATC35L 2011-2017 6 series F06, F06 LCI, F12, F12 LCI, F13 F13 LCI","BMW ATC35L 2011-2019 1 series F20, F20 LCI, F21, F21 LCI","BMW ATC35L 2012-2018 3 series F30, F30 LCI, F31, F31 LCI, F34 GT, F34 GT LCI","BMW ATC35L 2013- 4 series F32, F32 LCI, F33, F33 LCI","BMW ATC35L 2014- 2 series F22","Hyundai ATC 2008- Genesis DH"],"transfer_case_application":"","kulso_raktar":1,"google_ads_kep":430451,"gtin":9009381074175},"_links":{"self":[{"href":"https:\/\/transfercasepartshop.com\/de\/wp-json\/wp\/v2\/product\/430450","targetHints":{"allow":["GET"]}}],"collection":[{"href":"https:\/\/transfercasepartshop.com\/de\/wp-json\/wp\/v2\/product"}],"about":[{"href":"https:\/\/transfercasepartshop.com\/de\/wp-json\/wp\/v2\/types\/product"}],"replies":[{"embeddable":true,"href":"https:\/\/transfercasepartshop.com\/de\/wp-json\/wp\/v2\/comments?post=430450"}],"wp:featuredmedia":[{"embeddable":true,"href":"https:\/\/transfercasepartshop.com\/de\/wp-json\/wp\/v2\/media\/406486"}],"wp:attachment":[{"href":"https:\/\/transfercasepartshop.com\/de\/wp-json\/wp\/v2\/media?parent=430450"}],"wp:term":[{"taxonomy":"product_brand","embeddable":true,"href":"https:\/\/transfercasepartshop.com\/de\/wp-json\/wp\/v2\/product_brand?post=430450"},{"taxonomy":"product_cat","embeddable":true,"href":"https:\/\/transfercasepartshop.com\/de\/wp-json\/wp\/v2\/product_cat?post=430450"},{"taxonomy":"product_tag","embeddable":true,"href":"https:\/\/transfercasepartshop.com\/de\/wp-json\/wp\/v2\/product_tag?post=430450"}],"curies":[{"name":"wp","href":"https:\/\/api.w.org\/{rel}","templated":true}]}}