{"id":430441,"date":"2021-11-17T15:04:53","date_gmt":"2024-03-06T11:17:55","guid":{"rendered":"https:\/\/transfercasepartshop.com\/unkategorisiert\/kupplungsscheibe-atc45l-atc35l-hyundai-atc-maserati-atc\/"},"modified":"2026-03-23T09:54:40","modified_gmt":"2026-03-23T08:54:40","slug":"kolben-atc45l-atc35l-hyundai-atc-maserati-atc","status":"publish","type":"product","link":"https:\/\/transfercasepartshop.com\/de\/bmw-de\/atc35l-de\/kolben-atc45l-atc35l-hyundai-atc-maserati-atc\/","title":{"rendered":"Kolben (ATC45L, ATC35L, Hyundai ATC)"},"content":{"rendered":"<p>Edelstahlprodukt. Verantwortlich f\u00fcr die Zwischenr\u00e4ume der Kupplungslamellen des Verteilergetriebes und der im Kupplungssystem befindlichen Andruckplatte sowie Tellerfedern und Kupplungsfedern.<\/p>\n<div class=\"faq-section\">\n<details>\n<summary>Mein BMW ruckelt beim Beschleunigen \u2013 liegt das am defekten ATC45L Kolben?<\/summary>\n<p>Ja, das ist sehr wahrscheinlich. Der Kolben ist f\u00fcr den korrekten Anpressdruck und die Zwischenr\u00e4ume der Kupplungslamellen verantwortlich. Wenn der Kolben verschlissen ist oder hakt, f\u00fchrt dies zu ungleichm\u00e4\u00dfigem Kraftschluss, was sich oft als Ruckeln oder Vibrieren im Allradantrieb bemerkbar macht.<\/p>\n<\/details>\n<details>\n<summary>Passt dieser Kolben sowohl in das ATC35L als auch in das ATC45L Getriebe?<\/summary>\n<p>Ja, dieser Kolben ist pr\u00e4zise f\u00fcr die Modellreihen ATC35L und ATC45L von BMW sowie f\u00fcr entsprechende Hyundai ATC Verteilergetriebe gefertigt. Er steuert dort die Andruckplatte und das Zusammenspiel der Tellerfedern im Kupplungssystem.<\/p>\n<\/details>\n<details>\n<summary>Welchen Vorteil bietet die Fertigung aus Edelstahl bei diesem Ersatzteil?<\/summary>\n<p>Edelstahl ist besonders widerstandsf\u00e4hig gegen Korrosion und mechanischen Abrieb. Da der Kolben st\u00e4ndig hohen Temperaturen und Reibungskr\u00e4ften innerhalb des Verteilergetriebes ausgesetzt ist, sorgt das Edelstahl-Material f\u00fcr eine deutlich l\u00e4ngere Lebensdauer im Vergleich zu Standardkomponenten.<\/p>\n<\/details>\n<details>\n<summary>Muss ich beim Austausch des Kolbens auch die Tellerfedern wechseln?<\/summary>\n<p>Es wird dringend empfohlen, die Tellerfedern und Kupplungsfedern bei einer \u00dcberholung zu pr\u00fcfen. Da der Kolben direkt mit diesen Komponenten interagiert, f\u00fchrt ein gleichzeitiger Austausch oft zu einem stabileren Schalverhalten und verhindert zuk\u00fcnftige Defekte am Kupplungssystem.<\/p>\n<\/details>\n<\/div>\n<p><script type=\"application\/ld+json\">\n{\n  \"@context\": \"https:\/\/schema.org\",\n  \"@type\": \"FAQPage\",\n  \"mainEntity\": [\n    {\n      \"@type\": \"Question\",\n      \"name\": \"Mein BMW ruckelt beim Beschleunigen u2013 liegt das am defekten ATC45L Kolben?\",\n      \"acceptedAnswer\": {\n        \"@type\": \"Answer\",\n        \"text\": \"Ja, das ist sehr wahrscheinlich. Der Kolben ist fu00fcr den korrekten Anpressdruck und die Zwischenru00e4ume der Kupplungslamellen verantwortlich. Wenn der Kolben verschlissen ist oder hakt, fu00fchrt dies zu ungleichmu00e4u00dfigem Kraftschluss, was sich oft als Ruckeln oder Vibrieren im Allradantrieb bemerkbar macht.\"\n      }\n    },\n    {\n      \"@type\": \"Question\",\n      \"name\": \"Passt dieser Kolben sowohl in das ATC35L als auch in das ATC45L Getriebe?\",\n      \"acceptedAnswer\": {\n        \"@type\": \"Answer\",\n        \"text\": \"Ja, dieser Kolben ist pru00e4zise fu00fcr die Modellreihen ATC35L und ATC45L von BMW sowie fu00fcr entsprechende Hyundai ATC Verteilergetriebe gefertigt. Er steuert dort die Andruckplatte und das Zusammenspiel der Tellerfedern im Kupplungssystem.\"\n      }\n    },\n    {\n      \"@type\": \"Question\",\n      \"name\": \"Welchen Vorteil bietet die Fertigung aus Edelstahl bei diesem Ersatzteil?\",\n      \"acceptedAnswer\": {\n        \"@type\": \"Answer\",\n        \"text\": \"Edelstahl ist besonders widerstandsfu00e4hig gegen Korrosion und mechanischen Abrieb. Da der Kolben stu00e4ndig hohen Temperaturen und Reibungskru00e4ften innerhalb des Verteilergetriebes ausgesetzt ist, sorgt das Edelstahl-Material fu00fcr eine deutlich lu00e4ngere Lebensdauer im Vergleich zu Standardkomponenten.\"\n      }\n    },\n    {\n      \"@type\": \"Question\",\n      \"name\": \"Muss ich beim Austausch des Kolbens auch die Tellerfedern wechseln?\",\n      \"acceptedAnswer\": {\n        \"@type\": \"Answer\",\n        \"text\": \"Es wird dringend empfohlen, die Tellerfedern und Kupplungsfedern bei einer u00dcberholung zu pru00fcfen. Da der Kolben direkt mit diesen Komponenten interagiert, fu00fchrt ein gleichzeitiger Austausch oft zu einem stabileren Schalverhalten und verhindert zuku00fcnftige Defekte am Kupplungssystem.\"\n      }\n    }\n  ]\n}\n<\/script><\/p>","protected":false},"excerpt":{"rendered":"<p>Edelstahlprodukt. Verantwortlich f\u00fcr die Zwischenr\u00e4ume der Kupplungslamellen des Verteilergetriebes und der im Kupplungssystem befindlichen Andruckplatte sowie Tellerfedern und Kupplungsfedern. Mein BMW ruckelt beim Beschleunigen \u2013 &#8230; <\/p>\n<p class=\"read-more-container\"><a title=\"Kolben (ATC45L, ATC35L, Hyundai ATC)\" class=\"read-more button\" href=\"https:\/\/transfercasepartshop.com\/de\/bmw-de\/atc35l-de\/kolben-atc45l-atc35l-hyundai-atc-maserati-atc\/#more-430441\" aria-label=\"Mehr Informationen \u00fcber Kolben (ATC45L, ATC35L, Hyundai ATC)\">Weiter Lesen<\/a><\/p>","protected":false},"featured_media":406919,"comment_status":"open","ping_status":"closed","template":"","meta":{"_acf_changed":false},"product_brand":[],"product_cat":[126,131,132,161],"product_tag":[249,392],"class_list":{"0":"post-430441","1":"product","2":"type-product","3":"status-publish","4":"has-post-thumbnail","6":"product_cat-bmw-de","7":"product_cat-atc35l-de","8":"product_cat-atc45l-de","9":"product_cat-hyundai-atc-de","10":"product_tag-kupplung-ersatzteile","11":"product_tag-magna-powertrain-de","12":"infinite-scroll-item","13":"no-featured-image-padding","14":"resize-featured-image","15":"sales-flash-overlay","16":"woocommerce-text-align-center","17":"woocommerce-image-align-center","18":"wc-has-gallery","20":"first","21":"instock","22":"taxable","23":"shipping-taxable","24":"purchasable","25":"product-type-simple"},"acf":{"s-tec_number":"SP01650","oem-ref":"","tartalom":"","lamella-alert":"","transfer_case_application_v2":["BMW ATC35L 2008-2015 7 series F01, F01 LCI, F02 LCI","BMW ATC35L 2009-2015 X1 E84","BMW ATC35L 2010-2016 5 series F10, F10 LCI, F11, F11 LCI, F07 GT, F07 GT LCI","BMW ATC35L 2011-2017 6 series F06, F06 LCI, F12, F12 LCI, F13 F13 LCI","BMW ATC35L 2011-2019 1 series F20, F20 LCI, F21, F21 LCI","BMW ATC35L 2012-2018 3 series F30, F30 LCI, F31, F31 LCI, F34 GT, F34 GT LCI","BMW ATC35L 2013- 4 series F32, F32 LCI, F33, F33 LCI","BMW ATC35L 2014- 2 series F22","BMW ATC45L 2006-2013 X5 E70, E70 LCI","BMW ATC45L 2008-2014 X6 E71, E72 hybrid","BMW ATC45L 2010-2017 X3 F25","BMW ATC45L 2013-2018 X5 F15","BMW ATC45L 2014- X6 M F86","BMW ATC45L 2014-2018 X4 F26","BMW ATC45L 2014-2018 X6 F16","Hyundai ATC 2008- Equus","Hyundai ATC 2008- Genesis DH"],"transfer_case_application":"","kulso_raktar":1,"google_ads_kep":430443,"gtin":9009381074267},"_links":{"self":[{"href":"https:\/\/transfercasepartshop.com\/de\/wp-json\/wp\/v2\/product\/430441","targetHints":{"allow":["GET"]}}],"collection":[{"href":"https:\/\/transfercasepartshop.com\/de\/wp-json\/wp\/v2\/product"}],"about":[{"href":"https:\/\/transfercasepartshop.com\/de\/wp-json\/wp\/v2\/types\/product"}],"replies":[{"embeddable":true,"href":"https:\/\/transfercasepartshop.com\/de\/wp-json\/wp\/v2\/comments?post=430441"}],"wp:featuredmedia":[{"embeddable":true,"href":"https:\/\/transfercasepartshop.com\/de\/wp-json\/wp\/v2\/media\/406919"}],"wp:attachment":[{"href":"https:\/\/transfercasepartshop.com\/de\/wp-json\/wp\/v2\/media?parent=430441"}],"wp:term":[{"taxonomy":"product_brand","embeddable":true,"href":"https:\/\/transfercasepartshop.com\/de\/wp-json\/wp\/v2\/product_brand?post=430441"},{"taxonomy":"product_cat","embeddable":true,"href":"https:\/\/transfercasepartshop.com\/de\/wp-json\/wp\/v2\/product_cat?post=430441"},{"taxonomy":"product_tag","embeddable":true,"href":"https:\/\/transfercasepartshop.com\/de\/wp-json\/wp\/v2\/product_tag?post=430441"}],"curies":[{"name":"wp","href":"https:\/\/api.w.org\/{rel}","templated":true}]}}