{"id":430436,"date":"2021-11-17T15:04:54","date_gmt":"2024-03-06T11:17:31","guid":{"rendered":"https:\/\/transfercasepartshop.com\/unkategorisiert\/lenkachsschalthebel-atc35l-atc45l-hyundai-atc-maserati-atc-2\/"},"modified":"2024-11-26T15:54:33","modified_gmt":"2024-11-26T14:54:33","slug":"aktuatorring-atc35l-atc45l-hyundai-atc-maserati-atc","status":"publish","type":"product","link":"https:\/\/transfercasepartshop.com\/de\/bmw-de\/atc35l-de\/aktuatorring-atc35l-atc45l-hyundai-atc-maserati-atc\/","title":{"rendered":"Aktuatorring (ATC35L, ATC45L, Hyundai ATC)"},"content":{"rendered":"<p>Diese im Verteilergetriebe befindlichen Lager gew\u00e4hrleisten die Abst\u00fctzung der Achsen und die Ausgewogenheit der Kraft\u00fcbertragung des geeigneten Drehmoments.<\/p>","protected":false},"excerpt":{"rendered":"<p>Diese im Verteilergetriebe befindlichen Lager gew\u00e4hrleisten die Abst\u00fctzung der Achsen und die Ausgewogenheit der Kraft\u00fcbertragung des geeigneten Drehmoments.<\/p>","protected":false},"featured_media":407136,"comment_status":"open","ping_status":"closed","template":"","meta":{"_acf_changed":false},"product_brand":[],"product_cat":[126,131,132,161],"product_tag":[249,392],"class_list":{"0":"post-430436","1":"product","2":"type-product","3":"status-publish","4":"has-post-thumbnail","6":"product_cat-bmw-de","7":"product_cat-atc35l-de","8":"product_cat-atc45l-de","9":"product_cat-hyundai-atc-de","10":"product_tag-kupplung-ersatzteile","11":"product_tag-magna-powertrain-de","12":"infinite-scroll-item","13":"no-featured-image-padding","14":"resize-featured-image","15":"sales-flash-overlay","16":"woocommerce-text-align-center","17":"woocommerce-image-align-center","18":"wc-has-gallery","20":"first","21":"instock","22":"taxable","23":"shipping-taxable","24":"purchasable","25":"product-type-simple"},"acf":{"s-tec_number":"SP01659","oem-ref":"","tartalom":"","lamella-alert":"","transfer_case_application_v2":["BMW ATC35L 2008-2015 7 series F01, F01 LCI, F02 LCI","BMW ATC35L 2009-2015 X1 E84","BMW ATC35L 2010-2016 5 series F10, F10 LCI, F11, F11 LCI, F07 GT, F07 GT LCI","BMW ATC35L 2011-2017 6 series F06, F06 LCI, F12, F12 LCI, F13 F13 LCI","BMW ATC35L 2011-2019 1 series F20, F20 LCI, F21, F21 LCI","BMW ATC35L 2012-2018 3 series F30, F30 LCI, F31, F31 LCI, F34 GT, F34 GT LCI","BMW ATC35L 2013- 4 series F32, F32 LCI, F33, F33 LCI","BMW ATC35L 2014- 2 series F22","BMW ATC45L 2006-2013 X5 E70, E70 LCI","BMW ATC45L 2008-2014 X6 E71, E72 hybrid","BMW ATC45L 2010-2017 X3 F25","BMW ATC45L 2013-2018 X5 F15","BMW ATC45L 2014- X6 M F86","BMW ATC45L 2014-2018 X4 F26","BMW ATC45L 2014-2018 X6 F16","Hyundai ATC 2008- Genesis DH"],"transfer_case_application":"","kulso_raktar":1,"google_ads_kep":430437,"gtin":9009381074359},"_links":{"self":[{"href":"https:\/\/transfercasepartshop.com\/de\/wp-json\/wp\/v2\/product\/430436","targetHints":{"allow":["GET"]}}],"collection":[{"href":"https:\/\/transfercasepartshop.com\/de\/wp-json\/wp\/v2\/product"}],"about":[{"href":"https:\/\/transfercasepartshop.com\/de\/wp-json\/wp\/v2\/types\/product"}],"replies":[{"embeddable":true,"href":"https:\/\/transfercasepartshop.com\/de\/wp-json\/wp\/v2\/comments?post=430436"}],"wp:featuredmedia":[{"embeddable":true,"href":"https:\/\/transfercasepartshop.com\/de\/wp-json\/wp\/v2\/media\/407136"}],"wp:attachment":[{"href":"https:\/\/transfercasepartshop.com\/de\/wp-json\/wp\/v2\/media?parent=430436"}],"wp:term":[{"taxonomy":"product_brand","embeddable":true,"href":"https:\/\/transfercasepartshop.com\/de\/wp-json\/wp\/v2\/product_brand?post=430436"},{"taxonomy":"product_cat","embeddable":true,"href":"https:\/\/transfercasepartshop.com\/de\/wp-json\/wp\/v2\/product_cat?post=430436"},{"taxonomy":"product_tag","embeddable":true,"href":"https:\/\/transfercasepartshop.com\/de\/wp-json\/wp\/v2\/product_tag?post=430436"}],"curies":[{"name":"wp","href":"https:\/\/api.w.org\/{rel}","templated":true}]}}