{"id":430418,"date":"2021-11-17T15:04:59","date_gmt":"2024-03-06T11:14:19","guid":{"rendered":"https:\/\/transfercasepartshop.com\/unkategorisiert\/lenkungskette-atc450\/"},"modified":"2026-03-23T09:54:16","modified_gmt":"2026-03-23T08:54:16","slug":"verteilergetriebe-kette-atc450","status":"publish","type":"product","link":"https:\/\/transfercasepartshop.com\/de\/bmw-de\/atc450-de\/verteilergetriebe-kette-atc450\/","title":{"rendered":"Verteilergetriebe Kette (ATC450)"},"content":{"rendered":"<p>Die im Verteilergetriebe befindliche Kette ist f\u00fcr die gleichm\u00e4\u00dfige Kraft\u00fcbertragung verantwortlich. Sie sorgt f\u00fcr die Verbindung eines optimal funktionierenden Vorder- und Hinterachs-Systems und gew\u00e4hrleistet so den 4&#215;4-Antrieb.<\/p>\n<div class=\"faq-container\">\n<details>\n<summary>Warum ruckelt mein BMW beim Beschleunigen oder in Kurven?<\/summary>\n<p>Ein typisches Symptom f\u00fcr eine gel\u00e4ngte Kette im ATC450 Verteilergetriebe ist ein sp\u00fcrbares Ruckeln oder Schlupf unter Last. Wenn die Kette verschlissen ist, kann sie die Kraft nicht mehr pr\u00e4zise zwischen Vorder- und Hinterachse \u00fcbertragen, was zu diesen Vibrationen f\u00fchrt.<\/p>\n<\/details>\n<details>\n<summary>Passt diese Kette f\u00fcr mein BMW ATC450 System?<\/summary>\n<p>Diese Kette ist exakt f\u00fcr das ATC450 Verteilergetriebe konzipiert. Dieses Getriebe wurde prim\u00e4r in BMW Modellen wie dem X3 (F25), X5 (E70 LCI) und X6 (E71) verbaut. Pr\u00fcfen Sie bitte Ihr Typenschild am Getriebe, um die Kompatibilit\u00e4t sicherzustellen.<\/p>\n<\/details>\n<details>\n<summary>Woran erkenne ich mechanischen Verschlei\u00df der Kette?<\/summary>\n<p>Neben dem Ruckeln sind oft metallische Klackerger\u00e4usche beim Lastwechsel oder beim Anfahren h\u00f6rbar. Im fortgeschrittenen Stadium kann die Kette im Geh\u00e4use \u00fcberspringen, was zu einem kompletten Ausfall des 4&#215;4-Antriebs f\u00fchrt.<\/p>\n<\/details>\n<details>\n<summary>Muss ich das Verteilergetriebe\u00f6l beim Kettenwechsel tauschen?<\/summary>\n<p>Ja, unbedingt. Beim \u00d6ffnen des Verteilergetriebes sollte immer neues, hochwertiges Getriebe\u00f6l (gem\u00e4\u00df BMW-Spezifikation f\u00fcr ATC450) eingef\u00fcllt werden, um die neue Kette und die Kupplungslamellen vor vorzeitigem Verschlei\u00df zu sch\u00fctzen.<\/p>\n<\/details>\n<details>\n<summary>Kann ich die Kette selbst wechseln oder brauche ich eine Werkstatt?<\/summary>\n<p>Der Austausch der Kette im ATC450 erfordert Fachwissen und spezielles Werkzeug zum \u00d6ffnen und Abdichten des Geh\u00e4uses. Wir empfehlen den Einbau durch einen Fachmann, um eine korrekte Vorspannung und Dichtigkeit zu gew\u00e4hrleisten.<\/p>\n<\/details>\n<\/div>\n<p><script type=\"application\/ld+json\">\n{\n  \"@context\": \"https:\/\/schema.org\",\n  \"@type\": \"FAQPage\",\n  \"mainEntity\": [\n    {\n      \"@type\": \"Question\",\n      \"name\": \"Warum ruckelt mein BMW beim Beschleunigen oder in Kurven?\",\n      \"acceptedAnswer\": {\n        \"@type\": \"Answer\",\n        \"text\": \"Ein typisches Symptom fu00fcr eine gelu00e4ngte Kette im ATC450 Verteilergetriebe ist ein spu00fcrbares Ruckeln oder Schlupf unter Last. Wenn die Kette verschlissen ist, kann sie die Kraft nicht mehr pru00e4zise zwischen Vorder- und Hinterachse u00fcbertragen.\"\n      }\n    },\n    {\n      \"@type\": \"Question\",\n      \"name\": \"Passt diese Kette fu00fcr mein BMW ATC450 System?\",\n      \"acceptedAnswer\": {\n        \"@type\": \"Answer\",\n        \"text\": \"Diese Kette ist exakt fu00fcr das ATC450 Verteilergetriebe konzipiert. Dieses Getriebe wurde primu00e4r in BMW Modellen wie dem X3 (F25), X5 (E70 LCI) und X6 (E71) verbaut.\"\n      }\n    },\n    {\n      \"@type\": \"Question\",\n      \"name\": \"Woran erkenne ich mechanischen Verschleiu00df der Kette?\",\n      \"acceptedAnswer\": {\n        \"@type\": \"Answer\",\n        \"text\": \"Neben dem Ruckeln sind oft metallische Klackergeru00e4usche beim Lastwechsel oder beim Anfahren hu00f6rbar. Im fortgeschrittenen Stadium kann die Kette im Gehu00e4use u00fcberspringen.\"\n      }\n    },\n    {\n      \"@type\": \"Question\",\n      \"name\": \"Muss ich das Verteilergetriebeu00f6l beim Kettenwechsel tauschen?\",\n      \"acceptedAnswer\": {\n        \"@type\": \"Answer\",\n        \"text\": \"Ja, unbedingt. Beim u00d6ffnen des Verteilergetriebes sollte immer neues, hochwertiges Getriebeu00f6l eingefu00fcllt werden, um die neue Kette und die Kupplungslamellen zu schu00fctzen.\"\n      }\n    },\n    {\n      \"@type\": \"Question\",\n      \"name\": \"Kann ich die Kette selbst wechseln oder brauche ich eine Werkstatt?\",\n      \"acceptedAnswer\": {\n        \"@type\": \"Answer\",\n        \"text\": \"Der Austausch der Kette erfordert Fachwissen und spezielles Werkzeug. Wir empfehlen den Einbau durch einen Fachmann, um korrekte Vorspannung und Dichtigkeit zu gewu00e4hrleisten.\"\n      }\n    }\n  ]\n}\n<\/script><\/p>","protected":false},"excerpt":{"rendered":"<p>Die im Verteilergetriebe befindliche Kette ist f\u00fcr die gleichm\u00e4\u00dfige Kraft\u00fcbertragung verantwortlich. Sie sorgt f\u00fcr die Verbindung eines optimal funktionierenden Vorder- und Hinterachs-Systems und gew\u00e4hrleistet so &#8230; <\/p>\n<p class=\"read-more-container\"><a title=\"Verteilergetriebe Kette (ATC450)\" class=\"read-more button\" href=\"https:\/\/transfercasepartshop.com\/de\/bmw-de\/atc450-de\/verteilergetriebe-kette-atc450\/#more-430418\" aria-label=\"Mehr Informationen \u00fcber Verteilergetriebe Kette (ATC450)\">Weiter Lesen<\/a><\/p>","protected":false},"featured_media":412586,"comment_status":"open","ping_status":"closed","template":"","meta":{"_acf_changed":false},"product_brand":[],"product_cat":[126,141],"product_tag":[375,231],"class_list":{"0":"post-430418","1":"product","2":"type-product","3":"status-publish","4":"has-post-thumbnail","6":"product_cat-bmw-de","7":"product_cat-atc450-de","8":"product_tag-borg-warner-de","9":"product_tag-ketten","10":"infinite-scroll-item","11":"no-featured-image-padding","12":"resize-featured-image","13":"sales-flash-overlay","14":"woocommerce-text-align-center","15":"woocommerce-image-align-center","16":"wc-has-gallery","18":"first","19":"instock","20":"taxable","21":"shipping-taxable","22":"purchasable","23":"product-type-simple"},"acf":{"s-tec_number":"SP01717","oem-ref":"BMW 27107605344, 27107605345, 27107609193, 27107609196, 27107609197, 27107610586, 27107610587, 27107610588, 27107619178, 27107619179, 27107619180, 27107619776, 27107627944, 27107627945, 27107629405, 27107629406, 27107629605, 27107629606, 27107635753, 27107635754, 27107636480, 27107636481, 27107636482, 27107639264, 27107639271, 27107639272, 27107643751, 27107643752, 27107643753, 27108697972, 27108697973, 27108697974","tartalom":"","lamella-alert":"","transfer_case_application_v2":["BMW ATC450 2006-2013 X5 E70, E70 LCI","BMW ATC450 2008-2014 X6 E71, E72 hybrid","BMW ATC450 2010-2017 X3 F25"],"transfer_case_application":"","kulso_raktar":3,"google_ads_kep":430419,"gtin":9009381075158},"_links":{"self":[{"href":"https:\/\/transfercasepartshop.com\/de\/wp-json\/wp\/v2\/product\/430418","targetHints":{"allow":["GET"]}}],"collection":[{"href":"https:\/\/transfercasepartshop.com\/de\/wp-json\/wp\/v2\/product"}],"about":[{"href":"https:\/\/transfercasepartshop.com\/de\/wp-json\/wp\/v2\/types\/product"}],"replies":[{"embeddable":true,"href":"https:\/\/transfercasepartshop.com\/de\/wp-json\/wp\/v2\/comments?post=430418"}],"wp:featuredmedia":[{"embeddable":true,"href":"https:\/\/transfercasepartshop.com\/de\/wp-json\/wp\/v2\/media\/412586"}],"wp:attachment":[{"href":"https:\/\/transfercasepartshop.com\/de\/wp-json\/wp\/v2\/media?parent=430418"}],"wp:term":[{"taxonomy":"product_brand","embeddable":true,"href":"https:\/\/transfercasepartshop.com\/de\/wp-json\/wp\/v2\/product_brand?post=430418"},{"taxonomy":"product_cat","embeddable":true,"href":"https:\/\/transfercasepartshop.com\/de\/wp-json\/wp\/v2\/product_cat?post=430418"},{"taxonomy":"product_tag","embeddable":true,"href":"https:\/\/transfercasepartshop.com\/de\/wp-json\/wp\/v2\/product_tag?post=430418"}],"curies":[{"name":"wp","href":"https:\/\/api.w.org\/{rel}","templated":true}]}}