{"id":430391,"date":"2021-11-17T15:05:04","date_gmt":"2024-03-06T11:12:21","guid":{"rendered":"https:\/\/transfercasepartshop.com\/unkategorisiert\/steuerkette-pl72-atc-2\/"},"modified":"2026-03-23T09:53:58","modified_gmt":"2026-03-23T08:53:58","slug":"verteilergetriebe-kette-pl72-atc","status":"publish","type":"product","link":"https:\/\/transfercasepartshop.com\/de\/porsche-de\/pl72-atc-de\/verteilergetriebe-kette-pl72-atc\/","title":{"rendered":"Verteilergetriebe Kette (PL72 ATC) 1,25&#8243; Zoll"},"content":{"rendered":"<p>Ein Bauteil aus speziellem hitzebest\u00e4ndigem Kunststoff. Seine Rolle ist eindeutig: Es stabilisiert die Bewegung der Kette.<\/p>\n<details>\n<summary>Woran erkenne ich, dass die Kette in meinem PL72 ATC Verteilergetriebe verschlissen ist?<\/summary>\n<p>Typische Symptome sind ein deutliches Ruckeln beim Beschleunigen, knackende Ger\u00e4usche unter Last oder Vibrationen im Antriebsstrang. Da die Kette sich mit der Zeit l\u00e4ngt, kann sie \u00fcber die Zahnr\u00e4der springen, was das Fahrverhalten negativ beeinflusst.<\/p>\n<\/details>\n<details>\n<summary>Passt diese 1,25&#8243; Kette genau in mein Porsche Modell?<\/summary>\n<p>Diese Kette ist speziell f\u00fcr das PL72 ATC Verteilergetriebe konzipiert, welches h\u00e4ufig in Porsche Cayenne (92A \/ 958) Modellen verbaut ist. Bitte pr\u00fcfen Sie vor dem Kauf die Kennzeichnung Ihres Verteilergetriebes.<\/p>\n<\/details>\n<details>\n<summary>Welche Aufgabe hat das hitzebest\u00e4ndige Kunststoffteil bei dieser Kette?<\/summary>\n<p>Das Bauteil dient der Stabilisierung der Kettenbewegung. Es verhindert \u00fcberm\u00e4\u00dfiges Schwingen der Kette innerhalb des Geh\u00e4uses, reduziert Ger\u00e4usche und sorgt auch bei hohen Betriebstemperaturen f\u00fcr eine pr\u00e4zise F\u00fchrung.<\/p>\n<\/details>\n<details>\n<summary>Muss beim Kettenwechsel das gesamte Verteilergetriebe ausgebaut werden?<\/summary>\n<p>Ja, um die Kette des PL72 ATC zu ersetzen, muss das Verteilergetriebe ausgebaut und ge\u00f6ffnet werden. Wir empfehlen, bei diesem Vorgang auch die Wellendichtringe und das \u00d6l zu erneuern, um die Langlebigkeit zu gew\u00e4hrleisten.<\/p>\n<\/details>\n<details>\n<summary>Warum ist die Hitzebest\u00e4ndigkeit des F\u00fchrungsteils so wichtig?<\/summary>\n<p>Im Inneren des Verteilergetriebes entstehen durch Reibung und mechanische Arbeit hohe Temperaturen. Ein Standard-Kunststoff w\u00fcrde spr\u00f6de werden oder schmelzen, was zu einem kapitalen Getriebeschaden f\u00fchren k\u00f6nnte. Dieses Teil ist speziell auf diese Belastung ausgelegt.<\/p>\n<\/details>\n<p><script type=\"application\/ld+json\">\n{\n  \"@context\": \"https:\/\/schema.org\",\n  \"@type\": \"FAQPage\",\n  \"mainEntity\": [\n    {\n      \"@type\": \"Question\",\n      \"name\": \"Woran erkenne ich, dass die Kette in meinem PL72 ATC Verteilergetriebe verschlissen ist?\",\n      \"acceptedAnswer\": {\n        \"@type\": \"Answer\",\n        \"text\": \"Typische Symptome sind ein deutliches Ruckeln beim Beschleunigen, knackende Geru00e4usche unter Last oder Vibrationen im Antriebsstrang. Da die Kette sich mit der Zeit lu00e4ngt, kann sie u00fcber die Zahnru00e4der springen.\"\n      }\n    },\n    {\n      \"@type\": \"Question\",\n      \"name\": \"Passt diese 1,25\" Kette genau in mein Porsche Modell?\",\n      \"acceptedAnswer\": {\n        \"@type\": \"Answer\",\n        \"text\": \"Diese Kette ist speziell fu00fcr das PL72 ATC Verteilergetriebe konzipiert, welches hu00e4ufig in Porsche Cayenne (92A \/ 958) Modellen verbaut ist.\"\n      }\n    },\n    {\n      \"@type\": \"Question\",\n      \"name\": \"Welche Aufgabe hat das hitzebestu00e4ndige Kunststoffteil bei dieser Kette?\",\n      \"acceptedAnswer\": {\n        \"@type\": \"Answer\",\n        \"text\": \"Das Bauteil dient der Stabilisierung der Kettenbewegung. Es verhindert u00fcbermu00e4u00dfiges Schwingen der Kette innerhalb des Gehu00e4uses und reduziert Geru00e4usche.\"\n      }\n    },\n    {\n      \"@type\": \"Question\",\n      \"name\": \"Muss beim Kettenwechsel das gesamte Verteilergetriebe ausgebaut werden?\",\n      \"acceptedAnswer\": {\n        \"@type\": \"Answer\",\n        \"text\": \"Ja, um die Kette des PL72 ATC zu ersetzen, muss das Verteilergetriebe ausgebaut und geu00f6ffnet werden. Es wird empfohlen, dabei auch Dichtungen und u00d6l zu wechseln.\"\n      }\n    },\n    {\n      \"@type\": \"Question\",\n      \"name\": \"Warum ist die Hitzebestu00e4ndigkeit des Fu00fchrungsteils so wichtig?\",\n      \"acceptedAnswer\": {\n        \"@type\": \"Answer\",\n        \"text\": \"Im Inneren entstehen hohe Temperaturen. Das spezielle hitzebestu00e4ndige Material verhindert, dass das Bauteil spru00f6de wird oder schmilzt, was einen Getriebeschaden verhindern hilft.\"\n      }\n    }\n  ]\n}\n<\/script><\/p>","protected":false},"excerpt":{"rendered":"<p>Ein Bauteil aus speziellem hitzebest\u00e4ndigem Kunststoff. Seine Rolle ist eindeutig: Es stabilisiert die Bewegung der Kette. Woran erkenne ich, dass die Kette in meinem PL72 &#8230; <\/p>\n<p class=\"read-more-container\"><a title=\"Verteilergetriebe Kette (PL72 ATC) 1,25&#8243; Zoll\" class=\"read-more button\" href=\"https:\/\/transfercasepartshop.com\/de\/porsche-de\/pl72-atc-de\/verteilergetriebe-kette-pl72-atc\/#more-430391\" aria-label=\"Mehr Informationen \u00fcber Verteilergetriebe Kette (PL72 ATC) 1,25&#8243; Zoll\">Weiter Lesen<\/a><\/p>","protected":false},"featured_media":409728,"comment_status":"open","ping_status":"closed","template":"","meta":{"_acf_changed":false},"product_brand":[],"product_cat":[185,192],"product_tag":[375,231],"class_list":{"0":"post-430391","1":"product","2":"type-product","3":"status-publish","4":"has-post-thumbnail","6":"product_cat-porsche-de","7":"product_cat-pl72-atc-de","8":"product_tag-borg-warner-de","9":"product_tag-ketten","10":"infinite-scroll-item","11":"no-featured-image-padding","12":"resize-featured-image","13":"sales-flash-overlay","14":"woocommerce-text-align-center","15":"woocommerce-image-align-center","16":"wc-has-gallery","18":"first","19":"instock","20":"taxable","21":"shipping-taxable","22":"purchasable","23":"product-type-simple"},"acf":{"s-tec_number":"SP02004","oem-ref":"0C2341013A, 0C2341013C, 0C2341013E, 0C2341013G, 0C2341013J, 0C2341013L, 0C2341013M, 0C2341013N, 0C2341013S, 0C2341041, 0C2341041B, 0C2341041D, 0C2341041J, 0C2341041M, 95834101200, 95834101201, 95834101202, 95834101204, 95834101210, 95834101211, 95834101212, 95834101214, 958341012AX, 958341012KX, 958341012LX, 958341012MX, 958341012PX, 958341012X, 95834101008, 95834101009, 95834101033, 95834101034","tartalom":"Kettenbreite 1,25 Zoll - 3,175 cm.","lamella-alert":"","transfer_case_application_v2":["Porsche PL72 ATC 2010- Cayenne"],"transfer_case_application":"","kulso_raktar":5,"google_ads_kep":430392,"gtin":9009381089384},"_links":{"self":[{"href":"https:\/\/transfercasepartshop.com\/de\/wp-json\/wp\/v2\/product\/430391","targetHints":{"allow":["GET"]}}],"collection":[{"href":"https:\/\/transfercasepartshop.com\/de\/wp-json\/wp\/v2\/product"}],"about":[{"href":"https:\/\/transfercasepartshop.com\/de\/wp-json\/wp\/v2\/types\/product"}],"replies":[{"embeddable":true,"href":"https:\/\/transfercasepartshop.com\/de\/wp-json\/wp\/v2\/comments?post=430391"}],"wp:featuredmedia":[{"embeddable":true,"href":"https:\/\/transfercasepartshop.com\/de\/wp-json\/wp\/v2\/media\/409728"}],"wp:attachment":[{"href":"https:\/\/transfercasepartshop.com\/de\/wp-json\/wp\/v2\/media?parent=430391"}],"wp:term":[{"taxonomy":"product_brand","embeddable":true,"href":"https:\/\/transfercasepartshop.com\/de\/wp-json\/wp\/v2\/product_brand?post=430391"},{"taxonomy":"product_cat","embeddable":true,"href":"https:\/\/transfercasepartshop.com\/de\/wp-json\/wp\/v2\/product_cat?post=430391"},{"taxonomy":"product_tag","embeddable":true,"href":"https:\/\/transfercasepartshop.com\/de\/wp-json\/wp\/v2\/product_tag?post=430391"}],"curies":[{"name":"wp","href":"https:\/\/api.w.org\/{rel}","templated":true}]}}