{"id":430284,"date":"2022-02-02T17:31:59","date_gmt":"2024-03-06T10:41:51","guid":{"rendered":"https:\/\/transfercasepartshop.com\/unkategorisiert\/verteilerplattensatz-atc500-atc700\/"},"modified":"2025-03-18T15:48:56","modified_gmt":"2025-03-18T14:48:56","slug":"lamellan-paket-kit-atc500-atc700","status":"publish","type":"product","link":"https:\/\/transfercasepartshop.com\/de\/bmw-de\/atc500-de\/lamellan-paket-kit-atc500-atc700\/","title":{"rendered":"Lamellan Paket Kit (ATC500, ATC700)"},"content":{"rendered":"<p>Die Lamellen k\u00f6nnen durch Reibung zueinander sehr gro\u00dfes Drehmoment \u00fcbertragen. Sie f\u00fchren diese Aufgabe aus, indem sie sich in einem inneren und einem \u00e4u\u00dferen Kupplungskorb verkeilen. Ihre Rolle bei der Drehmoment\u00fcbertragung ist sehr bedeutend.<\/p>","protected":false},"excerpt":{"rendered":"<p>Die Lamellen k\u00f6nnen durch Reibung zueinander sehr gro\u00dfes Drehmoment \u00fcbertragen. Sie f\u00fchren diese Aufgabe aus, indem sie sich in einem inneren und einem \u00e4u\u00dferen Kupplungskorb &#8230; <\/p>\n<p class=\"read-more-container\"><a title=\"Lamellan Paket Kit (ATC500, ATC700)\" class=\"read-more button\" href=\"https:\/\/transfercasepartshop.com\/de\/bmw-de\/atc500-de\/lamellan-paket-kit-atc500-atc700\/#more-430284\" aria-label=\"Mehr Informationen \u00fcber Lamellan Paket Kit (ATC500, ATC700)\">Weiter Lesen<\/a><\/p>","protected":false},"featured_media":416834,"comment_status":"open","ping_status":"closed","template":"","meta":{"_acf_changed":false},"product_brand":[],"product_cat":[126,143,145],"product_tag":[378,249],"class_list":{"0":"post-430284","1":"product","2":"type-product","3":"status-publish","4":"has-post-thumbnail","6":"product_cat-bmw-de","7":"product_cat-atc500-de","8":"product_cat-atc700-de","9":"product_tag-dynax-corporation-de","10":"product_tag-kupplung-ersatzteile","11":"infinite-scroll-item","12":"no-featured-image-padding","13":"resize-featured-image","14":"sales-flash-overlay","15":"woocommerce-text-align-center","16":"woocommerce-image-align-center","17":"wc-has-gallery","19":"first","20":"instock","21":"taxable","22":"shipping-taxable","23":"purchasable","24":"product-type-simple"},"acf":{"s-tec_number":"-","oem-ref":"","tartalom":"7db-Lamellen, 8db-Gleitplatte","lamella-alert":"","transfer_case_application_v2":["BMW ATC500 2003-2006 X5 E53","BMW ATC700 2006-2013 X5 E70, E70 LCI","BMW ATC700 2008-2014 X6 E71, E72 hybrid"],"transfer_case_application":"","kulso_raktar":3,"google_ads_kep":430285,"gtin":""},"_links":{"self":[{"href":"https:\/\/transfercasepartshop.com\/de\/wp-json\/wp\/v2\/product\/430284","targetHints":{"allow":["GET"]}}],"collection":[{"href":"https:\/\/transfercasepartshop.com\/de\/wp-json\/wp\/v2\/product"}],"about":[{"href":"https:\/\/transfercasepartshop.com\/de\/wp-json\/wp\/v2\/types\/product"}],"replies":[{"embeddable":true,"href":"https:\/\/transfercasepartshop.com\/de\/wp-json\/wp\/v2\/comments?post=430284"}],"wp:featuredmedia":[{"embeddable":true,"href":"https:\/\/transfercasepartshop.com\/de\/wp-json\/wp\/v2\/media\/416834"}],"wp:attachment":[{"href":"https:\/\/transfercasepartshop.com\/de\/wp-json\/wp\/v2\/media?parent=430284"}],"wp:term":[{"taxonomy":"product_brand","embeddable":true,"href":"https:\/\/transfercasepartshop.com\/de\/wp-json\/wp\/v2\/product_brand?post=430284"},{"taxonomy":"product_cat","embeddable":true,"href":"https:\/\/transfercasepartshop.com\/de\/wp-json\/wp\/v2\/product_cat?post=430284"},{"taxonomy":"product_tag","embeddable":true,"href":"https:\/\/transfercasepartshop.com\/de\/wp-json\/wp\/v2\/product_tag?post=430284"}],"curies":[{"name":"wp","href":"https:\/\/api.w.org\/{rel}","templated":true}]}}