{"id":429683,"date":"2023-02-15T11:04:21","date_gmt":"2024-03-06T09:51:42","guid":{"rendered":"https:\/\/transfercasepartshop.com\/unkategorisiert\/satz-kunststoffteile-fuer-die-lenkung-atc450\/"},"modified":"2026-03-23T09:52:51","modified_gmt":"2026-03-23T08:52:51","slug":"kunststoff-teile-kit-atc450","status":"publish","type":"product","link":"https:\/\/transfercasepartshop.com\/de\/bmw-de\/atc450-de\/kunststoff-teile-kit-atc450\/","title":{"rendered":"Kunststoff Teile Kit (ATC450)"},"content":{"rendered":"<p>Der Schlie\u00dfvorgang der Verteilergetriebekupplung wird vom Stellmotor des Verteilergetriebes ausgef\u00fchrt, wodurch der Allradantrieb sichergestellt wird.<\/p>\n<div class=\"faq-container\">\n<details>\n<summary>Mein BMW zeigt eine Allrad-Fehlermeldung, hilft dieses ATC450 Kunststoff-Kit?<\/summary>\n<p>Ja, oft ist ein abgenutztes Zahnrad oder Kunststoffteil im Stellmotor des ATC450 Verteilergetriebes die Ursache. Wenn Sie mechanische Knackger\u00e4usche h\u00f6ren oder der Allradantrieb nicht mehr zuschaltet, ist dieses Reparatur-Set eine kosteng\u00fcnstige L\u00f6sung gegen\u00fcber einem kompletten Austausch des Motors.<\/p>\n<\/details>\n<details>\n<summary>Passt dieses Kit in meinen BMW X5 E70 oder X6 E71?<\/summary>\n<p>Das ATC450 Verteilergetriebe wurde vor allem in BMW X5 (E70 LCI) und X6 (E71) Modellen verbaut. Wenn Ihr Fahrzeug mit dem ATC450 Getriebe ausgestattet ist, ist dieses Kit f\u00fcr die Instandsetzung des Stellmotors genau richtig.<\/p>\n<\/details>\n<details>\n<summary>Wie erkenne ich, ob nur das Kunststoffteil im Stellmotor defekt ist?<\/summary>\n<p>Typische Anzeichen sind ein ratterndes Ger\u00e4usch beim Abstellen des Motors oder Fehlermeldungen im Dashboard bez\u00fcglich DSC und xDrive. Wenn der Stellmotor zwar Strom bekommt, aber die Kupplung im Verteilergetriebe nicht korrekt ansteuert, ist meist das interne Kunststoff-Zahnrad verschlissen.<\/p>\n<\/details>\n<details>\n<summary>Kann ich den Austausch des Kits selbst vornehmen?<\/summary>\n<p>Der Einbau erfordert handwerkliches Geschick und Basis-Werkzeug. Der Stellmotor muss ausgebaut und ge\u00f6ffnet werden, um die Verschlei\u00dfteile zu ersetzen. Wir empfehlen, die Reparatur nur durchzuf\u00fchren, wenn Sie Erfahrung mit KFZ-Mechanik haben oder eine Fachwerkstatt aufsuchen.<\/p>\n<\/details>\n<details>\n<summary>Muss der Stellmotor nach dem Einbau neu kalibriert werden?<\/summary>\n<p>In den meisten F\u00e4llen erkennt das Steuerger\u00e4t die korrekte Position nach einigen Zyklen selbst. Dennoch empfiehlt es sich, mit einem Diagnoseger\u00e4t (wie ISTA) eine Kalibrierung des Stellmotors durchzuf\u00fchren, um die optimale Funktion des Allradantriebs sicherzustellen.<\/p>\n<\/details>\n<\/div>\n<p><script type=\"application\/ld+json\">\n{\n  \"@context\": \"https:\/\/schema.org\",\n  \"@type\": \"FAQPage\",\n  \"mainEntity\": [\n    {\n      \"@type\": \"Question\",\n      \"name\": \"Mein BMW zeigt eine Allrad-Fehlermeldung, hilft dieses ATC450 Kunststoff-Kit?\",\n      \"acceptedAnswer\": {\n        \"@type\": \"Answer\",\n        \"text\": \"Ja, oft ist ein abgenutztes Zahnrad oder Kunststoffteil im Stellmotor des ATC450 Verteilergetriebes die Ursache. Wenn Sie mechanische Knackgeru00e4usche hu00f6ren oder der Allradantrieb nicht mehr zuschaltet, ist dieses Reparatur-Set eine kostengu00fcnstige Lu00f6sung gegenu00fcber einem kompletten Austausch des Motors.\"\n      }\n    },\n    {\n      \"@type\": \"Question\",\n      \"name\": \"Passt dieses Kit in meinen BMW X5 E70 oder X6 E71?\",\n      \"acceptedAnswer\": {\n        \"@type\": \"Answer\",\n        \"text\": \"Das ATC450 Verteilergetriebe wurde vor allem in BMW X5 (E70 LCI) und X6 (E71) Modellen verbaut. Wenn Ihr Fahrzeug mit dem ATC450 Getriebe ausgestattet ist, ist dieses Kit fu00fcr die Instandsetzung des Stellmotors genau richtig.\"\n      }\n    },\n    {\n      \"@type\": \"Question\",\n      \"name\": \"Wie erkenne ich, ob nur das Kunststoffteil im Stellmotor defekt ist?\",\n      \"acceptedAnswer\": {\n        \"@type\": \"Answer\",\n        \"text\": \"Typische Anzeichen sind ein ratterndes Geru00e4usch beim Abstellen des Motors oder Fehlermeldungen im Dashboard bezu00fcglich DSC und xDrive. Wenn der Stellmotor zwar Strom bekommt, aber die Kupplung im Verteilergetriebe nicht korrekt ansteuert, ist meist das interne Kunststoff-Zahnrad verschlissen.\"\n      }\n    },\n    {\n      \"@type\": \"Question\",\n      \"name\": \"Kann ich den Austausch des Kits selbst vornehmen?\",\n      \"acceptedAnswer\": {\n        \"@type\": \"Answer\",\n        \"text\": \"Der Einbau erfordert handwerkliches Geschick und Basis-Werkzeug. Der Stellmotor muss ausgebaut und geu00f6ffnet werden, um die Verschleiu00dfteile zu ersetzen. Wir empfehlen, die Reparatur nur durchzufu00fchren, wenn Sie Erfahrung mit KFZ-Mechanik haben oder eine Fachwerkstatt aufsuchen.\"\n      }\n    },\n    {\n      \"@type\": \"Question\",\n      \"name\": \"Muss der Stellmotor nach dem Einbau neu kalibriert werden?\",\n      \"acceptedAnswer\": {\n        \"@type\": \"Answer\",\n        \"text\": \"In den meisten Fu00e4llen erkennt das Steuergeru00e4t die korrekte Position nach einigen Zyklen selbst. Dennoch empfiehlt es sich, mit einem Diagnosegeru00e4t (wie ISTA) eine Kalibrierung des Stellmotors durchzufu00fchren, um die optimale Funktion des Allradantriebs sicherzustellen.\"\n      }\n    }\n  ]\n}\n<\/script><\/p>","protected":false},"excerpt":{"rendered":"<p>Der Schlie\u00dfvorgang der Verteilergetriebekupplung wird vom Stellmotor des Verteilergetriebes ausgef\u00fchrt, wodurch der Allradantrieb sichergestellt wird. Mein BMW zeigt eine Allrad-Fehlermeldung, hilft dieses ATC450 Kunststoff-Kit? Ja, &#8230; <\/p>\n<p class=\"read-more-container\"><a title=\"Kunststoff Teile Kit (ATC450)\" class=\"read-more button\" href=\"https:\/\/transfercasepartshop.com\/de\/bmw-de\/atc450-de\/kunststoff-teile-kit-atc450\/#more-429683\" aria-label=\"Mehr Informationen \u00fcber Kunststoff Teile Kit (ATC450)\">Weiter Lesen<\/a><\/p>","protected":false},"featured_media":429684,"comment_status":"closed","ping_status":"closed","template":"","meta":{"_acf_changed":false},"product_brand":[],"product_cat":[141,126],"product_tag":[349,392],"class_list":{"0":"post-429683","1":"product","2":"type-product","3":"status-publish","4":"has-post-thumbnail","6":"product_cat-atc450-de","7":"product_cat-bmw-de","8":"product_tag-kunststoffteile","9":"product_tag-magna-powertrain-de","10":"infinite-scroll-item","11":"no-featured-image-padding","12":"resize-featured-image","13":"sales-flash-overlay","14":"woocommerce-text-align-center","15":"woocommerce-image-align-center","16":"wc-has-gallery","18":"first","19":"instock","20":"taxable","21":"shipping-taxable","22":"purchasable","23":"product-type-simple"},"acf":{"s-tec_number":"SP04545","oem-ref":"","tartalom":"Das Paket enth\u00e4lt alle Kunststoffteile im Splitter","lamella-alert":"","transfer_case_application_v2":["BMW ATC450 2006-2013 X5 E70, E70 LCI","BMW ATC450 2008-2014 X6 E71 E72 Hybrid","BMW ATC450 2008-2014 X6 E71, E72 hybrid","BMW ATC450 2010-2017 X3 F25"],"transfer_case_application":"","kulso_raktar":1,"google_ads_kep":429738,"gtin":9009381177074},"_links":{"self":[{"href":"https:\/\/transfercasepartshop.com\/de\/wp-json\/wp\/v2\/product\/429683","targetHints":{"allow":["GET"]}}],"collection":[{"href":"https:\/\/transfercasepartshop.com\/de\/wp-json\/wp\/v2\/product"}],"about":[{"href":"https:\/\/transfercasepartshop.com\/de\/wp-json\/wp\/v2\/types\/product"}],"replies":[{"embeddable":true,"href":"https:\/\/transfercasepartshop.com\/de\/wp-json\/wp\/v2\/comments?post=429683"}],"wp:featuredmedia":[{"embeddable":true,"href":"https:\/\/transfercasepartshop.com\/de\/wp-json\/wp\/v2\/media\/429684"}],"wp:attachment":[{"href":"https:\/\/transfercasepartshop.com\/de\/wp-json\/wp\/v2\/media?parent=429683"}],"wp:term":[{"taxonomy":"product_brand","embeddable":true,"href":"https:\/\/transfercasepartshop.com\/de\/wp-json\/wp\/v2\/product_brand?post=429683"},{"taxonomy":"product_cat","embeddable":true,"href":"https:\/\/transfercasepartshop.com\/de\/wp-json\/wp\/v2\/product_cat?post=429683"},{"taxonomy":"product_tag","embeddable":true,"href":"https:\/\/transfercasepartshop.com\/de\/wp-json\/wp\/v2\/product_tag?post=429683"}],"curies":[{"name":"wp","href":"https:\/\/api.w.org\/{rel}","templated":true}]}}