{"id":436124,"date":"2025-01-09T14:02:00","date_gmt":"2025-01-09T13:02:00","guid":{"rendered":"https:\/\/transfercasepartshop.com\/videos\/"},"modified":"2025-01-29T08:25:50","modified_gmt":"2025-01-29T07:25:50","slug":"videos","status":"publish","type":"page","link":"https:\/\/transfercasepartshop.com\/de\/videos\/","title":{"rendered":"Videos"},"content":{"rendered":"<div class=\"gb-container gb-container-a423bdf3\">\n<div class=\"gb-container gb-container-ab8a5627\">\n<div class=\"gb-grid-wrapper gb-grid-wrapper-700a58e7\">\n<div class=\"gb-grid-column gb-grid-column-62a65ab9\"><div class=\"gb-container gb-container-62a65ab9\">\n<h2 class=\"gb-headline gb-headline-d3dfd547 gb-headline-text\"><iframe loading=\"lazy\" width=\"560\" height=\"315\" src=\"https:\/\/www.youtube.com\/embed\/-KEOIesufYE?si=SDV6FhQ3RrK1kmMY\" title=\"YouTube video player\" frameborder=\"0\" allowfullscreen><\/iframe><\/h2>\n\n<h2 class=\"gb-headline gb-headline-2a20ca8a gb-headline-text\"><a href=\"https:\/\/transfercasepartshop.com\/de\/video\/atc400-verteilergetrieben-demontage-reparatur-und-montage\/\">ATC400 Verteilergetrieben Demontage, Reparatur und Montage<\/a><\/h2>\n\n<h2 class=\"gb-headline gb-headline-1c884e69 gb-headline-text\">In dem Video restaurieren wir ein BMW ATC400 Verteilergetriebe. Der Umbau erfolgt ausschlie\u00dflich mit Werksteilen f\u00fcr das Verteilergetriebe. Eine Voraussetzung f\u00fcr eine professionelle Verteilergetriebe-Reparatur ist der Einbau der richtigen Qualit\u00e4tsteile und die Verwendung von Werkstechnik bei der Montage des Verteilergetriebes.<\/h2>\n\n<h2 class=\"gb-headline gb-headline-bcaa4dd1 gb-headline-text\">Das im Video gezeigte Set ist unter folgendem <a href=\"https:\/\/transfercasepartshop.com\/de\/produkt\/bmw-de\/atc400-de\/atc400-bmw-allgemeines-reparaturset\/\">Link erh\u00e4ltlich<\/a>.<\/h2>\n<\/div><\/div>\n\n<div class=\"gb-grid-column gb-grid-column-d12c7e25\"><div class=\"gb-container gb-container-d12c7e25\">\n<h2 class=\"gb-headline gb-headline-6031f082 gb-headline-text\"><iframe loading=\"lazy\" width=\"560\" height=\"315\" src=\"https:\/\/www.youtube.com\/embed\/F94XTtr6v4c?si=qhYulgJbqMXVnVNv\" title=\"YouTube video player\" frameborder=\"0\" allowfullscreen><\/iframe><\/h2>\n\n<h2 class=\"gb-headline gb-headline-d9eab873 gb-headline-text\"><a href=\"https:\/\/transfercasepartshop.com\/de\/video\/bmw-verteilergetriebe-reparatur-atc500-atc700\/\">BMW Verteilergetriebe Reparatur \u2013 ATC500, ATC700<\/a><\/h2>\n\n<h2 class=\"gb-headline gb-headline-92189ea0 gb-headline-text\">In dem Video restaurieren wir ein BMW ATC500, ATC700 Verteilergetriebe. Der Umbau erfolgt ausschlie\u00dflich mit Werksteilen f\u00fcr das Verteilergetriebe. Eine Voraussetzung f\u00fcr eine professionelle Verteilergetriebe-Reparatur ist der Einbau der richtigen Qualit\u00e4tsteile und die Verwendung von Werkstechnik bei der Montage des Verteilergetriebes.<\/h2>\n\n<h2 class=\"gb-headline gb-headline-de67f6bf gb-headline-text\">Das im Video gezeigte Set ist unter folgendem <a href=\"https:\/\/transfercasepartshop.com\/de\/produkt\/bmw-de\/atc500-de\/atc500-bmw-allgemeines-reparaturset\/\">Link<\/a>, <a href=\"https:\/\/transfercasepartshop.com\/de\/produkt\/bmw-de\/atc700-de\/atc700-bmw-allgemeines-reparaturset\/\" data-type=\"link\" data-id=\"https:\/\/transfercasepartshop.com\/de\/produkt\/bmw-de\/atc700-de\/atc700-bmw-allgemeines-reparaturset\/\">Link<\/a>, illetve <a href=\"https:\/\/transfercasepartshop.com\/de\/produkt\/bmw-de\/atc700-de\/verteilerkettenrad-atc700\/\" data-type=\"link\" data-id=\"https:\/\/transfercasepartshop.com\/de\/produkt\/bmw-de\/atc700-de\/verteilerkettenrad-atc700\/\">Link<\/a> erh\u00e4ltlich.<\/h2>\n<\/div><\/div>\n\n<div class=\"gb-grid-column gb-grid-column-7f125e09\"><div class=\"gb-container gb-container-7f125e09\">\n<h2 class=\"gb-headline gb-headline-f1bdc4cc gb-headline-text\"><iframe loading=\"lazy\" width=\"560\" height=\"315\" src=\"https:\/\/www.youtube.com\/embed\/zpyTyzdluPo?si=Di-6HY3Z7b5KeY9E\" title=\"YouTube video player\" frameborder=\"0\" allowfullscreen><\/iframe><\/h2>\n\n<h2 class=\"gb-headline gb-headline-8adf1db0 gb-headline-text\"><a href=\"https:\/\/transfercasepartshop.com\/de\/video\/bmw-verteilergetriebes-kupplung-reparatur-atc400-atc500-atc700\/\">BMW Verteilergetriebes Kupplung Reparatur \u2013 ATC400, ATC500, ATC700<\/a><\/h2>\n\n<h2 class=\"gb-headline gb-headline-7a028c57 gb-headline-text\">In dem Video restaurieren wir ein BMW ATC 400, ATC500, ATC700 Verteilergetriebe kupplung. Der Umbau erfolgt ausschlie\u00dflich mit Werksteilen f\u00fcr das Verteilergetriebe kupplung. Eine Voraussetzung f\u00fcr eine professionelle Verteilergetrieben kupplung Reparatur ist der Einbau der richtigen Qualit\u00e4tsteile und die Verwendung von Werkstechnik bei der Montage des Verteilergetriebes kupplung.<\/h2>\n\n<h2 class=\"gb-headline gb-headline-9d500f83 gb-headline-text\">Das im Video gezeigte Set ist unter folgendem <a href=\"https:\/\/transfercasepartshop.com\/de\/produkt\/bmw-de\/atc400-de\/kompletter-kupplungs-reperatursatz-atc400\/\" data-type=\"link\" data-id=\"https:\/\/transfercasepartshop.com\/de\/produkt\/bmw-de\/atc400-de\/kompletter-kupplungs-reperatursatz-atc400\/\">Link<\/a>, <a href=\"https:\/\/transfercasepartshop.com\/de\/produkt\/bmw-de\/atc500-de\/kompletter-kupplungs-reperatursatz-atc500\/\" data-type=\"link\" data-id=\"https:\/\/transfercasepartshop.com\/de\/produkt\/bmw-de\/atc500-de\/kompletter-kupplungs-reperatursatz-atc500\/\">Link<\/a> und <a href=\"https:\/\/transfercasepartshop.com\/de\/produkt\/bmw-de\/atc700-de\/kompletter-kupplungs-reperatursatz-atc700\/\" data-type=\"link\" data-id=\"https:\/\/transfercasepartshop.com\/de\/produkt\/bmw-de\/atc700-de\/kompletter-kupplungs-reperatursatz-atc700\/\/\">Link<\/a> erh\u00e4ltlich. \nKupplung 400 <a href=\"https:\/\/transfercasepartshop.com\/de\/produkt\/bmw-de\/atc400-de\/verteilergetriebe-kupplung-atc400\/\" data-type=\"link\" data-id=\"https:\/\/transfercasepartshop.com\/de\/produkt\/bmw-de\/atc400-de\/verteilergetriebe-kupplung-atc400\/\">Link<\/a> \/ Kupplung 500 <a href=\"https:\/\/transfercasepartshop.com\/de\/produkt\/bmw-de\/atc500-de\/verteilergetriebe-kupplung-atc500\/\" data-type=\"link\" data-id=\"https:\/\/transfercasepartshop.com\/de\/produkt\/bmw-de\/atc500-de\/verteilergetriebe-kupplung-atc500\/\">Link<\/a> \/ Kupplung 700 <a href=\"https:\/\/transfercasepartshop.com\/de\/produkt\/bmw-de\/atc700-de\/verteilergetriebe-kupplung-atc700\/\" data-type=\"link\" data-id=\"https:\/\/transfercasepartshop.com\/de\/produkt\/bmw-de\/atc700-de\/verteilergetriebe-kupplung-atc700\/\">Link<\/a> erh\u00e4ltlich.<\/h2>\n<\/div><\/div>\n\n<div class=\"gb-grid-column gb-grid-column-b729cbf3\"><div class=\"gb-container gb-container-b729cbf3\">\n<h2 class=\"gb-headline gb-headline-e1bc642b gb-headline-text\"><iframe loading=\"lazy\" width=\"560\" height=\"315\" src=\"https:\/\/www.youtube.com\/embed\/yupIB3NKBJ0?si=0WmR13Ao9WhV_t_D\" title=\"YouTube video player\" frameborder=\"0\" allowfullscreen><\/iframe><\/h2>\n\n<h2 class=\"gb-headline gb-headline-f30a764a gb-headline-text\"><a href=\"https:\/\/transfercasepartshop.com\/de\/video\/bmw-verteilergetriebes-reparatur-kupplungswinkel-einstellen-messen-mit-firmendaten\/\">BMW Verteilergetriebes Reparatur, Kupplungswinkel Einstellen \/ Messen MIT Firmendaten<\/a><\/h2>\n\n<h2 class=\"gb-headline gb-headline-14294b29 gb-headline-text\">Im Video zeigen wir Ihnen, wie Sie den korrekten Schlie\u00dfwinkel der Kupplung einstellen, damit das Verteilergetriebe in Verbindung mit der Elektronik, die das Verteilergetriebe steuert, pr\u00e4zise arbeiten kann. F\u00fcr das effizienteste Einkuppeln und eine optimale Drehmomentverteilung.<\/h2>\n\n<h2 class=\"gb-headline gb-headline-cf94383e gb-headline-text\">Das im Video gezeigte Set ist unter folgendem <a href=\"https:\/\/transfercasepartshop.com\/de\/produkt\/bmw-de\/atc400-de\/kompletter-kupplungs-reperatursatz-atc400\/\" data-type=\"link\" data-id=\"https:\/\/transfercasepartshop.com\/hu\/bmw\/atc400\/komplett-kuplung-felujito-szett-atc400\/\">Link<\/a>, <a href=\"https:\/\/transfercasepartshop.com\/de\/produkt\/bmw-de\/atc500-de\/kompletter-kupplungs-reperatursatz-atc500\/\" data-type=\"link\" data-id=\"https:\/\/transfercasepartshop.com\/de\/produkt\/bmw-de\/atc500-de\/kompletter-kupplungs-reperatursatz-atc500\/\">Link<\/a> und <a href=\"https:\/\/transfercasepartshop.com\/de\/produkt\/bmw-de\/atc700-de\/kompletter-kupplungs-reperatursatz-atc700\/\" data-type=\"link\" data-id=\"https:\/\/transfercasepartshop.com\/hu\/bmw\/atc700\/komplett-kuplung-felujito-szett-atc700\/\">Link<\/a> erh\u00e4ltlich. Kupplung 400 <a href=\"https:\/\/transfercasepartshop.com\/de\/produkt\/bmw-de\/atc400-de\/verteilergetriebe-kupplung-atc400\/\" data-type=\"link\" data-id=\"https:\/\/transfercasepartshop.com\/de\/produkt\/bmw-de\/atc400-de\/verteilergetriebe-kupplung-atc400\/\">Link<\/a> \/ Kupplung 500 <a href=\"https:\/\/transfercasepartshop.com\/de\/produkt\/bmw-de\/atc500-de\/verteilergetriebe-kupplung-atc500\/\" data-type=\"link\" data-id=\"https:\/\/transfercasepartshop.com\/hu\/bmw\/atc500\/osztomu-kuplung-atc500\/\">Link<\/a> \/ Kupplung 700 <a href=\"https:\/\/transfercasepartshop.com\/de\/produkt\/bmw-de\/atc700-de\/verteilergetriebe-kupplung-atc700\/\" data-type=\"link\" data-id=\"https:\/\/transfercasepartshop.com\/hu\/bmw\/atc700\/osztomu-kuplung-atc700\/\">Link<\/a> erh\u00e4ltlich.<\/h2>\n<\/div><\/div>\n<\/div>\n<\/div>\n<\/div>","protected":false},"excerpt":{"rendered":"","protected":false},"author":7,"featured_media":0,"parent":0,"menu_order":0,"comment_status":"closed","ping_status":"closed","template":"","meta":{"_acf_changed":false,"footnotes":""},"class_list":{"0":"post-436124","1":"page","2":"type-page","3":"status-publish","5":"infinite-scroll-item","6":"no-featured-image-padding"},"acf":[],"_links":{"self":[{"href":"https:\/\/transfercasepartshop.com\/de\/wp-json\/wp\/v2\/pages\/436124","targetHints":{"allow":["GET"]}}],"collection":[{"href":"https:\/\/transfercasepartshop.com\/de\/wp-json\/wp\/v2\/pages"}],"about":[{"href":"https:\/\/transfercasepartshop.com\/de\/wp-json\/wp\/v2\/types\/page"}],"author":[{"embeddable":true,"href":"https:\/\/transfercasepartshop.com\/de\/wp-json\/wp\/v2\/users\/7"}],"replies":[{"embeddable":true,"href":"https:\/\/transfercasepartshop.com\/de\/wp-json\/wp\/v2\/comments?post=436124"}],"version-history":[{"count":0,"href":"https:\/\/transfercasepartshop.com\/de\/wp-json\/wp\/v2\/pages\/436124\/revisions"}],"wp:attachment":[{"href":"https:\/\/transfercasepartshop.com\/de\/wp-json\/wp\/v2\/media?parent=436124"}],"curies":[{"name":"wp","href":"https:\/\/api.w.org\/{rel}","templated":true}]}}