{"id":428053,"date":"2024-03-06T08:29:41","date_gmt":"2024-03-06T07:29:41","guid":{"rendered":"https:\/\/transfercasepartshop.com\/diagramme-aus\/itc-pla-itc-dd295-schema-teilekatalog\/"},"modified":"2024-03-06T16:40:03","modified_gmt":"2024-03-06T15:40:03","slug":"itc-pla-itc-dd295-schema-teilekatalog","status":"publish","type":"page","link":"https:\/\/transfercasepartshop.com\/de\/diagramme-aus\/itc-pla-itc-dd295-schema-teilekatalog\/","title":{"rendered":"ITC PLA &#8211; ITC DD295 Schema \/ Teilekatalog"},"content":{"rendered":"<figure class=\"wp-block-table is-style-stripes\"><table><tbody><tr><td>\n<h3><strong>Position<\/strong><\/h3>\n<\/td><td>\n<h3><strong>OEM-Nummer<\/strong><\/h3>\n<\/td><td>\n<h3><strong>Menge<\/strong><\/h3>\n<\/td><td>\n<h3><strong>Name des Teils<\/strong><\/h3>\n<\/td><td>\n<h3><strong>Kommentar<\/strong><\/h3>\n<\/td><\/tr><tr><td>K01<\/td><td>\u00a0<\/td><td>1 St\u00fcck<\/td><td>Lagersatz<\/td><td><a href=\"https:\/\/transfercasepartshop.com\/de\/produkt\/mercedes-benz-de\/dcd-2-de\/splitterlagersatz-itc-dd295-itc-pla-dcd\/\" target=\"_blank\" data-type=\"product\" data-id=\"390562\" rel=\"noreferrer noopener\">Splitterlagersatz (ITC DD295, ITC PLA, DCD)<\/a><br\/>Umfasst die Positionen 03, 10, 23, 35, 37, 38, 51, 62, 69, 82, 84<\/td><\/tr><tr><td>K02<\/td><td>\u00a0<\/td><td>1 St\u00fcck<\/td><td>Dichtungssatz<\/td><td><a href=\"https:\/\/transfercasepartshop.com\/de\/produkt\/land-rover-de\/itc-dd295-2-de\/dichtungssatz-fuer-verteiler-itc-dd295-itc-pla\/\" target=\"_blank\" data-type=\"product\" data-id=\"390558\" rel=\"noreferrer noopener\">Dichtungssatz f\u00fcr Verteiler (ITC DD295, ITC PLA)<\/a><br\/>Umfasst die Positionen 01,49,58,64,81<\/td><\/tr><tr><td>K03<\/td><td>A1645400188<\/td><td>1 St\u00fcck<\/td><td>Schachtschalterset<\/td><td>A 72., 73. Position enthalten<\/td><\/tr><tr><td>K04<\/td><td>A1642820082<\/td><td>1 St\u00fcck<\/td><td>Schachtverl\u00e4ngerung vorne Satz<\/td><td>Umfasst die Positionen 48, 49, 50<\/td><\/tr><tr><td>K05<\/td><td>A1642870045<\/td><td>1 St\u00fcck<\/td><td>Schachtverl\u00e4ngerung hinten Satz<\/td><td>Umfasst die Positionen 80, 81, 82, 83 und 84. Informationen f\u00fcr DCD: Verwendet in A1642801200. Informationen f\u00fcr das DCS: Verwendet in A2512801300<\/td><\/tr><tr><td>K05<\/td><td>A1642820182<\/td><td>1 St\u00fcck<\/td><td>Schachtverl\u00e4ngerung hinten Satz<\/td><td>A 80., 81.,82., 83., 84. Position umfasst. Informationen f\u00fcr DCD: Verwendet in A1662800800. Informationen f\u00fcr DCS: Verwendet f\u00fcr die Typen A2512802700, A25152803100<\/td><\/tr><tr><td>K06<\/td><td>\u00a0<\/td><td>1 St\u00fcck<\/td><td>Kupplungssatz<\/td><td>Umfasst die Positionen 56, 57, 58, 59, 60<\/td><\/tr><tr><td>K07<\/td><td>\u00a0<\/td><td>1 St\u00fcck<\/td><td>Kupplungssatz<\/td><td>Umfasst die Positionen 74, 75, 76, 77<\/td><\/tr><tr><td>K08<\/td><td>A1642800058; IGF500011<\/td><td>1 St\u00fcck<\/td><td>Transmitter-Set<\/td><td>Positionen 24, 25, 26 eingeschlossen<\/td><\/tr><tr><td>K09<\/td><td>A1645500055; IAB500191<\/td><td>1 St\u00fcck<\/td><td>Sensor-Set<\/td><td>Positionen 66, 67 enthalten<\/td><\/tr><tr><td>K10<\/td><td>\u00a0<\/td><td>1 St\u00fcck<\/td><td>Kettenf\u00fchrungsgleiterset<\/td><td><a href=\"https:\/\/transfercasepartshop.com\/de\/produkt\/mercedes-benz-de\/dcd-2-de\/kettenfuehrungsschiebersatz-atc400-atc700-itc-dd295-dcd\/\" target=\"_blank\" data-type=\"product\" data-id=\"390524\" rel=\"noreferrer noopener\">Kettenf\u00fchrungsschiebersatz (ATC400, ATC700, ITC DD295, DCD)<\/a><br\/>A 53., 54. Position enthalten<\/td><\/tr><tr><td>01<\/td><td>A0149971346<\/td><td>1 St\u00fcck<\/td><td>Ringdichtung<\/td><td>\u00a0<\/td><\/tr><tr><td>02<\/td><td>\u00a0<\/td><td>1 St\u00fcck<\/td><td>Verriegelungsring<\/td><td>\u00a0<\/td><\/tr><tr><td>03<\/td><td>\u00a0<\/td><td>1 St\u00fcck<\/td><td>Kegelf\u00f6rmiges Kugellager<\/td><td>\u00a0<\/td><\/tr><tr><td>04<\/td><td>\u00a0<\/td><td>1 St\u00fcck<\/td><td>Vorderseite des Hauses<\/td><td>\u00a0<\/td><\/tr><tr><td>05<\/td><td><font class=\"\" style=\"vertical-align: inherit\">A0019980950<\/font><\/td><td>1 St\u00fcck<\/td><td>Luftansaugung<\/td><td>\u00a0<\/td><\/tr><tr><td>06<\/td><td>\u00a0<\/td><td>1 St\u00fcck<\/td><td>Tellerfeder<\/td><td>\u00a0<\/td><\/tr><tr><td>07<\/td><td>\u00a0<\/td><td>1 St\u00fcck<\/td><td>Verriegelungsring<\/td><td>\u00a0<\/td><\/tr><tr><td>08<\/td><td>\u00a0<\/td><td>1 St\u00fcck<\/td><td>Substratplatte<\/td><td>\u00a0<\/td><\/tr><tr><td>09<\/td><td>\u00a0<\/td><td>1 St\u00fcck<\/td><td>Kardanwelle<\/td><td><a href=\"https:\/\/transfercasepartshop.com\/de\/produkt\/land-rover-de\/itc-pla-de\/drehende-welle-des-verteilers-itc-pla\/\" data-type=\"product\" data-id=\"390561\">  Drehende Welle des Verteilers (ITC PLA)<\/a><\/td><\/tr><tr><td>10<\/td><td>\u00a0<\/td><td>1 St\u00fcck<\/td><td>Nadellager<\/td><td>\u00a0<\/td><\/tr><tr><td>11<\/td><td>\u00a0<\/td><td>1 St\u00fcck<\/td><td>Pumpe und Saugschlauch ASM<\/td><td>\u00a0<\/td><\/tr><tr><td>12<\/td><td>\u00a0<\/td><td>1 St\u00fcck<\/td><td>\u00d6lpumpe<\/td><td>Informationen f\u00fcr ITC PLA: IAB500240, IAB500241, IAB500243, IAB500244, IAB500280, LR006016, LR008206<\/td><\/tr><tr><td>13<\/td><td>\u00a0<\/td><td>1 St\u00fcck<\/td><td>Dichtungsscheibe<\/td><td>\u00a0<\/td><\/tr><tr><td>14<\/td><td>\u00a0<\/td><td>1 St\u00fcck<\/td><td>Kette<\/td><td><a href=\"https:\/\/transfercasepartshop.com\/de\/produkt\/land-rover-de\/itc-pla-de\/verteilerkette-itc-pla\/\" target=\"_blank\" data-type=\"product\" data-id=\"390559\" rel=\"noreferrer noopener\">Verteilerkette (ITC PLA)<\/a><\/td><\/tr><tr><td>14<\/td><td><\/td><td>1 St\u00fcck<\/td><td>Kette<\/td><td><a href=\"https:\/\/transfercasepartshop.com\/de\/produkt\/mercedes-benz-de\/dcd-2-de\/verteilerkette-dcd-itc-dd295\/\" data-type=\"product\" data-id=\"390547\" target=\"_blank\" rel=\"noreferrer noopener\">Verteilerkette (DCD, ITC DD295)<\/a><br\/>Informationen f\u00fcr DCD: Verwendet in A1662800800. Informationen f\u00fcr ITC PLA: Zur Verwendung mit IAB500240, IAB500241, IAB500243, IAB500244, IAB500280, LR006016, LR008206<\/td><\/tr><tr><td>15<\/td><td>\u00a0<\/td><td>1 St\u00fcck<\/td><td>Aufspringender Ring<\/td><td>\u00a0<\/td><\/tr><tr><td>16<\/td><td>\u00a0<\/td><td>1 St\u00fcck<\/td><td>Tengely<\/td><td>\u00a0<\/td><\/tr><tr><td>18<\/td><td>\u00a0<\/td><td>1 St\u00fcck<\/td><td>Differential-ASM<\/td><td>\u00a0<\/td><\/tr><tr><td>19<\/td><td>\u00a0<\/td><td>6 St\u00fcck<\/td><td>Innensechskantschraube<\/td><td>\u00a0<\/td><\/tr><tr><td>20<\/td><td>\u00a0<\/td><td>1 St\u00fcck<\/td><td>Abstandsring<\/td><td>\u00a0<\/td><\/tr><tr><td>21<\/td><td>\u00a0<\/td><td>1 St\u00fcck<\/td><td>Kettenf\u00fchrungsschlitten<\/td><td>\u00a0<\/td><\/tr><tr><td>22<\/td><td>\u00a0<\/td><td>1 St\u00fcck<\/td><td>Fixierring<\/td><td>Informationen f\u00fcr ITC PLA: IAB500240, IAB500241, IAB500243, IAB500244, IAB500280, LR006016, LR008206<\/td><\/tr><tr><td>23<\/td><td>\u00a0<\/td><td>1 St\u00fcck<\/td><td><a href=\"\/products\/dcd-dd295-itcpla-transfer-case-bearing-kit-mercedes-ml-gl-off-road-package-range-rover-sport-discovery\">Kegelf\u00f6rmiges Kugellager<\/a><\/td><td><\/td><\/tr><tr><td>24<\/td><td>\u00a0<\/td><td>3 St\u00fcck<\/td><td>Schraube<\/td><td> <a href=\"https:\/\/transfercasepartshop.com\/de\/produkt\/mercedes-benz-de\/dcd-2-de\/splitter-sendersatz-itc-dd295-itc-pla-dcd\/\" data-type=\"product\" data-id=\"390504\" target=\"_blank\" rel=\"noreferrer noopener\">  Splitter-Sendersatz (ITC DD295, ITC PLA, DCD)<\/a><\/td><\/tr><tr><td>25<\/td><td>\u00a0<\/td><td>1 St\u00fcck<\/td><td>Sender<\/td><td> <a href=\"https:\/\/transfercasepartshop.com\/de\/produkt\/mercedes-benz-de\/dcd-2-de\/splitter-sendersatz-itc-dd295-itc-pla-dcd\/\" data-type=\"product\" data-id=\"390504\" target=\"_blank\" rel=\"noreferrer noopener\">  Splitter-Sendersatz (ITC DD295, ITC PLA, DCD)<\/a><\/td><\/tr><tr><td>26<\/td><td>\u00a0<\/td><td>1 St\u00fcck<\/td><td>Kontrolle<\/td><td>  <a href=\"https:\/\/transfercasepartshop.com\/de\/produkt\/mercedes-benz-de\/dcd-2-de\/splitter-sendersatz-itc-dd295-itc-pla-dcd\/\" target=\"_blank\" rel=\"noreferrer noopener\">  Splitter-Sendersatz (ITC DD295, ITC PLA, DCD)<\/a><\/td><\/tr><tr><td>27<\/td><td>\u00a0<\/td><td>1 St\u00fcck<\/td><td>Haus hinten<\/td><td>\u00a0<\/td><\/tr><tr><td>28<\/td><td>\u00a0<\/td><td>19 St\u00fcck<\/td><td>Tellerschraube<\/td><td>\u00a0<\/td><\/tr><tr><td>48<\/td><td>\u00a0<\/td><td>1 St\u00fcck<\/td><td>Schachtverl\u00e4ngerung an der Vorderseite<\/td><td>\u00a0<\/td><\/tr><tr><td>49<\/td><td>332161LA0A; A0159975845; IZB500040<\/td><td>1 St\u00fcck<\/td><td>Ringdichtung<\/td><td>\u00a0<\/td><\/tr><tr><td>50<\/td><td>A0019941440<\/td><td>1 St\u00fcck<\/td><td>Aufspringender Ring<\/td><td>\u00a0<\/td><\/tr><tr><td>51<\/td><td>\u00a0<\/td><td>1 St\u00fcck<\/td><td>Kegelf\u00f6rmiges Kugellager<\/td><td>\u00a0<\/td><\/tr><tr><td>52<\/td><td>\u00a0<\/td><td>2 St\u00fcck<\/td><td>Nadel<\/td><td>\u00a0<\/td><\/tr><tr><td>53<\/td><td>\u00a0<\/td><td>2 St\u00fcck<\/td><td>Kettenf\u00fchrungsschlitten<\/td><td>\u00a0<\/td><\/tr><tr><td>54<\/td><td>\u00a0<\/td><td>4 St\u00fcck<\/td><td>Schraube<\/td><td>\u00a0<\/td><\/tr><tr><td>55<\/td><td>\u00a0<\/td><td>1 St\u00fcck<\/td><td>Ritzel<\/td><td>Informationen f\u00fcr ITC PLA: IAB500240, IAB500241, IAB500243, IAB500244, IAB500280, LR006016, LR008206<\/td><\/tr><tr><td>56<\/td><td>\u00a0<\/td><td>1 St\u00fcck<\/td><td>Verriegelungsring<\/td><td>\u00a0<\/td><\/tr><tr><td>57<\/td><td>\u00a0<\/td><td>1 St\u00fcck<\/td><td>Spezialschraube<\/td><td>\u00a0<\/td><\/tr><tr><td>58<\/td><td>\u00a0<\/td><td>1 St\u00fcck<\/td><td>O-Ring<\/td><td>\u00a0<\/td><\/tr><tr><td>59<\/td><td>\u00a0<\/td><td>2 St\u00fcck<\/td><td>Kettenf\u00fchrungsschlitten<\/td><td>\u00a0<\/td><\/tr><tr><td>60<\/td><td>\u00a0<\/td><td>1 St\u00fcck<\/td><td>Schaltgabel<\/td><td>\u00a0<\/td><\/tr><tr><td>61<\/td><td>\u00a0<\/td><td>1 St\u00fcck<\/td><td>Magnet<\/td><td>Informationen f\u00fcr die ITC PLA: IAB500244, IAB500280, LR008206, LR023011, LR035617, LR045477, LR049160<\/td><\/tr><tr><td>62<\/td><td>\u00a0<\/td><td>1 St\u00fcck<\/td><td>Kegelf\u00f6rmiges Kugellager<\/td><td>\u00a0<\/td><\/tr><tr><td>63<\/td><td>A0029900612; IYB500020<\/td><td>2 St\u00fcck<\/td><td>Stecker<\/td><td>Informationen f\u00fcr ITC PLA: IAB500240, IAB500241, IAB500243, IAB500244, IAB500280, LR006016, LR008206<\/td><\/tr><tr><td>64<\/td><td>8201057777; IYF500030; TYF101070<\/td><td>2 St\u00fcck<\/td><td>Untere Dichtung<\/td><td>Informationen f\u00fcr ITC PLA: IAB500240, IAB500241, IAB500243, IAB500244, IAB500280, LR006016, LR008206<\/td><\/tr><tr><td>65<\/td><td>\u00a0<\/td><td>1 St\u00fcck<\/td><td>Einsteller<\/td><td>\u00a0<\/td><\/tr><tr><td>66<\/td><td>\u00a0<\/td><td>1 St\u00fcck<\/td><td>Sensor<\/td><td>\u00a0<\/td><\/tr><tr><td>67<\/td><td>\u00a0<\/td><td>2 St\u00fcck<\/td><td>Tellerschraube<\/td><td>\u00a0<\/td><\/tr><tr><td>68<\/td><td>\u00a0<\/td><td>1 St\u00fcck<\/td><td>Schachtschalter ASM<\/td><td>\u00a0<\/td><\/tr><tr><td>69<\/td><td>\u00a0<\/td><td>1 St\u00fcck<\/td><td><a href=\"\/products\/dcd-dd295-itcpla-transfer-case-bearing-kit-mercedes-ml-gl-off-road-package-range-rover-sport-discovery\">Kegelf\u00f6rmiges Kugellager<\/a><\/td><td>\u00a0<\/td><\/tr><tr><td>70<\/td><td>\u00a0<\/td><td>1 St\u00fcck<\/td><td>Verriegelungsring<\/td><td>\u00a0<\/td><\/tr><tr><td>71<\/td><td>\u00a0<\/td><td>1 St\u00fcck<\/td><td>Fixierring<\/td><td>\u00a0<\/td><\/tr><tr><td>72<\/td><td>\u00a0<\/td><td>1 St\u00fcck<\/td><td>Achsschalter<\/td><td>\u00a0<\/td><\/tr><tr><td>73<\/td><td>\u00a0<\/td><td>4 St\u00fcck<\/td><td>Tellerschraube<\/td><td>\u00a0<\/td><\/tr><tr><td>74<\/td><td>\u00a0<\/td><td>2 St\u00fcck<\/td><td>Walze<\/td><td>\u00a0<\/td><\/tr><tr><td>75<\/td><td>\u00a0<\/td><td>1 St\u00fcck<\/td><td>Schaltgabel<\/td><td>\u00a0<\/td><\/tr><tr><td>76<\/td><td>\u00a0<\/td><td>1 St\u00fcck<\/td><td>Magnetische Schaltgabelnadel<\/td><td>\u00a0<\/td><\/tr><tr><td>77<\/td><td>\u00a0<\/td><td>1 St\u00fcck<\/td><td>Deckel schlie\u00dfen<\/td><td>\u00a0<\/td><\/tr><tr><td>80<\/td><td>A0019941540<\/td><td>1 St\u00fcck<\/td><td>Fixierring<\/td><td>\u00a0<\/td><\/tr><tr><td>81<\/td><td>A0159975945; IZB500050<\/td><td>1 St\u00fcck<\/td><td>Ringdichtung<\/td><td>\u00a0<\/td><\/tr><tr><td>82<\/td><td>\u00a0<\/td><td>1 St\u00fcck<\/td><td>Nadelh\u00fclse<\/td><td>\u00a0<\/td><\/tr><tr><td>83<\/td><td>\u00a0<\/td><td>1 St\u00fcck<\/td><td>Schachtverl\u00e4ngerung hinten<\/td><td>\u00a0<\/td><\/tr><tr><td>84<\/td><td>\u00a0<\/td><td>1 St\u00fcck<\/td><td>Nadelh\u00fclse<\/td><td>\u00a0<\/td><\/tr><tr><td>85<\/td><td><\/td><td>1 St\u00fcck<\/td><td><\/td><td><\/td><\/tr><tr><td>86<\/td><td><\/td><td>1 St\u00fcck<\/td><td><\/td><td><\/td><\/tr><tr><td>87<\/td><td><\/td><td>1 St\u00fcck<\/td><td><\/td><td><\/td><\/tr><tr><td>90<\/td><td><\/td><td>1 St\u00fcck<\/td><td>\u00d6lpumpe<\/td><td><\/td><\/tr><tr><td>91<\/td><td><\/td><td>1 St\u00fcck<\/td><td>Handschellen<\/td><td><\/td><\/tr><tr><td>92<\/td><td><\/td><td>1 St\u00fcck<\/td><td>Absaugrohr<\/td><td><\/td><\/tr><\/tbody><\/table><\/figure>","protected":false},"excerpt":{"rendered":"<p>Position OEM-Nummer Menge Name des Teils Kommentar K01 \u00a0 1 St\u00fcck Lagersatz Splitterlagersatz (ITC DD295, ITC PLA, DCD)Umfasst die Positionen 03, 10, 23, 35, 37, &#8230; <\/p>\n<p class=\"read-more-container\"><a title=\"ITC PLA &#8211; ITC DD295 Schema \/ Teilekatalog\" class=\"read-more button\" href=\"https:\/\/transfercasepartshop.com\/de\/diagramme-aus\/itc-pla-itc-dd295-schema-teilekatalog\/#more-428053\" aria-label=\"Mehr Informationen \u00fcber ITC PLA &#8211; ITC DD295 Schema \/ Teilekatalog\">Weiter Lesen<\/a><\/p>","protected":false},"author":7,"featured_media":419682,"parent":427996,"menu_order":0,"comment_status":"closed","ping_status":"closed","template":"","meta":{"_acf_changed":false,"footnotes":""},"class_list":{"0":"post-428053","1":"page","2":"type-page","3":"status-publish","4":"has-post-thumbnail","6":"infinite-scroll-item","7":"no-featured-image-padding","8":"resize-featured-image"},"acf":[],"_links":{"self":[{"href":"https:\/\/transfercasepartshop.com\/de\/wp-json\/wp\/v2\/pages\/428053","targetHints":{"allow":["GET"]}}],"collection":[{"href":"https:\/\/transfercasepartshop.com\/de\/wp-json\/wp\/v2\/pages"}],"about":[{"href":"https:\/\/transfercasepartshop.com\/de\/wp-json\/wp\/v2\/types\/page"}],"author":[{"embeddable":true,"href":"https:\/\/transfercasepartshop.com\/de\/wp-json\/wp\/v2\/users\/7"}],"replies":[{"embeddable":true,"href":"https:\/\/transfercasepartshop.com\/de\/wp-json\/wp\/v2\/comments?post=428053"}],"version-history":[{"count":0,"href":"https:\/\/transfercasepartshop.com\/de\/wp-json\/wp\/v2\/pages\/428053\/revisions"}],"up":[{"embeddable":true,"href":"https:\/\/transfercasepartshop.com\/de\/wp-json\/wp\/v2\/pages\/427996"}],"wp:featuredmedia":[{"embeddable":true,"href":"https:\/\/transfercasepartshop.com\/de\/wp-json\/wp\/v2\/media\/419682"}],"wp:attachment":[{"href":"https:\/\/transfercasepartshop.com\/de\/wp-json\/wp\/v2\/media?parent=428053"}],"curies":[{"name":"wp","href":"https:\/\/api.w.org\/{rel}","templated":true}]}}