{"id":428025,"date":"2024-03-06T08:11:14","date_gmt":"2024-03-06T07:11:14","guid":{"rendered":"https:\/\/transfercasepartshop.com\/diagramme-aus\/hyundai-atc-schema-teilekatalog\/"},"modified":"2024-03-06T16:39:07","modified_gmt":"2024-03-06T15:39:07","slug":"hyundai-atc-schema-teilekatalog","status":"publish","type":"page","link":"https:\/\/transfercasepartshop.com\/de\/diagramme-aus\/hyundai-atc-schema-teilekatalog\/","title":{"rendered":"Hyundai ATC Schema \/ Teilekatalog"},"content":{"rendered":"<figure class=\"wp-block-table is-style-stripes\"><table><tbody><tr><td> <h3><strong>Position<\/strong><\/h3> <\/td><td> <h3><strong>OEM-Nummer<\/strong><\/h3> <\/td><td> <h3><strong>Menge<\/strong><\/h3> <\/td><td> <h3><strong>Name des Teils<\/strong><\/h3> <\/td><td> <h3><strong>Kommentar<\/strong><\/h3> <\/td><\/tr><tr><td>&#8222;K01<\/td><td>\u00a0<\/td><td>1 St\u00fcck<\/td><td>Lagersatz<\/td><td>Umfasst die Positionen 05, 12, 14, 24, 33, 39, 44, 53, 55<\/td><\/tr><tr><td>&#8222;K02<\/td><td>\u00a0<\/td><td>1 St\u00fcck<\/td><td>Dichtungssatz <\/td><td>Umfasst die Positionen 01, 03, 34, 37, 52, 58, 59, 63, 66<\/td><\/tr><tr><td>&#8222;K03<\/td><td>954474E000<\/td><td>1 St\u00fcck<\/td><td>Satz Kupplungsmotor<\/td><td>A 59., 60., 61. Position umfasst.  <br\/>Informationen f\u00fcr Hyundai ATC: verwendet in 473004E000.<\/td><\/tr><tr><td>&#8222;K03<\/td><td>954474E201<\/td><td>1 St\u00fcck<\/td><td>Satz Kupplungsmotor<\/td><td>Eingeschlossen sind 59, 60, 61. Position. <br\/>Informationen f\u00fcr Hyundai ATC: verwendet in 473004E201.<\/td><\/tr><tr><td>&#8222;K04<\/td><td>473864E000<\/td><td>1 St\u00fcck<\/td><td><font style=\"vertical-align: inherit\" class=\"\">Verl\u00e4ngerungssatz f\u00fcr die Vorderachse<\/font><\/td><td>Umfasst die Positionen 49, 50, 51, 52<\/td><\/tr><tr><td>&#8222;K05<\/td><td>473894E000<\/td><td>1 St\u00fcck<\/td><td>Verl\u00e4ngerungssatz f\u00fcr die Hinterachse<\/td><td>Umfasst die Positionen 34, 36, 37, 38, K20<\/td><\/tr><tr><td>&#8222;K11<\/td><td>\u00a0<\/td><td>1 St\u00fcck<\/td><td>Kupplungssatz <\/td><td>Positionen 18, 19, 20 eingeschlossen<\/td><\/tr><tr><td>&#8222;K12<\/td><td>\u00a0<\/td><td>1 St\u00fcck<\/td><td>Kupplungssatz<\/td><td>Umfasst die Positionen 53, 54, 55, 56, 57<\/td><\/tr><tr><td>&#8222;K20<\/td><td>27107546670<\/td><td>1 St\u00fcck<\/td><td>Untersetzer-Set<\/td><td>Enth\u00e4lt 13 verschiedene Unterlegscheiben in Gr\u00f6\u00dfen von 2,90 mm bis 4,10 mm<\/td><\/tr><tr><td>1<\/td><td>473544E000<\/td><td>1 St\u00fcck<\/td><td>Dichtungs-O-Ring<\/td><td>\u00a0<\/td><\/tr><tr><td>2<\/td><td>\u00a0<\/td><td>1 St\u00fcck<\/td><td>Fixierring<\/td><td>\u00a0<\/td><\/tr><tr><td>3<\/td><td>02C2D27145;  <br\/>27107539262;  <br\/>473524E000;  <br\/>673002353<\/td><td>1 St\u00fcck<\/td><td>Radiale Dichtung<\/td><td>\u00a0<\/td><\/tr><tr><td>4<\/td><td>\u00a0<\/td><td>1 St\u00fcck<\/td><td>Fixierring<\/td><td>\u00a0<\/td><\/tr><tr><td>5<\/td><td>\u00a0<\/td><td>1 St\u00fcck<\/td><td>Kugellager<\/td><td>  Teilerlagersatz<br\/><a href=\"https:\/\/transfercasepartshop.com\/de\/produkt\/bmw-de\/atc35l-de\/splitterlagersatz-atc35l-hyundai-atc-maserati-atc\/\" data-type=\"product\" data-id=\"390593\" target=\"_blank\" rel=\"noreferrer noopener\">Splitterlagersatz (ATC35L, Hyundai ATC, Maserati ATC)<\/a><\/td><\/tr><tr><td>6<\/td><td>\u00a0<\/td><td>1 St\u00fcck<\/td><td>Vorderseite des Hauses<\/td><td>\u00a0<\/td><\/tr><tr><td>8<\/td><td>\u00a0<\/td><td>4 St\u00fcck<\/td><td>Nadel<\/td><td>\u00a0<\/td><\/tr><tr><td>9<\/td><td>\u00a0<\/td><td>1 St\u00fcck<\/td><td>Substratplatte<\/td><td>\u00a0<\/td><\/tr><tr><td>10<\/td><td>\u00a0<\/td><td>1 St\u00fcck<\/td><td>Eingangsachse<\/td><td>\u00a0<\/td><\/tr><tr><td>12<\/td><td>\u00a0<\/td><td>1 St\u00fcck<\/td><td>Nadellager<\/td><td>  Teilerlagersatz<br\/><a href=\"https:\/\/transfercasepartshop.com\/de\/produkt\/bmw-de\/atc35l-de\/splitterlagersatz-atc35l-hyundai-atc-maserati-atc\/\" data-type=\"product\" data-id=\"390593\" target=\"_blank\" rel=\"noreferrer noopener\">Splitterlagersatz (ATC35L, Hyundai ATC, Maserati ATC)<\/a><\/td><\/tr><tr><td>13<\/td><td>\u00a0<\/td><td>1 St\u00fcck<\/td><td>ASM-Getriebe mit Trommelkupplung<\/td><td>Informationen f\u00fcr Hyundai ATC: verwendet f\u00fcr 473004E000<\/td><\/tr><tr><td>13<\/td><td>\u00a0<\/td><td>1 St\u00fcck<\/td><td>ASM-Getriebe mit Trommelkupplung<\/td><td><a href=\"https:\/\/transfercasepartshop.com\/de\/produkt\/bmw-de\/atc35l-de\/lenkungskupplungskorb-atc35l-hyundai-atc-maserati-atc\/\" target=\"_blank\" data-type=\"product\" data-id=\"390603\" rel=\"noreferrer noopener\">Unser Kupplungskorb<br\/>Lenkungskupplungskorb (ATC35L, Hyundai ATC, Maserati ATC)<\/a><br\/>Informationen f\u00fcr den Hyundai ATC: verwendet in 473004E201<\/td><\/tr><tr><td>14<\/td><td>\u00a0<\/td><td>2 St\u00fcck<\/td><td>Nadellager<\/td><td>\u00a0<\/td><\/tr><tr><td>15<\/td><td>\u00a0<\/td><td>1 St\u00fcck<\/td><td>Substratplatte<\/td><td>\u00a0<\/td><\/tr><tr><td>16<\/td><td>\u00a0<\/td><td>1 St\u00fcck<\/td><td>Fixierring<\/td><td>\u00a0<\/td><\/tr><tr><td>17<\/td><td>\u00a0<\/td><td>1 St\u00fcck<\/td><td>Satz Kupplungsscheiben<\/td><td><a href=\"https:\/\/transfercasepartshop.com\/de\/produkt\/bmw-de\/atc35l-de\/kupplungsscheibe-atc45l-atc35l-hyundai-atc-maserati-atc\/\" target=\"_blank\" data-type=\"product\" data-id=\"390604\" rel=\"noreferrer noopener\">Kupplungsscheibe (ATC45L, ATC35L, Hyundai ATC, Maserati ATC)<\/a><\/td><\/tr><tr><td>18<\/td><td>\u00a0<\/td><td>10 St\u00fcck<\/td><td>Lamellen<\/td><td>Lenkungskupplungssatz (ATC45L, ATC35L, Hyundai ATC, Maserati ATC<a href=\"https:\/\/transfercasepartshop.com\/de\/produkt\/bmw-de\/atc35l-de\/kupplungssatz-fuer-die-lenkung-atc45l-atc35l-hyundai-atc-maserati-atc\/\" data-type=\"product\" data-id=\"390590\" target=\"_blank\" rel=\"noreferrer noopener\">)Lenkungskupplungssatz (ATC45L, ATC35L, Hyundai ATC, Maserati ATC)<\/a><\/td><\/tr><tr><td>19<\/td><td>\u00a0<\/td><td>9 St\u00fcck<\/td><td>Stahlplatte<\/td><td>  Lenkungskupplungssatz (ATC45L, ATC35L, Hyundai ATC, Maserati ATC<a href=\"https:\/\/transfercasepartshop.com\/de\/produkt\/bmw-de\/atc35l-de\/kupplungssatz-fuer-die-lenkung-atc45l-atc35l-hyundai-atc-maserati-atc\/\" data-type=\"product\" data-id=\"390590\" target=\"_blank\" rel=\"noreferrer noopener\">)Lenkungskupplungssatz (ATC45L, ATC35L, Hyundai ATC, Maserati ATC)<\/a><\/td><\/tr><tr><td>20<\/td><td>\u00a0<\/td><td>3 St\u00fcck<\/td><td>Fr\u00fchling<\/td><td>  Lenkungskupplungssatz (ATC45L, ATC35L, Hyundai ATC, Maserati ATC<a href=\"https:\/\/transfercasepartshop.com\/de\/produkt\/bmw-de\/atc35l-de\/kupplungssatz-fuer-die-lenkung-atc45l-atc35l-hyundai-atc-maserati-atc\/\" data-type=\"product\" data-id=\"390590\" target=\"_blank\" rel=\"noreferrer noopener\">)Lenkungskupplungssatz (ATC45L, ATC35L, Hyundai ATC, Maserati ATC)<\/a><\/td><\/tr><tr><td>21<\/td><td>\u00a0<\/td><td>1 St\u00fcck<\/td><td>Relais<\/td><td>\u00a0<\/td><\/tr><tr><td>22<\/td><td>\u00a0<\/td><td>1 St\u00fcck<\/td><td>St\u00f6\u00dfel<\/td><td>\u00a0<\/td><\/tr><tr><td>23<\/td><td>\u00a0<\/td><td>1 St\u00fcck<\/td><td>Relais<\/td><td>\u00a0<\/td><\/tr><tr><td>24<\/td><td>\u00a0<\/td><td>2 St\u00fcck<\/td><td>Nadellager<\/td><td>  Teilerlagersatz<br\/><a href=\"https:\/\/transfercasepartshop.com\/de\/produkt\/bmw-de\/atc35l-de\/splitterlagersatz-atc35l-hyundai-atc-maserati-atc\/\" data-type=\"product\" data-id=\"390593\" target=\"_blank\" rel=\"noreferrer noopener\">Splitterlagersatz (ATC35L, Hyundai ATC, Maserati ATC)<\/a><\/td><\/tr><tr><td>25<\/td><td>\u00a0<\/td><td>1 St\u00fcck<\/td><td>Ring wechseln<\/td><td>Hebel der Wellenkupplung<br\/><a href=\"https:\/\/transfercasepartshop.com\/de\/produkt\/bmw-de\/atc35l-de\/lenkachsschalthebel-atc35l-atc45l-hyundai-atc-maserati-atc-2\/\" target=\"_blank\" data-type=\"product\" data-id=\"390606\" rel=\"noreferrer noopener\">Lenkachsschalthebel (ATC35L, ATC45L, Hyundai ATC, Maserati ATC)<\/a><\/td><\/tr><tr><td>26<\/td><td>\u00a0<\/td><td>3 St\u00fcck<\/td><td>Geschoss<\/td><td>\u00a0<\/td><\/tr><tr><td>27<\/td><td>\u00a0<\/td><td>1 St\u00fcck<\/td><td>Ring wechseln<\/td><td> Hebel der Wellenkupplung<br\/><a href=\"https:\/\/transfercasepartshop.com\/de\/produkt\/bmw-de\/atc35l-de\/lenkachsschalthebel-atc35l-atc45l-hyundai-atc-maserati-atc\/\" target=\"_blank\" data-type=\"product\" data-id=\"390608\" rel=\"noreferrer noopener\">Lenkachsschalthebel (ATC35L, ATC45L, Hyundai ATC, Maserati ATC)<\/a><\/td><\/tr><tr><td>28<\/td><td>\u00a0<\/td><td>1 St\u00fcck<\/td><td>Ring<\/td><td>\u00a0<\/td><\/tr><tr><td>29<\/td><td>\u00a0<\/td><td>1 St\u00fcck<\/td><td>Substratplatte<\/td><td>\u00a0<\/td><\/tr><tr><td>30<\/td><td>\u00a0<\/td><td>1 St\u00fcck<\/td><td>Fixierring<\/td><td>\u00a0<\/td><\/tr><tr><td>31<\/td><td>\u00a0<\/td><td>1 St\u00fcck<\/td><td>Haus hinten<\/td><td>\u00a0<\/td><\/tr><tr><td>32<\/td><td>332011LA0A<\/td><td>16 St\u00fcck<\/td><td>Schraube<\/td><td>\u00a0<\/td><\/tr><tr><td>33<\/td><td>\u00a0<\/td><td>1 St\u00fcck<\/td><td>Kugellager<\/td><td>  Teilerlagersatz<br\/><a href=\"https:\/\/transfercasepartshop.com\/de\/produkt\/bmw-de\/atc35l-de\/splitterlagersatz-atc35l-hyundai-atc-maserati-atc\/\" data-type=\"product\" data-id=\"390593\" target=\"_blank\" rel=\"noreferrer noopener\">Splitterlagersatz (ATC35L, Hyundai ATC, Maserati ATC)<\/a><\/td><\/tr><tr><td>34<\/td><td>27107546667;  <br\/>673002344; A0159973446<\/td><td>1 St\u00fcck<\/td><td>Radiale Dichtung<\/td><td>\u00a0<\/td><\/tr><tr><td>36<\/td><td>\u00a0<\/td><td>1 St\u00fcck<\/td><td>Schachtverl\u00e4ngerung hinten<\/td><td>\u00a0<\/td><\/tr><tr><td>37<\/td><td>27107599326; <br\/>6000626079; <br\/>673002346<\/td><td>1 St\u00fcck<\/td><td>Dichtungs-O-Ring<\/td><td>\u00a0<\/td><\/tr><tr><td>38<\/td><td>27107539525;  <br\/>331381LA0A;  <br\/>6000626080;  <br\/>673002348<\/td><td>1 St\u00fcck<\/td><td>Fixierring<\/td><td>\u00a0<\/td><\/tr><tr><td>39<\/td><td>\u00a0<\/td><td>2 St\u00fcck<\/td><td>Kegelrollenlager<\/td><td>  Teilerlagersatz<br\/><a href=\"https:\/\/transfercasepartshop.com\/de\/produkt\/bmw-de\/atc35l-de\/splitterlagersatz-atc35l-hyundai-atc-maserati-atc\/\" data-type=\"product\" data-id=\"390593\" target=\"_blank\" rel=\"noreferrer noopener\">Splitterlagersatz (ATC35L, Hyundai ATC, Maserati ATC)<\/a><\/td><\/tr><tr><td>40<\/td><td>\u00a0<\/td><td>1 St\u00fcck<\/td><td>Relais<\/td><td>\u00a0<\/td><\/tr><tr><td>41<\/td><td>\u00a0<\/td><td>1 St\u00fcck<\/td><td>Zwischengetriebe<\/td><td><a href=\"https:\/\/transfercasepartshop.com\/de\/produkt\/bmw-de\/atc35l-de\/zwischengetriebe-atc35l-hyundai-atc-maserati-atc\/\" target=\"_blank\" data-type=\"product\" data-id=\"390602\" rel=\"noreferrer noopener\">Zwischengetriebe (ATC35L, Hyundai ATC, Maserati ATC)<\/a><\/td><\/tr><tr><td>41<\/td><td>\u00a0<\/td><td>1 St\u00fcck<\/td><td>Zwischengetriebe<\/td><td>Informationen f\u00fcr Hyundai ATC: Der in 473004E201 verwendete ATC<\/td><\/tr><tr><td>42<\/td><td>\u00a0<\/td><td>1 St\u00fcck<\/td><td>Relais<\/td><td>\u00a0<\/td><\/tr><tr><td>43<\/td><td>\u00a0<\/td><td>1 St\u00fcck<\/td><td>Getriebe vorderer Ausgang<\/td><td>Kardanantrieb Vorderrad<br\/><a href=\"https:\/\/transfercasepartshop.com\/de\/produkt\/bmw-de\/atc35l-de\/vorderachsverlaengerung-atc35l-hyundai-atc-maserati-atc\/\" data-type=\"product\" data-id=\"390612\" target=\"_blank\" rel=\"noreferrer noopener\">Vorderachsverl\u00e4ngerung (ATC35L, Hyundai ATC, Maserati ATC)<\/a><br\/>Informationen f\u00fcr Hyundai ATC:  <br\/>Verwendet in 473004E000.<\/td><\/tr><tr><td>43<\/td><td>\u00a0<\/td><td>1 St\u00fcck<\/td><td>Getriebe vorderer Ausgang<\/td><td>Informationen f\u00fcr den Hyundai ATC: verwendet in 473004E201<\/td><\/tr><tr><td>44<\/td><td>\u00a0<\/td><td>2 St\u00fcck<\/td><td>Kugellager<\/td><td>  Teilerlagersatz<br\/><a href=\"https:\/\/transfercasepartshop.com\/de\/produkt\/bmw-de\/atc35l-de\/splitterlagersatz-atc35l-hyundai-atc-maserati-atc\/\" data-type=\"product\" data-id=\"390593\" target=\"_blank\" rel=\"noreferrer noopener\">Splitterlagersatz (ATC35L, Hyundai ATC, Maserati ATC)<\/a><\/td><\/tr><tr><td>46<\/td><td>\u00a0<\/td><td>1 St\u00fcck<\/td><td>Magnet<\/td><td>\u00a0<\/td><\/tr><tr><td>47<\/td><td>\u00a0<\/td><td>1 St\u00fcck<\/td><td>Relais<\/td><td>\u00a0<\/td><\/tr><tr><td>48<\/td><td>\u00a0<\/td><td>1 St\u00fcck<\/td><td>Relais<\/td><td>\u00a0<\/td><\/tr><tr><td>49<\/td><td>\u00a0<\/td><td>1 St\u00fcck<\/td><td>Schachtverl\u00e4ngerung an der Vorderseite<\/td><td>\u00a0<\/td><\/tr><tr><td>50<\/td><td>\u00a0<\/td><td>1 St\u00fcck<\/td><td>Aufspringender Ring<\/td><td>\u00a0<\/td><\/tr><tr><td>51<\/td><td>27107537665<\/td><td>1 St\u00fcck<\/td><td>Staubschutzh\u00fclle<\/td><td>\u00a0<\/td><\/tr><tr><td>52<\/td><td>\u00a0<\/td><td>1 St\u00fcck<\/td><td>Radialer Dichtungsring<\/td><td>\u00a0<\/td><\/tr><tr><td>53<\/td><td>\u00a0<\/td><td>1 St\u00fcck<\/td><td>Nadellager<\/td><td>  Teilerlagersatz<br\/><a href=\"https:\/\/transfercasepartshop.com\/de\/produkt\/bmw-de\/atc35l-de\/splitterlagersatz-atc35l-hyundai-atc-maserati-atc\/\" target=\"_blank\" data-type=\"product\" data-id=\"390593\" rel=\"noreferrer noopener\">Splitterlagersatz (ATC35L, Hyundai ATC, Maserati ATC)<\/a><\/td><\/tr><tr><td>54<\/td><td>\u00a0<\/td><td>1 St\u00fcck<\/td><td>Achsschalter<\/td><td>\u00a0<\/td><\/tr><tr><td>55<\/td><td>\u00a0<\/td><td>1 St\u00fcck<\/td><td>Kugellager<\/td><td>  Teilerlagersatz<br\/><a href=\"https:\/\/transfercasepartshop.com\/de\/produkt\/bmw-de\/atc35l-de\/splitterlagersatz-atc35l-hyundai-atc-maserati-atc\/\" data-type=\"product\" data-id=\"390593\" target=\"_blank\" rel=\"noreferrer noopener\">Splitterlagersatz (ATC35L, Hyundai ATC, Maserati ATC)<\/a><\/td><\/tr><tr><td>56<\/td><td>\u00a0<\/td><td>1 St\u00fcck<\/td><td>Fixierring<\/td><td>\u00a0<\/td><\/tr><tr><td>57<\/td><td>\u00a0<\/td><td>1 St\u00fcck<\/td><td>Fixierring<\/td><td>\u00a0<\/td><\/tr><tr><td>58<\/td><td>27107593452<\/td><td>1 St\u00fcck<\/td><td>Radialer Dichtungsring<\/td><td>\u00a0<\/td><\/tr><tr><td>59<\/td><td>27107593451;  <br\/>673002350;  <br\/>95834150100<\/td><td>1 St\u00fcck<\/td><td>Dichtungs-O-Ring<\/td><td>\u00a0<\/td><\/tr><tr><td>60<\/td><td>\u00a0<\/td><td>1 St\u00fcck<\/td><td>Kupplungsmotor<\/td><td>\u00a0<\/td><\/tr><tr><td>61<\/td><td>\u00a0<\/td><td>2 St\u00fcck<\/td><td>Tellerschraube<\/td><td>\u00a0<\/td><\/tr><tr><td>63<\/td><td>02C2D27148;  <br\/>33117525064;  <br\/>473904E000;  <br\/>6000626082;  <br\/>673002349<\/td><td>1 St\u00fcck<\/td><td>Stecker<\/td><td>\u00a0<\/td><\/tr><tr><td>66<\/td><td>\u00a0<\/td><td>1 St\u00fcck<\/td><td>Dichtungs-O-Ring<\/td><td>\u00a0<\/td><\/tr><tr><td>67<\/td><td>673002352<\/td><td>1 St\u00fcck<\/td><td>Er\u00f6ffnung<\/td><td>\u00a0<\/td><\/tr><tr><td>68<\/td><td>\u00a0<\/td><td>1 St\u00fcck<\/td><td>Substratplatte<\/td><td>\u00a0<\/td><\/tr><\/tbody><\/table><\/figure><p><\/p>","protected":false},"excerpt":{"rendered":"<p>Position OEM-Nummer Menge Name des Teils Kommentar &#8222;K01 \u00a0 1 St\u00fcck Lagersatz Umfasst die Positionen 05, 12, 14, 24, 33, 39, 44, 53, 55 &#8222;K02 &#8230; <\/p>\n<p class=\"read-more-container\"><a title=\"Hyundai ATC Schema \/ Teilekatalog\" class=\"read-more button\" href=\"https:\/\/transfercasepartshop.com\/de\/diagramme-aus\/hyundai-atc-schema-teilekatalog\/#more-428025\" aria-label=\"Mehr Informationen \u00fcber Hyundai ATC Schema \/ Teilekatalog\">Weiter Lesen<\/a><\/p>","protected":false},"author":7,"featured_media":419658,"parent":427996,"menu_order":0,"comment_status":"closed","ping_status":"closed","template":"","meta":{"_acf_changed":false,"footnotes":""},"class_list":{"0":"post-428025","1":"page","2":"type-page","3":"status-publish","4":"has-post-thumbnail","6":"infinite-scroll-item","7":"no-featured-image-padding","8":"resize-featured-image"},"acf":[],"_links":{"self":[{"href":"https:\/\/transfercasepartshop.com\/de\/wp-json\/wp\/v2\/pages\/428025","targetHints":{"allow":["GET"]}}],"collection":[{"href":"https:\/\/transfercasepartshop.com\/de\/wp-json\/wp\/v2\/pages"}],"about":[{"href":"https:\/\/transfercasepartshop.com\/de\/wp-json\/wp\/v2\/types\/page"}],"author":[{"embeddable":true,"href":"https:\/\/transfercasepartshop.com\/de\/wp-json\/wp\/v2\/users\/7"}],"replies":[{"embeddable":true,"href":"https:\/\/transfercasepartshop.com\/de\/wp-json\/wp\/v2\/comments?post=428025"}],"version-history":[{"count":0,"href":"https:\/\/transfercasepartshop.com\/de\/wp-json\/wp\/v2\/pages\/428025\/revisions"}],"up":[{"embeddable":true,"href":"https:\/\/transfercasepartshop.com\/de\/wp-json\/wp\/v2\/pages\/427996"}],"wp:featuredmedia":[{"embeddable":true,"href":"https:\/\/transfercasepartshop.com\/de\/wp-json\/wp\/v2\/media\/419658"}],"wp:attachment":[{"href":"https:\/\/transfercasepartshop.com\/de\/wp-json\/wp\/v2\/media?parent=428025"}],"curies":[{"name":"wp","href":"https:\/\/api.w.org\/{rel}","templated":true}]}}