{"id":428021,"date":"2024-03-06T08:09:42","date_gmt":"2024-03-06T07:09:42","guid":{"rendered":"https:\/\/transfercasepartshop.com\/diagramme-aus\/atc45l-schema-teilekatalog\/"},"modified":"2024-03-06T16:39:06","modified_gmt":"2024-03-06T15:39:06","slug":"atc45l-schema-teilekatalog","status":"publish","type":"page","link":"https:\/\/transfercasepartshop.com\/de\/diagramme-aus\/atc45l-schema-teilekatalog\/","title":{"rendered":"ATC45L Schema \/ Teilekatalog"},"content":{"rendered":"<figure class=\"wp-block-table is-style-stripes\"><table><tbody><tr><td> <h3><strong>Position<\/strong><\/h3> <\/td><td> <h3><strong>OEM-Nummer<\/strong><\/h3> <\/td><td> <h3><strong>Menge<\/strong><\/h3> <\/td><td> <h3><strong>Name des Teils<\/strong><\/h3> <\/td><td> <h3><strong>Kommentar<\/strong><\/h3> <\/td><\/tr><tr><td>&#8222;K01<\/td><td>\u00a0<\/td><td>1 St\u00fcck<\/td><td>Lagersatz<\/td><td><a href=\"https:\/\/transfercasepartshop.com\/de\/produkt\/bmw-de\/atc45l-de\/splitterlagersatz-atc45l\/\" target=\"_blank\" data-type=\"product\" data-id=\"390598\" rel=\"noreferrer noopener\">Splitterlagersatz (ATC45L)<\/a><br\/>Umfasst die Positionen 05, 12, 24, 33, 53, 55<\/td><\/tr><tr><td>&#8222;K02<\/td><td>\u00a0<\/td><td>1 St\u00fcck<\/td><td>Dichtungssatz<\/td><td><a href=\"https:\/\/transfercasepartshop.com\/de\/produkt\/bmw-de\/atc45l-de\/verteilerdichtungssatz-atc45l\/\" target=\"_blank\" data-type=\"product\" data-id=\"390600\" rel=\"noreferrer noopener\">Verteilerdichtungssatz (ATC45L)<\/a><br\/>Umfasst die Positionen 01, 03, 34, 37, 52, 58, 59, 63<\/td><\/tr><tr><td>&#8222;K05<\/td><td>27107850489<\/td><td>1 St\u00fcck<\/td><td>Schachtverl\u00e4ngerung hinten Satz<\/td><td> <a href=\"https:\/\/transfercasepartshop.com\/de\/produkt\/bmw-de\/atc35l-de\/wellenverlaengerung-hinten-atc35l-atc450-atc45l\/\" data-type=\"product\" data-id=\"390597\" target=\"_blank\" rel=\"noreferrer noopener\">Wellenverl\u00e4ngerung hinten (ATC35L, ATC450, ATC45L)<\/a><br\/>Er enth\u00e4lt die Positionen 36, 37, 38, K20.  <br\/>Informationen zu ATC45L: 27107854164 verwendet im Typ<\/td><\/tr><tr><td>&#8222;K05<\/td><td>27107595650;  <br\/>27107645468<\/td><td>1 St\u00fcck<\/td><td>Schachtverl\u00e4ngerung hinten Satz<\/td><td>Umfasst die Positionen 36, 37, 38, K20. Informationen f\u00fcr ATC35L:  <br\/>Zur Verwendung in 27108643150, 27108662968  <br\/>Informationen \u00fcber ATC45L:  <br\/>Verf\u00fcgbar unter 27107643758, 27107643759, 27107643759,  <br\/>2715048 in Typen<\/td><\/tr><tr><td>&#8222;K11<\/td><td>\u00a0<\/td><td>1 St\u00fcck<\/td><td>Kupplungssatz<\/td><td><a href=\"https:\/\/transfercasepartshop.com\/de\/produkt\/bmw-de\/atc35l-de\/kupplungssatz-fuer-die-lenkung-atc45l-atc35l-hyundai-atc-maserati-atc\/\" data-type=\"product\" data-id=\"390590\" target=\"_blank\" rel=\"noreferrer noopener\">Kupplungssatz f\u00fcr die Lenkung (ATC45L, ATC35L, Hyundai ATC, Maserati ATC)<\/a><br\/>Positionen 18, 19, 20 eingeschlossen<\/td><\/tr><tr><td>&#8222;K12<\/td><td>\u00a0<\/td><td>1 St\u00fcck<\/td><td>Schachtschalterset<\/td><td>Umfasst die Positionen 53, 54, 55, 56, 57<\/td><\/tr><tr><td>&#8222;K20<\/td><td>27107546670<\/td><td>1 St\u00fcck<\/td><td>Untersetzer-Set<\/td><td>Enth\u00e4lt 13 verschiedene Unterlegscheiben in Gr\u00f6\u00dfen von 2,90 mm bis 4,10 mm<\/td><\/tr><tr><td>01<\/td><td>27107609202<\/td><td>1 St\u00fcck<\/td><td>O-Ring<\/td><td>\u00a0<\/td><\/tr><tr><td>02<\/td><td>\u00a0<\/td><td>1 St\u00fcck<\/td><td>Verriegelungsring<\/td><td>\u00a0<\/td><\/tr><tr><td>03<\/td><td>27107539262<\/td><td>1 St\u00fcck<\/td><td>Radiale Dichtung<\/td><td>\u00a0<\/td><\/tr><tr><td>04<\/td><td>\u00a0<\/td><td>1 St\u00fcck<\/td><td>Fixierring<\/td><td>\u00a0<\/td><\/tr><tr><td>05<\/td><td>\u00a0<\/td><td>1 St\u00fcck<\/td><td>Kugellager<\/td><td>\u00a0<\/td><\/tr><tr><td>06<\/td><td>\u00a0<\/td><td>1 St\u00fcck<\/td><td>Vorderseite des Hauses<\/td><td>\u00a0<\/td><\/tr><tr><td>07<\/td><td>\u00a0<\/td><td>1 St\u00fcck<\/td><td>Nadel<\/td><td>\u00a0<\/td><\/tr><tr><td>09<\/td><td>\u00a0<\/td><td>1 St\u00fcck<\/td><td>Substratplatte<\/td><td>\u00a0<\/td><\/tr><tr><td>10<\/td><td>\u00a0<\/td><td>1 St\u00fcck<\/td><td>Tengely<\/td><td>  <a href=\"https:\/\/transfercasepartshop.com\/de\/produkt\/bmw-de\/atc35l-de\/drehachse-fuer-die-lenkung-atc35l-atc45l\/\" data-type=\"product\" data-id=\"390601\" target=\"_blank\" rel=\"noreferrer noopener\">Drehachse f\u00fcr die Lenkung (ATC35L, ATC45L)<\/a><\/td><\/tr><tr><td>11<\/td><td>\u00a0<\/td><td>1 St\u00fcck<\/td><td>Kette<\/td><td><a href=\"https:\/\/transfercasepartshop.com\/de\/produkt\/bmw-de\/atc45l-de\/steuerkette-atc45l\/\" target=\"_blank\" data-type=\"product\" data-id=\"390539\" rel=\"noreferrer noopener\">  Steuerkette (ATC45L)<\/a><\/td><\/tr><tr><td>12<\/td><td>\u00a0<\/td><td>1 St\u00fcck<\/td><td>Nadellager<\/td><td>\u00a0<\/td><\/tr><tr><td>13<\/td><td>\u00a0<\/td><td>1 St\u00fcck<\/td><td>ASM-Getriebe mit Trommelkupplung<\/td><td><a href=\"https:\/\/transfercasepartshop.com\/de\/produkt\/bmw-de\/atc45l-de\/kupplungskorb-fuer-die-lenkung-atc45l\/\" target=\"_blank\" data-type=\"product\" data-id=\"390542\" rel=\"noreferrer noopener\">  Kupplungskorb f\u00fcr die Lenkung (ATC45L)<\/a><\/td><\/tr><tr><td>14<\/td><td>\u00a0<\/td><td>1 St\u00fcck<\/td><td>Hochdruckreiniger<\/td><td>\u00a0<\/td><\/tr><tr><td>15<\/td><td>\u00a0<\/td><td>1 St\u00fcck<\/td><td>Substratplatte<\/td><td>\u00a0<\/td><\/tr><tr><td>16<\/td><td>\u00a0<\/td><td>1 St\u00fcck<\/td><td>Fixierring<\/td><td>\u00a0<\/td><\/tr><tr><td>17<\/td><td>\u00a0<\/td><td>1 St\u00fcck<\/td><td>Flachkupplungspaket<\/td><td>  <a href=\"https:\/\/transfercasepartshop.com\/de\/produkt\/bmw-de\/atc35l-de\/kupplungsscheibe-atc45l-atc35l-hyundai-atc-maserati-atc\/\" data-type=\"product\" data-id=\"390604\" target=\"_blank\" rel=\"noreferrer noopener\">Kupplungsscheibe (ATC45L, ATC35L, Hyundai ATC, Maserati ATC)<\/a><\/td><\/tr><tr><td>18<\/td><td>\u00a0<\/td><td>10 St\u00fcck<\/td><td>Tellerfeder<\/td><td>\u00a0<\/td><\/tr><tr><td>19<\/td><td>\u00a0<\/td><td>9 St\u00fcck<\/td><td>Lamellen<\/td><td>\u00a0<\/td><\/tr><tr><td>20<\/td><td>\u00a0<\/td><td>3 St\u00fcck<\/td><td>Lemez<\/td><td>\u00a0<\/td><\/tr><tr><td>21<\/td><td>\u00a0<\/td><td>1 St\u00fcck<\/td><td>Relais<\/td><td><a href=\"https:\/\/transfercasepartshop.com\/de\/produkt\/bmw-de\/atc45l-de\/satz-kunststoffteile-fuer-die-lenkung-atc45l\/\" data-type=\"URL\" data-id=\"https:\/\/transfercasepartshop.com\/hu\/bmw\/atc45l\/osztomu-muanyag-alkatresz-szett-atc45l\/\"> Kunststoffteile f\u00fcr die Lenkung<\/a><\/td><\/tr><tr><td>22<\/td><td>\u00a0<\/td><td>1 St\u00fcck<\/td><td>St\u00f6\u00dfel<\/td><td>\u00a0<\/td><\/tr><tr><td>23<\/td><td>\u00a0<\/td><td>1 St\u00fcck<\/td><td>Relais<\/td><td> <a href=\"https:\/\/transfercasepartshop.com\/de\/produkt\/bmw-de\/atc45l-de\/satz-kunststoffteile-fuer-die-lenkung-atc45l\/\" data-type=\"URL\" data-id=\"https:\/\/transfercasepartshop.com\/hu\/bmw\/atc45l\/osztomu-muanyag-alkatresz-szett-atc45l\/\"> Kunststoffteile f\u00fcr die Lenkung<\/a><\/td><\/tr><tr><td>24<\/td><td>\u00a0<\/td><td>2 St\u00fcck<\/td><td>Nadellager<\/td><td>\u00a0<\/td><\/tr><tr><td>25<\/td><td>\u00a0<\/td><td>1 St\u00fcck<\/td><td>Ring wechseln<\/td><td> <a href=\"https:\/\/transfercasepartshop.com\/de\/produkt\/bmw-de\/atc35l-de\/lenkachsschalthebel-atc35l-atc45l-hyundai-atc-maserati-atc-2\/\" data-type=\"product\" data-id=\"390606\" target=\"_blank\" rel=\"noreferrer noopener\">Lenkachsschalthebel (ATC35L, ATC45L, Hyundai ATC, Maserati ATC)<\/a><\/td><\/tr><tr><td>26<\/td><td>\u00a0<\/td><td>3 St\u00fcck<\/td><td>Geschoss<\/td><td>\u00a0<\/td><\/tr><tr><td>27<\/td><td>\u00a0<\/td><td>1 St\u00fcck<\/td><td>Ring wechseln<\/td><td>  <a href=\"https:\/\/transfercasepartshop.com\/de\/produkt\/bmw-de\/atc35l-de\/lenkachsschalthebel-atc35l-atc45l-hyundai-atc-maserati-atc\/\" data-type=\"product\" data-id=\"390608\" target=\"_blank\" rel=\"noreferrer noopener\">Lenkachsschalthebel (ATC35L, ATC45L, Hyundai ATC, Maserati ATC)<\/a><\/td><\/tr><tr><td>28<\/td><td>\u00a0<\/td><td>1 St\u00fcck<\/td><td>Ring<\/td><td>  <a href=\"https:\/\/transfercasepartshop.com\/de\/produkt\/bmw-de\/atc35l-de\/schliesskreis-atc35l-atc45l-hyundai-atc-maserati-atc\/\" data-type=\"product\" data-id=\"390611\" target=\"_blank\" rel=\"noreferrer noopener\">Schlie\u00dfkreis (ATC35L, ATC45L, Hyundai ATC, Maserati ATC)<\/a><\/td><\/tr><tr><td>29<\/td><td>\u00a0<\/td><td>1 St\u00fcck<\/td><td>Substratplatte<\/td><td>\u00a0<\/td><\/tr><tr><td>30<\/td><td>\u00a0<\/td><td>1 St\u00fcck<\/td><td>Fixierring<\/td><td>\u00a0<\/td><\/tr><tr><td>31<\/td><td>\u00a0<\/td><td>1 St\u00fcck<\/td><td>R\u00fcckseite des Hauses<\/td><td>\u00a0<\/td><\/tr><tr><td>32<\/td><td>\u00a0<\/td><td>8 St\u00fcck<\/td><td>Schraube<\/td><td>\u00a0<\/td><\/tr><tr><td>33<\/td><td>\u00a0<\/td><td>3 St\u00fcck<\/td><td>Kugellager<\/td><td>\u00a0<\/td><\/tr><tr><td>34<\/td><td>27107546667<\/td><td>1 St\u00fcck<\/td><td>Radiale Dichtung<\/td><td>\u00a0<\/td><\/tr><tr><td>35<\/td><td>27107597688<\/td><td>1 St\u00fcck<\/td><td>Staubabscheider<\/td><td>Informationen f\u00fcr ATC35L:  <br\/>Verwendet in 27108643150, 27108662968.<\/td><\/tr><tr><td>36<\/td><td>\u00a0<\/td><td>1 St\u00fcck<\/td><td>Achsverl\u00e4ngerung hinten<\/td><td>\u00a0<\/td><\/tr><tr><td>37<\/td><td>27107599326<\/td><td>1 St\u00fcck<\/td><td>Dichtungs-O-Ring<\/td><td>\u00a0<\/td><\/tr><tr><td>38<\/td><td>27107539525;  <br\/>331381LA0A<\/td><td>1 St\u00fcck<\/td><td>Fixierring<\/td><td> <a href=\"https:\/\/transfercasepartshop.com\/de\/produkt\/bmw-de\/atc13-1-de\/verriegelungsring-atc35l-atc300-atc350-atc13-1-atc400-atc450-atc45l-atc500-atc700\/\" target=\"_blank\" data-type=\"product\" data-id=\"390511\" rel=\"noreferrer noopener\">Verriegelungsring (ATC35L, ATC300, ATC350, ATC13-1, ATC400, ATC450, ATC45L, ATC500, ATC700)<\/a><\/td><\/tr><tr><td>43<\/td><td>\u00a0<\/td><td>1 St\u00fcck<\/td><td>Leistung des Ritzels<\/td><td><a href=\"https:\/\/transfercasepartshop.com\/de\/produkt\/bmw-de\/atc45l-de\/staubschutzhaube-atc45l\/\" target=\"_blank\" data-type=\"product\" data-id=\"390502\" rel=\"noreferrer noopener\">  Staubschutzhaube (ATC45L)<\/a><\/td><\/tr><tr><td>45<\/td><td>\u00a0<\/td><td>2 St\u00fcck<\/td><td>Nadel<\/td><td>\u00a0<\/td><\/tr><tr><td>46<\/td><td>\u00a0<\/td><td>1 St\u00fcck<\/td><td>Magnet<\/td><td>\u00a0<\/td><\/tr><tr><td>47<\/td><td>\u00a0<\/td><td>1 St\u00fcck<\/td><td>Umleitungsrohr<\/td><td> <a href=\"https:\/\/transfercasepartshop.com\/de\/produkt\/bmw-de\/atc45l-de\/satz-kunststoffteile-fuer-die-lenkung-atc45l\/\" data-type=\"URL\" data-id=\"https:\/\/transfercasepartshop.com\/hu\/bmw\/atc45l\/osztomu-muanyag-alkatresz-szett-atc45l\/\"> Kunststoffteile f\u00fcr die Lenkung<\/a><\/td><\/tr><tr><td>48<\/td><td>\u00a0<\/td><td>1 St\u00fcck<\/td><td>Relais<\/td><td> <a href=\"https:\/\/transfercasepartshop.com\/de\/produkt\/bmw-de\/atc45l-de\/satz-kunststoffteile-fuer-die-lenkung-atc45l\/\" data-type=\"URL\" data-id=\"https:\/\/transfercasepartshop.com\/hu\/bmw\/atc45l\/osztomu-muanyag-alkatresz-szett-atc45l\/\"> Kunststoffteile f\u00fcr die Lenkung<\/a><\/td><\/tr><tr><td>49<\/td><td>27107623529<\/td><td>1 St\u00fcck<\/td><td>Verankerungsseil<\/td><td> <a href=\"https:\/\/transfercasepartshop.com\/de\/produkt\/bmw-de\/atc45l-de\/staubschutzhaube-atc45l\/\" target=\"_blank\" data-type=\"product\" data-id=\"390502\" rel=\"noreferrer noopener\">Staubschutzhaube (ATC45L)<\/a><\/td><\/tr><tr><td>52<\/td><td>27107623527<\/td><td>1 St\u00fcck<\/td><td>Radialer Dichtungsring<\/td><td>\u00a0<\/td><\/tr><tr><td>53<\/td><td>\u00a0<\/td><td>1 St\u00fcck<\/td><td>Nadellager<\/td><td>\u00a0<\/td><\/tr><tr><td>54<\/td><td>\u00a0<\/td><td>1 St\u00fcck<\/td><td>Achsschalter<\/td><td>\u00a0<\/td><\/tr><tr><td>55<\/td><td>\u00a0<\/td><td>1 St\u00fcck<\/td><td>Kugellager<\/td><td>\u00a0<\/td><\/tr><tr><td>56<\/td><td>\u00a0<\/td><td>1 St\u00fcck<\/td><td>Fixierring<\/td><td>\u00a0<\/td><\/tr><tr><td>57<\/td><td>\u00a0<\/td><td>1 St\u00fcck<\/td><td>Fixierring<\/td><td>\u00a0<\/td><\/tr><tr><td>58<\/td><td>27107593452<\/td><td>1 St\u00fcck<\/td><td>Radialer Dichtungsring<\/td><td>\u00a0<\/td><\/tr><tr><td>59<\/td><td>27107593451;  <br\/>95834150100<\/td><td>1 St\u00fcck<\/td><td>Dichtungs-O-Ring<\/td><td>\u00a0<\/td><\/tr><tr><td>60<\/td><td>27608643153<\/td><td>1 St\u00fcck<\/td><td>Wellenschalter Motor FR<\/td><td>Informationen \u00fcber ATC350: verwendet in der Art 27107643750.  <br\/>Informationen \u00fcber ATC35L:  <br\/>verwendet in 27108643149, 27108643150, 27108662300, 27108662300,  <br\/>27108662968 Typen.  <br\/>Informationen \u00fcber ATC450: verwendet im Typ 27107643753.  <br\/>Informationen \u00fcber ATC45L:  <br\/>verwendet in 27108643151, 27108643152, 27107854164<\/td><\/tr><tr><td>60<\/td><td>27607643762<\/td><td>1 St\u00fcck<\/td><td>Wellenschalter Motor CAN<\/td><td>Informationen f\u00fcr ATC350:  <br\/>verwendet in 27107643748, 27107643749  <br\/>Informationen \u00fcber ATC35L:  <br\/>verwendet in 27107643754, 27107643755  <br\/>Informationen \u00fcber ATC450:  <br\/>Verwendet in 27107643748, 27107643751, 27107643751, 7077473735373531721723723731.<br\/><br\/><\/td><\/tr><tr><td>61<\/td><td>27107593450;  <br\/>673002351;  <br\/>90038507101;  <br\/>95834150200<\/td><td>2 St\u00fcck<\/td><td>Schraube<\/td><td>\u00a0<\/td><\/tr><tr><td>63<\/td><td>33117525064<\/td><td>1 St\u00fcck<\/td><td>Stecker<\/td><td>\u00a0<\/td><\/tr><tr><td>70<\/td><td>\u00a0<\/td><td>2 St\u00fcck<\/td><td>Kopfkissen<\/td><td>\u00a0<\/td><\/tr><tr><td>56<\/td><td>\u00a0<\/td><td>1 St\u00fcck<\/td><td>Fixierring<\/td><td>\u00a0<\/td><\/tr><tr><td>57<\/td><td>\u00a0<\/td><td>1 St\u00fcck<\/td><td>Fixierring<\/td><td>\u00a0<\/td><\/tr><tr><td>58<\/td><td>\u00a0<\/td><td>1 St\u00fcck<\/td><td>Radialer Dichtungsring<\/td><td>\u00a0<\/td><\/tr><tr><td>59<\/td><td>\u00a0<\/td><td>1 St\u00fcck<\/td><td>Dichtungs-O-Ring<\/td><td>\u00a0<\/td><\/tr><tr><td>60<\/td><td>\u00a0<\/td><td>1 St\u00fcck<\/td><td>Wellenschalter Motor FR<\/td><td>Informationen \u00fcber den ATC350: verwendet auf 27107643750  <br\/>Informationen \u00fcber ATC35L:  <br\/>verwendet 27108643149, 27108643150, 27108662300, 27108662300,  <br\/>27108662968  <br\/>Informationen \u00fcber den ATC450: gebraucht 27107643753  <br\/>Informationen \u00fcber ATC45L:  <br\/>verwendet 27108643151, 27108643152, 27107854164<\/td><\/tr><tr><td>60<\/td><td>\u00a0<\/td><td>1 St\u00fcck<\/td><td>Wellenschalter Motor CAN<\/td><td>Informationen f\u00fcr ATC350:  <br\/>verwendet in 27107643748, 27107643749  <br\/>Informationen \u00fcber ATC35L:  <br\/>verwendet in 27107643754, 27107643755  <br\/>Informationen \u00fcber ATC450:  <br\/>Verwendet in 27107643748, 27107643751, 27107643751, 7077473735373531721723723731<br\/><br\/><\/td><\/tr><tr><td>61<\/td><td>\u00a0<\/td><td>2 St\u00fcck<\/td><td>Schraube<\/td><td>\u00a0<\/td><\/tr><tr><td>62<\/td><td>\u00a0<\/td><td>1 St\u00fcck<\/td><td>Eingliederung<\/td><td>Informationen \u00fcber ATC300:  <br\/>verwendet in 27107599690, 27107599693  <br\/>Informationen f\u00fcr ATC350: verwendet in 27107643748  <br\/>Informationen zu ATC35L: verwendet in 27107643754<\/td><\/tr><tr><td>62<\/td><td>\u00a0<\/td><td>1 St\u00fcck<\/td><td>Eingliederung<\/td><td>Informationen \u00fcber ATC300:  <br\/>verwendet in 27107613153, 27107613152  <br\/>Informationen f\u00fcr ATC350: verwendet in 27107643749  <br\/>Informationen zu ATC35L: verwendet in 27107643755<\/td><\/tr><tr><td>63<\/td><td>\u00a0<\/td><td>1 St\u00fcck<\/td><td>Stecker<\/td><td>\u00a0<\/td><\/tr><tr><td>65<\/td><td>\u00a0<\/td><td>6 St\u00fcck<\/td><td>Schraube<\/td><td>\u00a0<\/td><\/tr><tr><td>66<\/td><td>\u00a0<\/td><td>1 St\u00fcck<\/td><td>O-Ring<\/td><td>\u00a0<\/td><\/tr><tr><td>67<\/td><td>\u00a0<\/td><td>1 St\u00fcck<\/td><td>O-Ring<\/td><td>\u00a0<\/td><\/tr><tr><td>70<\/td><td><\/td><td>1 St\u00fcck<\/td><td>Kettenf\u00fchrungsschlitten<\/td><td><a href=\"https:\/\/transfercasepartshop.com\/de\/produkt\/bmw-de\/atc45l-de\/kettenfuehrungsschlitten-atc45l\/\" target=\"_blank\" data-type=\"product\" data-id=\"390534\" rel=\"noreferrer noopener\">Kettenf\u00fchrungsschlitten (ATC45L)<\/a><\/td><\/tr><\/tbody><\/table><\/figure>","protected":false},"excerpt":{"rendered":"<p>Position OEM-Nummer Menge Name des Teils Kommentar &#8222;K01 \u00a0 1 St\u00fcck Lagersatz Splitterlagersatz (ATC45L)Umfasst die Positionen 05, 12, 24, 33, 53, 55 &#8222;K02 \u00a0 1 &#8230; <\/p>\n<p class=\"read-more-container\"><a title=\"ATC45L Schema \/ Teilekatalog\" class=\"read-more button\" href=\"https:\/\/transfercasepartshop.com\/de\/diagramme-aus\/atc45l-schema-teilekatalog\/#more-428021\" aria-label=\"Mehr Informationen \u00fcber ATC45L Schema \/ Teilekatalog\">Weiter Lesen<\/a><\/p>","protected":false},"author":7,"featured_media":419618,"parent":427996,"menu_order":0,"comment_status":"closed","ping_status":"closed","template":"","meta":{"_acf_changed":false,"footnotes":""},"class_list":{"0":"post-428021","1":"page","2":"type-page","3":"status-publish","4":"has-post-thumbnail","6":"infinite-scroll-item","7":"no-featured-image-padding","8":"resize-featured-image"},"acf":[],"_links":{"self":[{"href":"https:\/\/transfercasepartshop.com\/de\/wp-json\/wp\/v2\/pages\/428021","targetHints":{"allow":["GET"]}}],"collection":[{"href":"https:\/\/transfercasepartshop.com\/de\/wp-json\/wp\/v2\/pages"}],"about":[{"href":"https:\/\/transfercasepartshop.com\/de\/wp-json\/wp\/v2\/types\/page"}],"author":[{"embeddable":true,"href":"https:\/\/transfercasepartshop.com\/de\/wp-json\/wp\/v2\/users\/7"}],"replies":[{"embeddable":true,"href":"https:\/\/transfercasepartshop.com\/de\/wp-json\/wp\/v2\/comments?post=428021"}],"version-history":[{"count":0,"href":"https:\/\/transfercasepartshop.com\/de\/wp-json\/wp\/v2\/pages\/428021\/revisions"}],"up":[{"embeddable":true,"href":"https:\/\/transfercasepartshop.com\/de\/wp-json\/wp\/v2\/pages\/427996"}],"wp:featuredmedia":[{"embeddable":true,"href":"https:\/\/transfercasepartshop.com\/de\/wp-json\/wp\/v2\/media\/419618"}],"wp:attachment":[{"href":"https:\/\/transfercasepartshop.com\/de\/wp-json\/wp\/v2\/media?parent=428021"}],"curies":[{"name":"wp","href":"https:\/\/api.w.org\/{rel}","templated":true}]}}