{"id":428019,"date":"2024-03-06T08:09:38","date_gmt":"2024-03-06T07:09:38","guid":{"rendered":"https:\/\/transfercasepartshop.com\/diagramme-aus\/atc35l-schema-teilekatalog\/"},"modified":"2024-03-06T16:39:05","modified_gmt":"2024-03-06T15:39:05","slug":"atc35l-schema-teilekatalog","status":"publish","type":"page","link":"https:\/\/transfercasepartshop.com\/de\/diagramme-aus\/atc35l-schema-teilekatalog\/","title":{"rendered":"ATC35L Schema \/ Teilekatalog"},"content":{"rendered":"<figure class=\"wp-block-table is-style-stripes\"><table><tbody><tr><td> <h3><strong>Position<\/strong><\/h3> <\/td><td> <h3><strong>OEM-Nummer<\/strong><\/h3> <\/td><td> <h3><strong>Menge<\/strong><\/h3> <\/td><td> <h3><strong>Name des Teils<\/strong><\/h3> <\/td><td> <h3><strong>Kommentar<\/strong><\/h3> <\/td><\/tr><tr><td>&#8222;K01<\/td><td>\u00a0<\/td><td>1 St\u00fcck<\/td><td>Lagersatz<\/td><td><a href=\"https:\/\/transfercasepartshop.com\/de\/produkt\/bmw-de\/atc35l-de\/splitterlagersatz-atc35l-hyundai-atc-maserati-atc\/\" target=\"_blank\" data-type=\"product\" data-id=\"390593\" rel=\"noreferrer noopener\">Splitterlagersatz (ATC35L, Hyundai ATC, Maserati ATC)<\/a><br\/>Umfasst die Positionen 05, 12, 14, 24, 33, 39, 44, 53, 55.<\/td><\/tr><tr><td>&#8222;K02<\/td><td>\u00a0<\/td><td>1 St\u00fcck<\/td><td>Dichtungssatz<\/td><td><a href=\"https:\/\/transfercasepartshop.com\/de\/produkt\/bmw-de\/atc35l-de\/verteilerdichtungssatz-atc35l\/\" target=\"_blank\" data-type=\"product\" data-id=\"390592\" rel=\"noreferrer noopener\">Verteilerdichtungssatz (ATC35L)<\/a><br\/>Umfasst die Positionen 01, 03, 34, 37, 52, 58, 59, 63, 66, 67.<\/td><\/tr><tr><td>&#8222;K04<\/td><td>27107625116<\/td><td>1 St\u00fcck<\/td><td>Schachtverl\u00e4ngerung vorne Satz<\/td><td>Umfasst die Positionen 49, 50, 51<\/td><\/tr><tr><td>&#8222;K05<\/td><td>27107595650; <br\/>27107645468<\/td><td>1 St\u00fcck<\/td><td>Schachtverl\u00e4ngerung hinten Satz<\/td><td><a href=\"https:\/\/transfercasepartshop.com\/de\/produkt\/bmw-de\/atc35l-de\/wellenverlaengerung-hinten-atc35l-atc450-atc45l\/\" data-type=\"product\" data-id=\"390597\" target=\"_blank\" rel=\"noreferrer noopener\">Wellenverl\u00e4ngerung hinten (ATC35L, ATC450, ATC45L)<\/a><br\/>Umfasst die Positionen 36, 37, 38, K20. <br\/>Informationen \u00fcber ATC35L: <br\/>Verwendet in 27108643150, 27108662968. <br\/>Informationen \u00fcber ATC45L: <br\/>A 27107643758, 27107643759, 27108643151, <br\/>27108643152 verwendet in Typen<\/td><\/tr><tr><td>&#8222;K05<\/td><td>27107593440<\/td><td>1 St\u00fcck<\/td><td>Schachtverl\u00e4ngerung hinten Satz<\/td><td><a href=\"https:\/\/transfercasepartshop.com\/de\/produkt\/bmw-de\/atc35l-de\/wellenverlaengerung-hinten-atc35l-atc350-2\/\" target=\"_blank\" rel=\"noreferrer noopener\">Wellenverl\u00e4ngerung hinten (ATC35L, ATC350)<\/a><br\/>Umfasst die Positionen 36, 37, 38, K20 <br\/>Informationen \u00fcber den ATC350: 27107643750 type in use <br\/>Informationen \u00fcber ATC35L: <br\/>Verwendet in 27108643149, 27108662300<\/td><\/tr><tr><td>&#8222;K05<\/td><td>27107593439<\/td><td>1 St\u00fcck<\/td><td>Schachtverl\u00e4ngerung hinten Satz<\/td><td><a href=\"https:\/\/transfercasepartshop.com\/de\/produkt\/bmw-de\/atc35l-de\/wellenverlaengerung-hinten-atc35l-atc350\/\" target=\"_blank\" rel=\"noreferrer noopener\">Wellenverl\u00e4ngerung hinten (ATC35L, ATC350)<\/a><br\/>Umfasst die Positionen 36, 37, 38, K20 <br\/>Informationen zum ATC350: <br\/>Verwendet in 27107643748, 27107643749 <br\/>Informationen \u00fcber ATC35L: <br\/>Verwendet in 27107643754, 27107643755.<\/td><\/tr><tr><td>&#8222;K11<\/td><td>\u00a0<\/td><td>1 St\u00fcck<\/td><td>Kupplungssatz<\/td><td><a href=\"https:\/\/transfercasepartshop.com\/de\/produkt\/bmw-de\/atc35l-de\/kupplungssatz-fuer-die-lenkung-atc45l-atc35l-hyundai-atc-maserati-atc\/\" target=\"_blank\" data-type=\"product\" data-id=\"390590\" rel=\"noreferrer noopener\">Kupplungssatz f\u00fcr die Lenkung (ATC45L, ATC35L, Hyundai ATC, Maserati ATC)<\/a><br\/>Positionen 18, 19, 20 eingeschlossen<\/td><\/tr><tr><td>&#8222;K12<\/td><td>\u00a0<\/td><td>1 St\u00fcck<\/td><td>Schaltersatz f\u00fcr rotierende Welle<\/td><td>Umfasst die Positionen 53, 54, 55, 56, 57<\/td><\/tr><tr><td>&#8222;K20<\/td><td>27107546670<\/td><td>1 St\u00fcck<\/td><td>Substratsatz<\/td><td>Enth\u00e4lt 13 verschiedene Unterlegscheiben in Gr\u00f6\u00dfen von 2,90 mm bis 4,10 mm.<\/td><\/tr><tr><td>01<\/td><td>27107609202<\/td><td>1 St\u00fcck<\/td><td>O-Ring<\/td><td>Erh\u00e4ltlich in Dichtungss\u00e4tzen <\/td><\/tr><tr><td>02<\/td><td>\u00a0<\/td><td>1 St\u00fcck<\/td><td>Verriegelungsring<\/td><td>\u00a0<\/td><\/tr><tr><td>03<\/td><td>27107539262<\/td><td>1 St\u00fcck<\/td><td>Radiale Dichtung<\/td><td> <span>Erh\u00e4ltlich <\/span>im Dichtungssatz  <\/td><\/tr><tr><td>04<\/td><td>\u00a0<\/td><td>1 St\u00fcck<\/td><td>St\u00fctzring<\/td><td>\u00a0<\/td><\/tr><tr><td>05<\/td><td>\u00a0<\/td><td>1 St\u00fcck<\/td><td>Kugellager<\/td><td><span>Erh\u00e4ltlich im Lagersatz<\/span><\/td><\/tr><tr><td>06<\/td><td>\u00a0<\/td><td>1 St\u00fcck<\/td><td>Vorderes Geh\u00e4use<\/td><td>\u00a0<\/td><\/tr><tr><td>07<\/td><td>\u00a0<\/td><td>1 St\u00fcck<\/td><td>Nadel<\/td><td>\u00a0<\/td><\/tr><tr><td>08<\/td><td>\u00a0<\/td><td>3 St\u00fcck<\/td><td>Nadel<\/td><td>\u00a0<\/td><\/tr><tr><td>09<\/td><td>\u00a0<\/td><td>1 St\u00fcck<\/td><td>H\u00f6henlage<\/td><td>\u00a0<\/td><\/tr><tr><td>10<\/td><td>\u00a0<\/td><td>1 St\u00fcck<\/td><td>Tengely<\/td><td> <a href=\"https:\/\/transfercasepartshop.com\/de\/produkt\/bmw-de\/atc35l-de\/drehachse-fuer-die-lenkung-atc35l-atc45l\/\" target=\"_blank\" data-type=\"product\" data-id=\"390601\" rel=\"noreferrer noopener\">Drehachse f\u00fcr die Lenkung (ATC35L, ATC45L)<\/a><\/td><\/tr><tr><td>12<\/td><td>\u00a0<\/td><td>1 St\u00fcck<\/td><td>Nadellager<\/td><td> <span>Verf\u00fcgbar <\/span>im Lagersatz  <\/td><\/tr><tr><td>13<\/td><td>\u00a0<\/td><td>1 St\u00fcck<\/td><td>Kupplungskorb<\/td><td> <a href=\"https:\/\/transfercasepartshop.com\/de\/produkt\/bmw-de\/atc35l-de\/lenkungskupplungskorb-atc35l-hyundai-atc-maserati-atc\/\" target=\"_blank\" data-type=\"product\" data-id=\"390603\" rel=\"noreferrer noopener\">Lenkungskupplungskorb (ATC35L, Hyundai ATC, Maserati ATC)<\/a><\/td><\/tr><tr><td>14<\/td><td>\u00a0<\/td><td>2 St\u00fcck<\/td><td>Nadellager<\/td><td> <span>Verf\u00fcgbar <\/span>im Lagersatz  <\/td><\/tr><tr><td>15<\/td><td>\u00a0<\/td><td>1 St\u00fcck<\/td><td>H\u00f6henlage<\/td><td>\u00a0<\/td><\/tr><tr><td>16<\/td><td>\u00a0<\/td><td>1 St\u00fcck<\/td><td>St\u00fctzring<\/td><td>\u00a0<\/td><\/tr><tr><td>17<\/td><td>\u00a0<\/td><td>1 St\u00fcck<\/td><td>Satz Kupplungsscheiben<\/td><td> <a href=\"https:\/\/transfercasepartshop.com\/de\/produkt\/bmw-de\/atc35l-de\/kupplungsscheibe-atc45l-atc35l-hyundai-atc-maserati-atc\/\" target=\"_blank\" data-type=\"product\" data-id=\"390604\" rel=\"noreferrer noopener\">Kupplungsscheibe (ATC45L, ATC35L, Hyundai ATC, Maserati ATC)<\/a><\/td><\/tr><tr><td>18<\/td><td>\u00a0<\/td><td>10 St\u00fcck<\/td><td>Lamellen<\/td><td>\u00a0<\/td><\/tr><tr><td>19<\/td><td>\u00a0<\/td><td>9 St\u00fcck<\/td><td>Stahlplatte<\/td><td>\u00a0<\/td><\/tr><tr><td>20<\/td><td>\u00a0<\/td><td>3 St\u00fcck<\/td><td>Fr\u00fchling<\/td><td>\u00a0<\/td><\/tr><tr><td>21<\/td><td>\u00a0<\/td><td>1 St\u00fcck<\/td><td>Inhaltsverzeichnis<\/td><td> <a href=\"https:\/\/transfercasepartshop.com\/de\/produkt\/bmw-de\/atc35l-de\/satz-kunststoffteile-fuer-die-lenkung-atc35l\/\" data-type=\"URL\" data-id=\"https:\/\/transfercasepartshop.com\/hu\/bmw\/atc35l\/osztomu-muanyag-alkatresz-szett-atc35l\/\">Kunststoffteile f\u00fcr die Lenkung<\/a><\/td><\/tr><tr><td>22<\/td><td>\u00a0<\/td><td>1 St\u00fcck<\/td><td>Kupplungsscheibe<\/td><td>\u00a0<\/td><\/tr><tr><td>23<\/td><td>\u00a0<\/td><td>1 St\u00fcck<\/td><td>Inhaltsverzeichnis<\/td><td> <a href=\"https:\/\/transfercasepartshop.com\/de\/produkt\/bmw-de\/atc35l-de\/satz-kunststoffteile-fuer-die-lenkung-atc35l\/\" data-type=\"URL\" data-id=\"https:\/\/transfercasepartshop.com\/hu\/bmw\/atc35l\/osztomu-muanyag-alkatresz-szett-atc35l\/\">Kunststoffteile f\u00fcr die Lenkung<\/a><\/td><\/tr><tr><td>24<\/td><td>\u00a0<\/td><td>2 St\u00fcck<\/td><td>Nadellager<\/td><td> <span>Verf\u00fcgbar <\/span>im Lagersatz  <\/td><\/tr><tr><td>25<\/td><td>\u00a0<\/td><td>1 St\u00fcck<\/td><td>Kupplungsring der Welle<\/td><td> <a href=\"https:\/\/transfercasepartshop.com\/de\/produkt\/bmw-de\/atc35l-de\/lenkachsschalthebel-atc35l-atc45l-hyundai-atc-maserati-atc-2\/\" data-type=\"product\" data-id=\"390606\" target=\"_blank\" rel=\"noreferrer noopener\">Lenkachsschalthebel (ATC35L, ATC45L, Hyundai ATC, Maserati ATC)<\/a><\/td><\/tr><tr><td>26<\/td><td>\u00a0<\/td><td>3 St\u00fcck<\/td><td>Geschoss<\/td><td>\u00a0<\/td><\/tr><tr><td>27<\/td><td>\u00a0<\/td><td>1 St\u00fcck<\/td><td>Hebel der Wellenkupplung<\/td><td> <a href=\"https:\/\/transfercasepartshop.com\/de\/produkt\/bmw-de\/atc35l-de\/lenkachsschalthebel-atc35l-atc45l-hyundai-atc-maserati-atc\/\" target=\"_blank\" data-type=\"product\" data-id=\"390608\" rel=\"noreferrer noopener\">Lenkachsschalthebel (ATC35L, ATC45L, Hyundai ATC, Maserati ATC)<\/a><\/td><\/tr><tr><td>28<\/td><td>\u00a0<\/td><td>1 St\u00fcck<\/td><td>Ring<\/td><td> <a href=\"https:\/\/transfercasepartshop.com\/de\/produkt\/bmw-de\/atc35l-de\/schliesskreis-atc35l-atc45l-hyundai-atc-maserati-atc\/\" target=\"_blank\" data-type=\"product\" data-id=\"390611\" rel=\"noreferrer noopener\">Schlie\u00dfkreis (ATC35L, ATC45L, Hyundai ATC, Maserati ATC)<\/a><\/td><\/tr><tr><td>29<\/td><td>\u00a0<\/td><td>1 St\u00fcck<\/td><td>H\u00f6henlage<\/td><td>\u00a0<\/td><\/tr><tr><td>30<\/td><td>\u00a0<\/td><td>1 St\u00fcck<\/td><td>St\u00fctzring<\/td><td>\u00a0<\/td><\/tr><tr><td>31<\/td><td>\u00a0<\/td><td>1 St\u00fcck<\/td><td>Hinter dem Haus<\/td><td>\u00a0<\/td><\/tr><tr><td>32<\/td><td>\u00a0<\/td><td>7 St\u00fcck<\/td><td>Schraube<\/td><td>\u00a0<\/td><\/tr><tr><td>33<\/td><td>\u00a0<\/td><td>1 St\u00fcck<\/td><td>Kugellager<\/td><td> <span>Erh\u00e4ltlich <\/span>im Dichtungssatz  <\/td><\/tr><tr><td>34<\/td><td>27107546667<\/td><td>1 St\u00fcck<\/td><td>Radiale Dichtung<\/td><td> <span>Erh\u00e4ltlich <\/span>im Dichtungssatz  <\/td><\/tr><tr><td>35<\/td><td>27107597688<\/td><td>1 St\u00fcck<\/td><td>Staubschutzh\u00fclle<\/td><td>Informationen \u00fcber ATC35L: <br\/>Verwendet in 27108643150, 27108662968<\/td><\/tr><tr><td>36<\/td><td>\u00a0<\/td><td>1 St\u00fcck<\/td><td>Verl\u00e4ngerung der Hinterachse<\/td><td> <a href=\"https:\/\/transfercasepartshop.com\/de\/produkt\/bmw-de\/atc35l-de\/wellenverlaengerung-hinten-atc35l-atc450-atc45l\/\" target=\"_blank\" data-type=\"product\" data-id=\"390597\" rel=\"noreferrer noopener\">Wellenverl\u00e4ngerung hinten (ATC35L, ATC450, ATC45L)<\/a><\/td><\/tr><tr><td>37<\/td><td>27107599326<\/td><td>1 St\u00fcck<\/td><td>Dichtungs-O-Ring<\/td><td> <span>Erh\u00e4ltlich <\/span>im Dichtungssatz  <\/td><\/tr><tr><td>38<\/td><td>27107539525; <br\/>331381LA0A<\/td><td>1 St\u00fcck<\/td><td>St\u00fctzring<\/td><td><a href=\"https:\/\/transfercasepartshop.com\/de\/produkt\/bmw-de\/atc13-1-de\/verriegelungsring-atc35l-atc300-atc350-atc13-1-atc400-atc450-atc45l-atc500-atc700\/\" target=\"_blank\" data-type=\"product\" data-id=\"390511\" rel=\"noreferrer noopener\"> Verriegelungsring (ATC35L, ATC300, ATC350, ATC13-1, ATC400, ATC450, ATC45L, ATC500, ATC700)<\/a><\/td><\/tr><tr><td>39<\/td><td>\u00a0<\/td><td>2 St\u00fcck<\/td><td>Kegelf\u00f6rmiges Lager<\/td><td> <span>Verf\u00fcgbar <\/span>im Lagersatz  <\/td><\/tr><tr><td>40<\/td><td>\u00a0<\/td><td>1 St\u00fcck<\/td><td>Vordere Schallwand<\/td><td> <a href=\"https:\/\/transfercasepartshop.com\/de\/produkt\/bmw-de\/atc35l-de\/satz-kunststoffteile-fuer-die-lenkung-atc35l\/\" data-type=\"URL\" data-id=\"https:\/\/transfercasepartshop.com\/hu\/bmw\/atc35l\/osztomu-muanyag-alkatresz-szett-atc35l\/\">Kunststoffteile f\u00fcr die Lenkung<\/a><\/td><\/tr><tr><td>41<\/td><td>\u00a0<\/td><td>1 St\u00fcck<\/td><td>Zwischengetriebe<\/td><td> <a href=\"https:\/\/transfercasepartshop.com\/de\/produkt\/bmw-de\/atc35l-de\/zwischengetriebe-atc35l-hyundai-atc-maserati-atc\/\" target=\"_blank\" data-type=\"product\" data-id=\"390602\" rel=\"noreferrer noopener\">Zwischengetriebe (ATC35L, Hyundai ATC, Maserati ATC)<\/a><\/td><\/tr><tr><td>42<\/td><td>\u00a0<\/td><td>1 St\u00fcck<\/td><td>Hintere Schallwand<\/td><td> <a href=\"https:\/\/transfercasepartshop.com\/de\/produkt\/bmw-de\/atc35l-de\/satz-kunststoffteile-fuer-die-lenkung-atc35l\/\" data-type=\"URL\" data-id=\"https:\/\/transfercasepartshop.com\/hu\/bmw\/atc35l\/osztomu-muanyag-alkatresz-szett-atc35l\/\">Kunststoffteile f\u00fcr die Lenkung<\/a><\/td><\/tr><tr><td>43<\/td><td>\u00a0<\/td><td>1 St\u00fcck<\/td><td>Getriebeausgang<\/td><td> <a href=\"https:\/\/transfercasepartshop.com\/de\/produkt\/bmw-de\/atc35l-de\/vorderachsverlaengerung-atc35l-hyundai-atc-maserati-atc\/\" target=\"_blank\" data-type=\"product\" data-id=\"390612\" rel=\"noreferrer noopener\">Vorderachsverl\u00e4ngerung (ATC35L, Hyundai ATC, Maserati ATC)<\/a><\/td><\/tr><tr><td>44<\/td><td>\u00a0<\/td><td>2 St\u00fcck<\/td><td>Kugellager<\/td><td> <span>Verf\u00fcgbar <\/span>im Lagersatz  <\/td><\/tr><tr><td>45<\/td><td>\u00a0<\/td><td>1 St\u00fcck<\/td><td>Zentrierung der H\u00fclse<\/td><td>\u00a0<\/td><\/tr><tr><td>46<\/td><td>\u00a0<\/td><td>1 St\u00fcck<\/td><td>Magnet<\/td><td>\u00a0<\/td><\/tr><tr><td>47<\/td><td>\u00a0<\/td><td>1 St\u00fcck<\/td><td>Relais<\/td><td> <a href=\"https:\/\/transfercasepartshop.com\/de\/produkt\/bmw-de\/atc35l-de\/satz-kunststoffteile-fuer-die-lenkung-atc35l\/\" data-type=\"URL\" data-id=\"https:\/\/transfercasepartshop.com\/hu\/bmw\/atc35l\/osztomu-muanyag-alkatresz-szett-atc35l\/\">Kunststoffteile f\u00fcr die Lenkung<\/a><\/td><\/tr><tr><td>48<\/td><td>\u00a0<\/td><td>1 St\u00fcck<\/td><td>Relais<\/td><td> <a href=\"https:\/\/transfercasepartshop.com\/de\/produkt\/bmw-de\/atc35l-de\/satz-kunststoffteile-fuer-die-lenkung-atc35l\/\" data-type=\"URL\" data-id=\"https:\/\/transfercasepartshop.com\/hu\/bmw\/atc35l\/osztomu-muanyag-alkatresz-szett-atc35l\/\">Kunststoffteile f\u00fcr die Lenkung<\/a><\/td><\/tr><tr><td>49<\/td><td>\u00a0<\/td><td>1 St\u00fcck<\/td><td>Verl\u00e4ngerung der Vorderachse<\/td><td>\u00a0<\/td><\/tr><tr><td>50<\/td><td>27107625117<\/td><td>1 St\u00fcck<\/td><td>St\u00fctzring<\/td><td>\u00a0<\/td><\/tr><tr><td>51<\/td><td>27107537665<\/td><td>1 St\u00fcck<\/td><td>Staubschutzh\u00fclle<\/td><td>\u00a0<\/td><\/tr><tr><td>52<\/td><td>27107539266<\/td><td>1 St\u00fcck<\/td><td>Radiale Dichtung<\/td><td> <span>Erh\u00e4ltlich <\/span>im Dichtungssatz  <\/td><\/tr><tr><td>53<\/td><td>\u00a0<\/td><td>1 St\u00fcck<\/td><td>Nadellager<\/td><td> <span>Verf\u00fcgbar <\/span>im Lagersatz  <\/td><\/tr><tr><td>54<\/td><td>\u00a0<\/td><td>1 St\u00fcck<\/td><td>Drehwellenantrieb<\/td><td>\u00a0<\/td><\/tr><tr><td>55<\/td><td>\u00a0<\/td><td>1 St\u00fcck<\/td><td>Kugellager<\/td><td> <span>Verf\u00fcgbar <\/span>im Lagersatz  <\/td><\/tr><tr><td>56<\/td><td>\u00a0<\/td><td>1 St\u00fcck<\/td><td>St\u00fctzring<\/td><td>\u00a0<\/td><\/tr><tr><td>57<\/td><td>\u00a0<\/td><td>1 St\u00fcck<\/td><td>St\u00fctzring<\/td><td>\u00a0<\/td><\/tr><tr><td>58<\/td><td>27107593452<\/td><td>1 St\u00fcck<\/td><td>Radialer Dichtungsring<\/td><td> <span>Erh\u00e4ltlich <\/span>im Dichtungssatz  <\/td><\/tr><tr><td>59<\/td><td>27107593451;<br\/>  95834150100<\/td><td>1 St\u00fcck<\/td><td>Dichtungs-O-Ring<\/td><td> <span>Erh\u00e4ltlich <\/span>im Dichtungssatz  <\/td><\/tr><tr><td>60<\/td><td>27608643153<\/td><td>1 St\u00fcck<\/td><td>Wellenschalter Motor FlexRay<\/td><td>Informationen \u00fcber ATC350: Verwendet in 27107643750<br\/>  Informationen \u00fcber ATC35L:<br\/>  A 27108643149, 27108643150, 27108662300,<br\/>  27108662968 verwendet in Typen<br\/>  Informationen \u00fcber ATC450: Verwendet in 27107643753  <br\/>  Informationen \u00fcber ATC45L:<br\/>  Verwendet in 27108643151, 27108643152, 27107854164  <\/td><\/tr><tr><td>60<\/td><td>27607643762<\/td><td>1 St\u00fcck<\/td><td>Wellenschalter Motor CAN<\/td><td>Informationen zum ATC350:<br\/>  27107643748, 27107643749 verwendet in Typen verwendet in<br\/>  Informationen \u00fcber ATC35L:<br\/>  Verwendet in 27107643754, 27107643755<br\/>  Informationen \u00fcber ATC450:<br\/>  Verwendet in 27107643751, 27107643752<br\/>Informationen \u00fcber ATC45L:<br\/>  Verwendet in 27107643758, 27107643759<\/td><\/tr><tr><td>61<\/td><td>27107593450;<br\/>  673002351;<br\/>  90038507101;<br\/>  95834150200<\/td><td>2 St\u00fcck<\/td><td>Schraube<\/td><td>\u00a0<\/td><\/tr><tr><td>62<\/td><td>22316773125<\/td><td>1 St\u00fcck<\/td><td>Tank<\/td><td>Informationen \u00fcber ATC300:<br\/>  verwendet in 27107599690, 27107599693  <br\/>  Informationen zum ATC350: 27107643748 verwendet im Typ<br\/>  Informationen zum ATC35L: 27107643754 verwendet im Typ<\/td><\/tr><tr><td>62<\/td><td>22313422956<\/td><td>1 St\u00fcck<\/td><td>Tank<\/td><td>Informationen \u00fcber ATC300:<br\/>  Verwendet in 27107613153, 27107613152<br\/>  Informationen \u00fcber ATC350: Verwendet in 27107643749<br\/>  Informationen \u00fcber ATC35L: Verwendet in 27107643755<\/td><\/tr><tr><td>63<\/td><td>33117525064<\/td><td>1 St\u00fcck<\/td><td>Stecker<\/td><td> <span>Erh\u00e4ltlich <\/span>im Dichtungssatz  <\/td><\/tr><tr><td>65<\/td><td>332011LA0A<\/td><td>6 St\u00fcck<\/td><td>Schraube<\/td><td>\u00a0<\/td><\/tr><tr><td>66<\/td><td>\u00a0<\/td><td>1 St\u00fcck<\/td><td>O-Ring<\/td><td> <span>Erh\u00e4ltlich <\/span>im Dichtungssatz  <\/td><\/tr><tr><td>67<\/td><td>\u00a0<\/td><td>1 St\u00fcck<\/td><td>O-Ring<\/td><td> <span>Erh\u00e4ltlich <\/span>im Dichtungssatz  <\/td><\/tr><\/tbody><\/table><\/figure>","protected":false},"excerpt":{"rendered":"<p>Position OEM-Nummer Menge Name des Teils Kommentar &#8222;K01 \u00a0 1 St\u00fcck Lagersatz Splitterlagersatz (ATC35L, Hyundai ATC, Maserati ATC)Umfasst die Positionen 05, 12, 14, 24, 33, &#8230; <\/p>\n<p class=\"read-more-container\"><a title=\"ATC35L Schema \/ Teilekatalog\" class=\"read-more button\" href=\"https:\/\/transfercasepartshop.com\/de\/diagramme-aus\/atc35l-schema-teilekatalog\/#more-428019\" aria-label=\"Mehr Informationen \u00fcber ATC35L Schema \/ Teilekatalog\">Weiter Lesen<\/a><\/p>","protected":false},"author":7,"featured_media":419574,"parent":427996,"menu_order":0,"comment_status":"closed","ping_status":"closed","template":"","meta":{"_acf_changed":false,"footnotes":""},"class_list":{"0":"post-428019","1":"page","2":"type-page","3":"status-publish","4":"has-post-thumbnail","6":"infinite-scroll-item","7":"no-featured-image-padding","8":"resize-featured-image"},"acf":[],"_links":{"self":[{"href":"https:\/\/transfercasepartshop.com\/de\/wp-json\/wp\/v2\/pages\/428019","targetHints":{"allow":["GET"]}}],"collection":[{"href":"https:\/\/transfercasepartshop.com\/de\/wp-json\/wp\/v2\/pages"}],"about":[{"href":"https:\/\/transfercasepartshop.com\/de\/wp-json\/wp\/v2\/types\/page"}],"author":[{"embeddable":true,"href":"https:\/\/transfercasepartshop.com\/de\/wp-json\/wp\/v2\/users\/7"}],"replies":[{"embeddable":true,"href":"https:\/\/transfercasepartshop.com\/de\/wp-json\/wp\/v2\/comments?post=428019"}],"version-history":[{"count":0,"href":"https:\/\/transfercasepartshop.com\/de\/wp-json\/wp\/v2\/pages\/428019\/revisions"}],"up":[{"embeddable":true,"href":"https:\/\/transfercasepartshop.com\/de\/wp-json\/wp\/v2\/pages\/427996"}],"wp:featuredmedia":[{"embeddable":true,"href":"https:\/\/transfercasepartshop.com\/de\/wp-json\/wp\/v2\/media\/419574"}],"wp:attachment":[{"href":"https:\/\/transfercasepartshop.com\/de\/wp-json\/wp\/v2\/media?parent=428019"}],"curies":[{"name":"wp","href":"https:\/\/api.w.org\/{rel}","templated":true}]}}