{"id":428007,"date":"2024-03-06T08:07:35","date_gmt":"2024-03-06T07:07:35","guid":{"rendered":"https:\/\/transfercasepartshop.com\/diagramme-aus\/atc-450-schema-teilekatalog\/"},"modified":"2024-03-06T16:38:28","modified_gmt":"2024-03-06T15:38:28","slug":"atc-450-schema-teilekatalog","status":"publish","type":"page","link":"https:\/\/transfercasepartshop.com\/de\/diagramme-aus\/atc-450-schema-teilekatalog\/","title":{"rendered":"ATC-450 Schema \/ Teilekatalog"},"content":{"rendered":"<figure class=\"wp-block-table is-style-stripes\"><table><tbody><tr><td>\n<h3><strong>Position<\/strong><\/h3>\n<\/td><td>\n<h3><strong>OEM-Nummer<\/strong><\/h3>\n<\/td><td>\n<h3><strong>Menge<\/strong><\/h3>\n<\/td><td>\n<h3><strong>Name des Teils<\/strong><\/h3>\n<\/td><td>\n<h3><strong>Kommentar<\/strong><\/h3>\n<\/td><\/tr><tr><td>K01<\/td><td>\u00a0<\/td><td>1 St\u00fcck<\/td><td>Lagersatz<\/td><td><a href=\"https:\/\/transfercasepartshop.com\/de\/produkt\/bmw-de\/atc450-de\/splitterlagersatz-atc450\/\" data-type=\"product\" data-id=\"390595\" target=\"_blank\" rel=\"noreferrer noopener\">Splitterlagersatz (ATC450)<\/a><br\/>05, 12, 24, 33, 41, 53, 55 Positionen enthalten<\/td><\/tr><tr><td>K02<\/td><td>\u00a0<\/td><td>1 St\u00fcck<\/td><td>Dichtungssatz<\/td><td><a href=\"https:\/\/transfercasepartshop.com\/de\/produkt\/bmw-de\/atc450-de\/dichtungssatz-fuer-das-lenkgetriebe-atc450\/\" target=\"_blank\" rel=\"noreferrer noopener\">Dichtungssatz f\u00fcr das Lenkgetriebe (ATC450)<\/a><br\/>Umfasst die Positionen 01, 03, 34, 37, 52, 58, 59, 63<\/td><\/tr><tr><td>K05<\/td><td>27107595650<\/td><td>1 St\u00fcck<\/td><td>Schachtverl\u00e4ngerung hinten Satz<\/td><td><a href=\"https:\/\/transfercasepartshop.com\/de\/produkt\/bmw-de\/atc35l-de\/wellenverlaengerung-hinten-atc35l-atc450-atc45l\/\" target=\"_blank\" data-type=\"product\" data-id=\"390597\" rel=\"noreferrer noopener\">Wellenverl\u00e4ngerung hinten (ATC35L, ATC450, ATC45L)<\/a><br\/>36, 37, 38, enth\u00e4lt K20-Positionen<\/td><\/tr><tr><td>K10<\/td><td>\u00a0<\/td><td>1 St\u00fcck<\/td><td>Kettenf\u00fchrungsgleiterset<\/td><td><a href=\"https:\/\/transfercasepartshop.com\/de\/produkt\/vw-de\/pl72-t-2-de\/kettenfuehrungsgleiterset-pl72-t-pl72-atc-atc450-dcs\/\" data-type=\"product\" data-id=\"390588\" target=\"_blank\" rel=\"noreferrer noopener\">Kettenf\u00fchrungsgleiterset (PL72 T, PL72 ATC, ATC450, DCS)<\/a><br\/>70., 71. enth\u00e4lt Position Informationen f\u00fcr PL72 T Porsche: 95834102011, Informationen f\u00fcr PL72 T VW verwendet in 95834102012: 0BU341010M, 0BU341011C, 0BU341011K, 101M.<\/td><\/tr><tr><td>K11<\/td><td>\u00a0<\/td><td>1 St\u00fcck<\/td><td>Kupplungssatz<\/td><td><a href=\"https:\/\/transfercasepartshop.com\/de\/produkt\/porsche-de\/pl72-atc-de\/kupplungssatz-fuer-die-lenkung-atc350-atc450-pl72-atc\/\" data-type=\"product\" data-id=\"390579\" target=\"_blank\" rel=\"noreferrer noopener\">Kupplungssatz f\u00fcr die Lenkung (ATC350, ATC450, PL72 ATC)<\/a><br\/>Positionen 18, 19, 20, 21 eingeschlossen<\/td><\/tr><tr><td>K12<\/td><td>\u00a0<\/td><td>1 St\u00fcck<\/td><td>Schachtschalterset<\/td><td>enth\u00e4lt die Positionen 53, 54, 55, 56, 57<\/td><\/tr><tr><td>K20<\/td><td>27107546670<\/td><td>1 St\u00fcck<\/td><td>Untersetzer-Set<\/td><td>\u00a0<\/td><\/tr><tr><td>01<\/td><td>27107609202<\/td><td>1 St\u00fcck<\/td><td>O-Ring<\/td><td>\u00a0<\/td><\/tr><tr><td>02<\/td><td>\u00a0<\/td><td>1 St\u00fcck<\/td><td>Verriegelungsring<\/td><td>\u00a0<\/td><\/tr><tr><td>03<\/td><td>27107539262<\/td><td>1 St\u00fcck<\/td><td>Radiale Dichtung<\/td><td>\u00a0<\/td><\/tr><tr><td>04<\/td><td>\u00a0<\/td><td>1 St\u00fcck<\/td><td>Fixierring<\/td><td>\u00a0<\/td><\/tr><tr><td>05<\/td><td>\u00a0<\/td><td>1 St\u00fcck<\/td><td>Kugellager<\/td><td>\u00a0<\/td><\/tr><tr><td>06<\/td><td>\u00a0<\/td><td>1 St\u00fcck<\/td><td>Hausfassade<\/td><td>\u00a0<\/td><\/tr><tr><td>07<\/td><td>\u00a0<\/td><td>1 St\u00fcck<\/td><td>Nadel<\/td><td>\u00a0<\/td><\/tr><tr><td>08<\/td><td>\u00a0<\/td><td>1 St\u00fcck<\/td><td>Deflektor ASM<\/td><td> <a href=\"https:\/\/transfercasepartshop.com\/de\/produkt\/bmw-de\/atc450-de\/satz-kunststoffteile-fuer-die-lenkung-atc450\/\" data-type=\"URL\" data-id=\"https:\/\/transfercasepartshop.com\/hu\/bmw\/atc450\/osztomu-muanyag-alkatresz-szett-atc450\/\">Kunststoffteile f\u00fcr die Lenkung<\/a><\/td><\/tr><tr><td>09<\/td><td>\u00a0<\/td><td>1 St\u00fcck<\/td><td>Substratplatte<\/td><td>\u00a0<\/td><\/tr><tr><td>10<\/td><td>\u00a0<\/td><td>1 St\u00fcck<\/td><td>Eingangsachse<\/td><td> <a href=\"https:\/\/transfercasepartshop.com\/de\/produkt\/bmw-de\/atc450-de\/drehende-achse-der-lenkung-atc450\/\" target=\"_blank\" data-type=\"product\" data-id=\"390619\" rel=\"noreferrer noopener\">Drehende Achse der Lenkung (ATC450)<\/a><\/td><\/tr><tr><td>11<\/td><td>\u00a0<\/td><td>1 St\u00fcck<\/td><td>Kette<\/td><td> <a href=\"https:\/\/transfercasepartshop.com\/de\/produkt\/bmw-de\/atc450-de\/lenkungskette-atc450\/\" target=\"_blank\" data-type=\"product\" data-id=\"390616\" rel=\"noreferrer noopener\">Lenkungskette (ATC450)<\/a><\/td><\/tr><tr><td>12<\/td><td>\u00a0<\/td><td>1 St\u00fcck<\/td><td>Nadellager<\/td><td>\u00a0<\/td><\/tr><tr><td>13<\/td><td>\u00a0<\/td><td>1 St\u00fcck<\/td><td>ASM-Getriebe mit Trommelkupplung<\/td><td> <a href=\"https:\/\/transfercasepartshop.com\/de\/produkt\/bmw-de\/atc450-de\/lenkungskupplungskorb-atc450\/\" target=\"_blank\" data-type=\"product\" data-id=\"390622\" rel=\"noreferrer noopener\">Lenkungskupplungskorb (ATC450)<\/a><\/td><\/tr><tr><td>14<\/td><td>\u00a0<\/td><td>1 St\u00fcck<\/td><td>Hochdruckreiniger<\/td><td>\u00a0<\/td><\/tr><tr><td>15<\/td><td>\u00a0<\/td><td>1 St\u00fcck<\/td><td>Substratplatte<\/td><td>\u00a0<\/td><\/tr><tr><td>16<\/td><td>\u00a0<\/td><td>1 St\u00fcck<\/td><td>Einstellring<\/td><td>\u00a0<\/td><\/tr><tr><td>17<\/td><td>\u00a0<\/td><td>1 St\u00fcck<\/td><td>Nabe<\/td><td> <a href=\"https:\/\/transfercasepartshop.com\/de\/produkt\/porsche-de\/pl72-atc-de\/kupplungsscheibe-atc350-atc450-pl72-atc\/\" data-type=\"product\" data-id=\"390578\" target=\"_blank\" rel=\"noreferrer noopener\">  Kupplungsscheibe (ATC350, ATC450, PL72 ATC)<\/a><\/td><\/tr><tr><td>18<\/td><td>\u00a0<\/td><td>5 St\u00fcck<\/td><td>Tellerfeder<\/td><td>\u00a0<\/td><\/tr><tr><td>19<\/td><td>\u00a0<\/td><td>7 St\u00fcck<\/td><td>Lamellen<\/td><td>\u00a0<\/td><\/tr><tr><td>20<\/td><td>\u00a0<\/td><td>6 St\u00fcck<\/td><td>Stahlplatte<\/td><td>\u00a0<\/td><\/tr><tr><td>21<\/td><td>\u00a0<\/td><td>1 St\u00fcck<\/td><td>Lemez<\/td><td>\u00a0<\/td><\/tr><tr><td>22<\/td><td>\u00a0<\/td><td>1 St\u00fcck<\/td><td>St\u00f6\u00dfel<\/td><td>  <a href=\"https:\/\/transfercasepartshop.com\/de\/produkt\/porsche-de\/95b-de\/kupplungsscheibe-atc350-atc450-pl72-atc-95b\/\" data-type=\"product\" data-id=\"390574\" target=\"_blank\" rel=\"noreferrer noopener\">Kupplungsscheibe (ATC350, ATC450, PL72 ATC, 95B)<\/a><\/td><\/tr><tr><td>23<\/td><td>\u00a0<\/td><td>2 St\u00fcck<\/td><td>Substratplatte<\/td><td>\u00a0<\/td><\/tr><tr><td>24<\/td><td>\u00a0<\/td><td>2 St\u00fcck<\/td><td>Lagergeh\u00e4use und Rolle<\/td><td>\u00a0<\/td><\/tr><tr><td>25<\/td><td>\u00a0<\/td><td>1 St\u00fcck<\/td><td>Schachtschalter Ringkugel Rampe<\/td><td> <a href=\"https:\/\/transfercasepartshop.com\/de\/produkt\/bmw-de\/atc450-de\/lenkachsschalthebel-atc450\/\" target=\"_blank\" data-type=\"product\" data-id=\"390621\" rel=\"noreferrer noopener\">Lenkachsschalthebel (ATC450)<\/a><\/td><\/tr><tr><td>26<\/td><td>\u00a0<\/td><td>3 St\u00fcck<\/td><td>Geschoss<\/td><td>\u00a0<\/td><\/tr><tr><td>27<\/td><td>\u00a0<\/td><td>1 St\u00fcck<\/td><td>Schachtschalter Ringkugel Rampe<\/td><td><a href=\"https:\/\/transfercasepartshop.com\/de\/produkt\/bmw-de\/atc450-de\/lenkachsschalthebel-atc450-2\/\" target=\"_blank\" data-type=\"product\" data-id=\"390620\" rel=\"noreferrer noopener\">  Lenkachsschalthebel (ATC450)<\/a><\/td><\/tr><tr><td>28<\/td><td>\u00a0<\/td><td>1 St\u00fcck<\/td><td>Ring<\/td><td>  <a href=\"https:\/\/transfercasepartshop.com\/de\/produkt\/porsche-de\/95b-de\/schliesskreis-atc350-atc450-pl72-atc-95b\/\" data-type=\"product\" data-id=\"390576\" target=\"_blank\" rel=\"noreferrer noopener\">Schlie\u00dfkreis (ATC350, ATC450, PL72 ATC, 95B)<\/a><\/td><\/tr><tr><td>29<\/td><td>\u00a0<\/td><td>1 St\u00fcck<\/td><td>Substratplatte<\/td><td>\u00a0<\/td><\/tr><tr><td>30<\/td><td>\u00a0<\/td><td>1 St\u00fcck<\/td><td>Haus hinten<\/td><td>\u00a0<\/td><\/tr><tr><td>31<\/td><td>\u00a0<\/td><td>14 St\u00fcck<\/td><td>Schraube<\/td><td>\u00a0<\/td><\/tr><tr><td>32<\/td><td>\u00a0<\/td><td>1 St\u00fcck<\/td><td>Deflektor ASM<\/td><td> <a href=\"https:\/\/transfercasepartshop.com\/de\/produkt\/bmw-de\/atc450-de\/satz-kunststoffteile-fuer-die-lenkung-atc450\/\" data-type=\"URL\" data-id=\"https:\/\/transfercasepartshop.com\/hu\/bmw\/atc450\/osztomu-muanyag-alkatresz-szett-atc450\/\">Kunststoffteile f\u00fcr die Lenkung<\/a><\/td><\/tr><tr><td>33<\/td><td>\u00a0<\/td><td>1 St\u00fcck<\/td><td>Kugellager<\/td><td>\u00a0<\/td><\/tr><tr><td>34<\/td><td>27107546667<\/td><td>1 St\u00fcck<\/td><td>Radiale Dichtung<\/td><td>\u00a0<\/td><\/tr><tr><td>35<\/td><td>27107597688<\/td><td>1 St\u00fcck<\/td><td>Staubschutzh\u00fclle<\/td><td>\u00a0<\/td><\/tr><tr><td>36<\/td><td>\u00a0<\/td><td>1 St\u00fcck<\/td><td>Achsverl\u00e4ngerung hinten<\/td><td>\u00a0<\/td><\/tr><tr><td>37<\/td><td>27107599326<\/td><td>1 St\u00fcck<\/td><td>Dichtungs-O-Ring<\/td><td>\u00a0<\/td><\/tr><tr><td>38<\/td><td>27107539525; 331381LA0A<\/td><td>1 St\u00fcck<\/td><td>Fixierring<\/td><td> <a href=\"https:\/\/transfercasepartshop.com\/de\/produkt\/bmw-de\/atc13-1-de\/verriegelungsring-atc35l-atc300-atc350-atc13-1-atc400-atc450-atc45l-atc500-atc700\/\" target=\"_blank\" data-type=\"product\" data-id=\"390511\" rel=\"noreferrer noopener\">Verriegelungsring (ATC35L, ATC300, ATC350, ATC13-1, ATC400, ATC450, ATC45L, ATC500, ATC700)<\/a><\/td><\/tr><tr><td>40<\/td><td>\u00a0<\/td><td>1 St\u00fcck<\/td><td>Rohre ASM<\/td><td> <a href=\"https:\/\/transfercasepartshop.com\/de\/produkt\/bmw-de\/atc450-de\/satz-kunststoffteile-fuer-die-lenkung-atc450\/\" data-type=\"URL\" data-id=\"https:\/\/transfercasepartshop.com\/hu\/bmw\/atc450\/osztomu-muanyag-alkatresz-szett-atc450\/\">Kunststoffteile f\u00fcr die Lenkung<\/a><\/td><\/tr><tr><td>41<\/td><td>\u00a0<\/td><td>2 St\u00fcck<\/td><td>Kugellager<\/td><td>\u00a0<\/td><\/tr><tr><td>43<\/td><td>\u00a0<\/td><td>1 St\u00fcck<\/td><td>Leistung des Ritzels<\/td><td> <a href=\"https:\/\/transfercasepartshop.com\/de\/produkt\/bmw-de\/atc450-de\/wellenverlaengerung-atc450\/\" target=\"_blank\" data-type=\"product\" data-id=\"390544\" rel=\"noreferrer noopener\">Wellenverl\u00e4ngerung (ATC450)<\/a><\/td><\/tr><tr><td>44<\/td><td>\u00a0<\/td><td>2 St\u00fcck<\/td><td>Schraube<\/td><td>\u00a0<\/td><\/tr><tr><td>45<\/td><td>\u00a0<\/td><td>2 St\u00fcck<\/td><td>Nadel<\/td><td>\u00a0<\/td><\/tr><tr><td>46<\/td><td>05143630AA; A2102760098<\/td><td>1 St\u00fcck<\/td><td>Magnet<\/td><td>\u00a0<\/td><\/tr><tr><td>47<\/td><td>\u00a0<\/td><td>1 St\u00fcck<\/td><td>Kettenf\u00fchrungsschlitten<\/td><td>\u00a0<\/td><\/tr><tr><td>48<\/td><td>\u00a0<\/td><td>1 St\u00fcck<\/td><td>Fixierring<\/td><td>\u00a0<\/td><\/tr><tr><td>49<\/td><td>27107539212<\/td><td>1 St\u00fcck<\/td><td>Staubschutzh\u00fclle<\/td><td><a href=\"https:\/\/transfercasepartshop.com\/de\/produkt\/bmw-de\/atc450-de\/staubschutzhaube-atc450-atc500-atc700\/\" target=\"_blank\" data-type=\"product\" data-id=\"390506\" rel=\"noreferrer noopener\">  Staubschutzhaube (ATC450, ATC500, ATC700)<\/a><\/td><\/tr><tr><td>52<\/td><td>27107539266<\/td><td>1 St\u00fcck<\/td><td>Radiale Dichtung<\/td><td>\u00a0<\/td><\/tr><tr><td>53<\/td><td>\u00a0<\/td><td>1 St\u00fcck<\/td><td>Nadellager<\/td><td>\u00a0<\/td><\/tr><tr><td>54<\/td><td>\u00a0<\/td><td>1 St\u00fcck<\/td><td>Achsschalter<\/td><td>\u00a0<\/td><\/tr><tr><td>55<\/td><td>\u00a0<\/td><td>1 St\u00fcck<\/td><td>Kugellager<\/td><td>\u00a0<\/td><\/tr><tr><td>56<\/td><td>\u00a0<\/td><td>1 St\u00fcck<\/td><td>Fixierring<\/td><td>\u00a0<\/td><\/tr><tr><td>57<\/td><td>\u00a0<\/td><td>1 St\u00fcck<\/td><td>Fixierring<\/td><td>\u00a0<\/td><\/tr><tr><td>58<\/td><td>27107593452<\/td><td>1 St\u00fcck<\/td><td>Radialer Dichtungsring<\/td><td>\u00a0<\/td><\/tr><tr><td>59<\/td><td>27107593451; 95834150100<\/td><td>1 St\u00fcck<\/td><td>Dichtungs-O-Ring<\/td><td>\u00a0<\/td><\/tr><tr><td>60<\/td><td>\u00a0<\/td><td>1 St\u00fcck<\/td><td>Kupplungsmotor<\/td><td>\u00a0<\/td><\/tr><tr><td>61<\/td><td>27107593450; 673002351; 90038507101; 95834150200<\/td><td>2 St\u00fcck<\/td><td>Schraube<\/td><td>\u00a0<\/td><\/tr><tr><td>63<\/td><td>33117525064<\/td><td>2 St\u00fcck<\/td><td>Stecker<\/td><td>\u00a0<\/td><\/tr><tr><td>70<\/td><td><\/td><td>1 St\u00fcck<\/td><td>Kettenf\u00fchrungsschlitten<\/td><td><a href=\"https:\/\/transfercasepartshop.com\/de\/produkt\/bmw-de\/atc450-de\/satz-kunststoffteile-fuer-die-lenkung-atc450\/\" data-type=\"URL\" data-id=\"https:\/\/transfercasepartshop.com\/hu\/bmw\/atc450\/osztomu-muanyag-alkatresz-szett-atc450\/\">Kunststoffteile f\u00fcr die Lenkung<\/a><\/td><\/tr><tr><td>71<\/td><td><\/td><td>2 St\u00fcck<\/td><td>Schraube<\/td><td><\/td><\/tr><tr><td><\/td><td>00004330136;<br\/>00004330563;<br\/>83220397244;<br\/>83222409710<\/td><td>1 St\u00fcck<\/td><td>Getriebe\u00f6l<\/td><td><\/td><\/tr><tr><td><\/td><td><\/td><td>1 St\u00fcck<\/td><td>F\u00fcllstoff<\/td><td><\/td><\/tr><\/tbody><\/table><\/figure>","protected":false},"excerpt":{"rendered":"<p>Position OEM-Nummer Menge Name des Teils Kommentar K01 \u00a0 1 St\u00fcck Lagersatz Splitterlagersatz (ATC450)05, 12, 24, 33, 41, 53, 55 Positionen enthalten K02 \u00a0 1 &#8230; <\/p>\n<p class=\"read-more-container\"><a title=\"ATC-450 Schema \/ Teilekatalog\" class=\"read-more button\" href=\"https:\/\/transfercasepartshop.com\/de\/diagramme-aus\/atc-450-schema-teilekatalog\/#more-428007\" aria-label=\"Mehr Informationen \u00fcber ATC-450 Schema \/ Teilekatalog\">Weiter Lesen<\/a><\/p>","protected":false},"author":7,"featured_media":419613,"parent":427996,"menu_order":0,"comment_status":"closed","ping_status":"closed","template":"","meta":{"_acf_changed":false,"footnotes":""},"class_list":{"0":"post-428007","1":"page","2":"type-page","3":"status-publish","4":"has-post-thumbnail","6":"infinite-scroll-item","7":"no-featured-image-padding","8":"resize-featured-image"},"acf":[],"_links":{"self":[{"href":"https:\/\/transfercasepartshop.com\/de\/wp-json\/wp\/v2\/pages\/428007","targetHints":{"allow":["GET"]}}],"collection":[{"href":"https:\/\/transfercasepartshop.com\/de\/wp-json\/wp\/v2\/pages"}],"about":[{"href":"https:\/\/transfercasepartshop.com\/de\/wp-json\/wp\/v2\/types\/page"}],"author":[{"embeddable":true,"href":"https:\/\/transfercasepartshop.com\/de\/wp-json\/wp\/v2\/users\/7"}],"replies":[{"embeddable":true,"href":"https:\/\/transfercasepartshop.com\/de\/wp-json\/wp\/v2\/comments?post=428007"}],"version-history":[{"count":0,"href":"https:\/\/transfercasepartshop.com\/de\/wp-json\/wp\/v2\/pages\/428007\/revisions"}],"up":[{"embeddable":true,"href":"https:\/\/transfercasepartshop.com\/de\/wp-json\/wp\/v2\/pages\/427996"}],"wp:featuredmedia":[{"embeddable":true,"href":"https:\/\/transfercasepartshop.com\/de\/wp-json\/wp\/v2\/media\/419613"}],"wp:attachment":[{"href":"https:\/\/transfercasepartshop.com\/de\/wp-json\/wp\/v2\/media?parent=428007"}],"curies":[{"name":"wp","href":"https:\/\/api.w.org\/{rel}","templated":true}]}}