{"id":427974,"date":"2024-03-06T07:46:25","date_gmt":"2024-03-06T06:46:25","guid":{"rendered":"https:\/\/transfercasepartshop.com\/?page_id=427974"},"modified":"2024-10-09T13:05:39","modified_gmt":"2024-10-09T11:05:39","slug":"ueber-uns","status":"publish","type":"page","link":"https:\/\/transfercasepartshop.com\/de\/ueber-uns\/","title":{"rendered":"\u00dcber uns"},"content":{"rendered":"<section class=\"gb-container gb-container-b1c03690\"><div class=\"gb-inside-container\">\n<h2 class=\"gb-headline gb-headline-2e0c029d gb-headline-text\"><\/h2>\n<\/div><\/section><div class=\"gb-container gb-container-4239d87c\"><div class=\"gb-inside-container\">\n<h1 class=\"gb-headline gb-headline-f752c736 gb-headline-text\"><strong>T.C.P. \u2013 Transfer Case Part<\/strong><\/h1>\n\n<p class=\"gb-headline gb-headline-6a8a0beb gb-headline-text\">Willkommen auf der Seite von TCP. Wenn Sie uns hier gefunden haben, wissen Sie, dass wir ein H\u00e4ndler f\u00fcr Verteilergetriebe und deren Teile sind.. All dies tun wir innerhalb Europas und\u00a0allein in Ungarn. Unser Webshop ist nicht nur f\u00fcr private K\u00e4ufer, sondern auch f\u00fcr den Wiederverkauf von Teilen. Alle unsere Produkte werden nach einer strengen Qualit\u00e4tskontrolle auf unserer Website aufgef\u00fchrt und von den Unternehmen bezogen, die die Verteilergetriebe herstellen.<br><br>Wenn Sie ein Verteilergetriebe reparieren oder umbauen, versuchen Sie bitte immer, Werksteile zu verwenden, denn nur so erhalten Sie die\u00a0die <strong>richtige Qualit\u00e4t<\/strong>.<\/p>\n\n<h2 class=\"gb-headline gb-headline-3d545495 gb-headline-text\"><strong>T.C.P. WISSENSBASIS<\/strong><\/h2>\n\n<p class=\"gb-headline gb-headline-ada2eaff gb-headline-text\">Die meisten Automobilhersteller bieten eine Reihe von 4&#215;4-Fahrzeugen an, bei denen das Verteilergetriebe ein wichtiges Glied in der Kette ist. Je nach den Fahreigenschaften des Fahrzeugs werden unterschiedliche Typen verwendet. Einige sind ketten- und andere getriebeangetrieben, aber viele moderne Autos haben heute so genannte aktive Verteilergetriebe mit ATC-Markierung. Sie werden von den Herstellern von Premium-Automobilen (BMW, Mercedes, Audi, Porsche, Maseratti usw.) verwendet und sind als intelligenter Allradantrieb bekannt. Nat\u00fcrlich haben wir auch ein Auge auf neue Innovationen und Herstellungsverfahren, weshalb wir wissen, dass die Lebensdauer eines Nachr\u00fcstteils und eines Werksteils nicht die gleiche ist.\u00a0Bei Verteilergetriebe-Ketten hat die Zugfestigkeit und Hitzebest\u00e4ndigkeit des verwendeten Materials eine Bedeutung. Zum Beispiel die \u00d6lbest\u00e4ndigkeit und W\u00e4rmebelastbarkeit der Lamellen in Kuplungen, die in den Verteilergetrieben zu finden sind, erfordern ein spezielles \u00d6l, um eine l\u00e4ngere Lebensdauer zu erreichen. Bei Simmerringen in Verteilergetrieben ist die Wahl des richtigen Materials von entscheidender Bedeutung, da das Drehmoment auf die rotierenden Wellen enorm ist. Um \u00d6laustritt zu vermeiden, sollten die richtigen Qualit\u00e4ts-\u00d6ldichtungen eingebaut werden. Um es zusammenzufassen:\u00a0DER <strong>WIEDERAUFBAU EINES VERTEILERGETRIEBES IST NUR MIT DEN RICHTIGEN TEILEN M\u00d6GLICH<\/strong>!<\/p>\n\n<p class=\"gb-headline gb-headline-24954309 gb-headline-text\">Wir sind bestrebt, die von Ihnen bestellten Produkte innerhalb kurzer Zeit an jeden Ort in Europa zu liefern, damit Sie sie effektiv nutzen und damit arbeiten k\u00f6nnen. Nat\u00fcrlich gelten die Herstellergarantien auch f\u00fcr die von uns vertriebenen Teile, wenn die Einbaubedingungen stimmen.<\/p>\n\n<p class=\"gb-headline gb-headline-0b5645f4 gb-headline-text\">Wenn Sie bei uns f\u00fcr den Wiederverkauf kaufen m\u00f6chten, senden Sie uns bitte eine E-Mail f\u00fcr ein individuelles Angebot. Vielen Dank, dass Sie unsere Vorstellung gelesen haben.<\/p>\n\n<p class=\"gb-headline gb-headline-c1528a09 gb-headline-text\">Wir hoffen, dass Sie bald zu unserer zufriedenen Kunden geh\u00f6ren werden!<\/p>\n<\/div><\/div>","protected":false},"excerpt":{"rendered":"<p>T.C.P. \u2013 Transfer Case Part Willkommen auf der Seite von TCP. Wenn Sie uns hier gefunden haben, wissen Sie, dass wir ein H\u00e4ndler f\u00fcr Verteilergetriebe &#8230; <\/p>\n<p class=\"read-more-container\"><a title=\"\u00dcber uns\" class=\"read-more button\" href=\"https:\/\/transfercasepartshop.com\/de\/ueber-uns\/#more-427974\" aria-label=\"Mehr Informationen \u00fcber \u00dcber uns\">Weiter Lesen<\/a><\/p>","protected":false},"author":2,"featured_media":0,"parent":0,"menu_order":0,"comment_status":"closed","ping_status":"closed","template":"","meta":{"_acf_changed":false,"footnotes":""},"class_list":{"0":"post-427974","1":"page","2":"type-page","3":"status-publish","5":"infinite-scroll-item","6":"no-featured-image-padding"},"acf":[],"_links":{"self":[{"href":"https:\/\/transfercasepartshop.com\/de\/wp-json\/wp\/v2\/pages\/427974","targetHints":{"allow":["GET"]}}],"collection":[{"href":"https:\/\/transfercasepartshop.com\/de\/wp-json\/wp\/v2\/pages"}],"about":[{"href":"https:\/\/transfercasepartshop.com\/de\/wp-json\/wp\/v2\/types\/page"}],"author":[{"embeddable":true,"href":"https:\/\/transfercasepartshop.com\/de\/wp-json\/wp\/v2\/users\/2"}],"replies":[{"embeddable":true,"href":"https:\/\/transfercasepartshop.com\/de\/wp-json\/wp\/v2\/comments?post=427974"}],"version-history":[{"count":0,"href":"https:\/\/transfercasepartshop.com\/de\/wp-json\/wp\/v2\/pages\/427974\/revisions"}],"wp:attachment":[{"href":"https:\/\/transfercasepartshop.com\/de\/wp-json\/wp\/v2\/media?parent=427974"}],"curies":[{"name":"wp","href":"https:\/\/api.w.org\/{rel}","templated":true}]}}