{"id":389588,"date":"2021-08-24T22:17:23","date_gmt":"2021-08-24T20:17:23","guid":{"rendered":"https:\/\/transfercasepartshop.com\/\/?page_id=389588"},"modified":"2024-10-03T13:21:07","modified_gmt":"2024-10-03T11:21:07","slug":"fizetesi-informaciok","status":"publish","type":"page","link":"https:\/\/transfercasepartshop.com\/de\/fizetesi-informaciok\/","title":{"rendered":"Fizet\u00e9si inform\u00e1ci\u00f3k"},"content":{"rendered":"<script id=\"barat_script\">var st = document.createElement(\"script\");st.src = \"\/\/admin.fogyasztobarat.hu\/e-api.js\";st.type = \"text\/javascript\";st.setAttribute(\"data-id\", \"JBO67HQZ\");st.setAttribute(\"id\", \"fbarat-embed\");st.setAttribute(\"data-type\", \"pm\");var s = document.getElementById(\"barat_script\");s.parentNode.insertBefore(st, s);<\/script><p><\/p>","protected":false},"excerpt":{"rendered":"","protected":false},"author":2,"featured_media":0,"parent":0,"menu_order":0,"comment_status":"closed","ping_status":"closed","template":"","meta":{"_acf_changed":false,"footnotes":""},"class_list":{"0":"post-389588","1":"page","2":"type-page","3":"status-publish","5":"infinite-scroll-item","6":"no-featured-image-padding"},"acf":[],"_links":{"self":[{"href":"https:\/\/transfercasepartshop.com\/de\/wp-json\/wp\/v2\/pages\/389588","targetHints":{"allow":["GET"]}}],"collection":[{"href":"https:\/\/transfercasepartshop.com\/de\/wp-json\/wp\/v2\/pages"}],"about":[{"href":"https:\/\/transfercasepartshop.com\/de\/wp-json\/wp\/v2\/types\/page"}],"author":[{"embeddable":true,"href":"https:\/\/transfercasepartshop.com\/de\/wp-json\/wp\/v2\/users\/2"}],"replies":[{"embeddable":true,"href":"https:\/\/transfercasepartshop.com\/de\/wp-json\/wp\/v2\/comments?post=389588"}],"version-history":[{"count":0,"href":"https:\/\/transfercasepartshop.com\/de\/wp-json\/wp\/v2\/pages\/389588\/revisions"}],"wp:attachment":[{"href":"https:\/\/transfercasepartshop.com\/de\/wp-json\/wp\/v2\/media?parent=389588"}],"curies":[{"name":"wp","href":"https:\/\/api.w.org\/{rel}","templated":true}]}}